{"id":12774,"date":"2021-04-11T16:26:16","date_gmt":"2021-04-11T16:26:16","guid":{"rendered":"https:\/\/www.tucantex.com\/personalisierte-schuerzen\/"},"modified":"2021-04-26T17:50:10","modified_gmt":"2021-04-26T17:50:10","slug":"personalisierte-schuerzen","status":"publish","type":"page","link":"https:\/\/www.tucantex.com\/de\/personalisierte-schuerzen\/","title":{"rendered":"Personalisierte Sch\u00fcrzen"},"content":{"rendered":"<p>[vc_row][vc_column][vc_separator color=&#8220;custom&#8220; border_width=&#8220;2&#8243; el_width=&#8220;60&#8243; accent_color=&#8220;#d6b981&#8243; css=&#8220;.vc_custom_1617128545463{padding-top: 40px !important;}&#8220;][\/vc_column][\/vc_row][vc_row][vc_column][vc_column_text css=&#8220;.vc_custom_1617182794858{margin-right: 100px !important;margin-bottom: 100px !important;margin-left: 100px !important;padding-top: 60px !important;}&#8220;]<\/p>\n<p style=\"text-align: center;\"><span style=\"font-size: 14.0pt;\">Personalisierte K\u00fcchensch\u00fcrzen f\u00fcr eine Werbeaktion oder als Firmengeschenk.<\/span><\/p>\n<p>[\/vc_column_text][\/vc_column][\/vc_row][vc_row css=&#8220;.vc_custom_1617133056629{margin-top: -60px !important;margin-bottom: 30px !important;padding-right: 40px !important;padding-left: 40px !important;}&#8220;][vc_column width=&#8220;1\/3&#8243;][vc_single_image image=&#8220;12178&#8243; img_size=&#8220;full&#8220; alignment=&#8220;center&#8220;][\/vc_column][vc_column width=&#8220;1\/3&#8243;][vc_single_image image=&#8220;12021&#8243; img_size=&#8220;full&#8220; alignment=&#8220;center&#8220;][\/vc_column][vc_column width=&#8220;1\/3&#8243;][vc_single_image image=&#8220;12018&#8243; img_size=&#8220;full&#8220; alignment=&#8220;center&#8220;][\/vc_column][\/vc_row][vc_row css=&#8220;.vc_custom_1617133056629{margin-top: -60px !important;margin-bottom: 30px !important;padding-right: 40px !important;padding-left: 40px !important;}&#8220;][vc_column width=&#8220;1\/3&#8243;][\/vc_column][vc_column width=&#8220;1\/3&#8243;][vc_empty_space height=&#8220;40px&#8220;][vc_column_text]<\/p>\n<h3 style=\"text-align: center;\">PERSONALISIERTE SCH\u00dcRZE<\/h3>\n<p>[\/vc_column_text][vc_column_text]<\/p>\n<ul>\n<li style=\"text-align: justify;\">Ma\u00dfe 60&#215;80 cms.<\/li>\n<li style=\"text-align: justify;\">Qualit\u00e4t 220 gr.\/m2<\/li>\n<li>Zusammensetzung 100 % rPET<\/li>\n<\/ul>\n<p>[\/vc_column_text][\/vc_column][vc_column width=&#8220;1\/3&#8243;][\/vc_column][\/vc_row][vc_row row_content_width=&#8220;grid&#8220; css=&#8220;.vc_custom_1586389454900{padding-top: 0px !important;padding-bottom: 80px !important;}&#8220;][vc_column][mkdf_elements_holder holder_full_height=&#8220;no&#8220; number_of_columns=&#8220;one-column&#8220; switch_to_one_column=&#8220;&#8220; alignment_one_column=&#8220;&#8220;][mkdf_elements_holder_item horizontal_alignment=&#8220;center&#8220; item_padding=&#8220;0px 24% 78px&#8220; item_padding_1280_1600=&#8220;0px 20% 78px&#8220; item_padding_1024_1280=&#8220;0px 18% 78px&#8220; item_padding_768_1024=&#8220;0px 5% 78px&#8220; item_padding_680_768=&#8220;0px 0 78px&#8220; item_padding_680=&#8220;0px 0 78px&#8220;][vc_separator color=&#8220;custom&#8220; el_width=&#8220;50&#8243; accent_color=&#8220;#cba65a&#8220; css=&#8220;.vc_custom_1586388973200{margin-top: 30px !important;margin-bottom: 60px !important;}&#8220;][mkdf_section_title type=&#8220;standard&#8220; position=&#8220;center&#8220; separator=&#8220;no&#8220; title_tag=&#8220;&#8220; disable_break_words=&#8220;no&#8220; image=&#8220;88&#8243; title=&#8220;Fordern Sie Ihr Budget an&#8220;][vc_empty_space height=&#8220;45px&#8220;]\n<div class=\"wpcf7 no-js\" id=\"wpcf7-f7848-o1\" lang=\"en-US\" dir=\"ltr\" data-wpcf7-id=\"7848\">\n<div class=\"screen-reader-response\"><p role=\"status\" aria-live=\"polite\" aria-atomic=\"true\"><\/p> <ul><\/ul><\/div>\n<form action=\"\/de\/wp-json\/wp\/v2\/pages\/12774#wpcf7-f7848-o1\" method=\"post\" class=\"wpcf7-form init\" aria-label=\"Contact form\" novalidate=\"novalidate\" data-status=\"init\">\n<div style=\"display: none;\">\n<input type=\"hidden\" name=\"_wpcf7\" value=\"7848\" \/>\n<input type=\"hidden\" name=\"_wpcf7_version\" value=\"6.0.5\" \/>\n<input type=\"hidden\" name=\"_wpcf7_locale\" value=\"en_US\" \/>\n<input type=\"hidden\" name=\"_wpcf7_unit_tag\" value=\"wpcf7-f7848-o1\" \/>\n<input type=\"hidden\" name=\"_wpcf7_container_post\" value=\"0\" \/>\n<input type=\"hidden\" name=\"_wpcf7_posted_data_hash\" value=\"\" \/>\n<\/div>\n<p><span class=\"wpcf7-form-control-wrap\" data-name=\"your-name\"><input size=\"40\" maxlength=\"400\" class=\"wpcf7-form-control wpcf7-text wpcf7-validates-as-required\" aria-required=\"true\" aria-invalid=\"false\" placeholder=\"Ihr Name*\" value=\"\" type=\"text\" name=\"your-name\" \/><\/span>\n<\/p>\n<p><span class=\"wpcf7-form-control-wrap\" data-name=\"your-email\"><input size=\"40\" maxlength=\"400\" class=\"wpcf7-form-control wpcf7-email wpcf7-validates-as-required wpcf7-text wpcf7-validates-as-email\" aria-required=\"true\" aria-invalid=\"false\" placeholder=\"Ihre E-Mail-Adresse*\" value=\"\" type=\"email\" name=\"your-email\" \/><\/span>\n<\/p>\n<p><span class=\"wpcf7-form-control-wrap\" data-name=\"tel-843\"><input size=\"40\" maxlength=\"400\" class=\"wpcf7-form-control wpcf7-tel wpcf7-validates-as-required wpcf7-text wpcf7-validates-as-tel\" aria-required=\"true\" aria-invalid=\"false\" placeholder=\"Telefon*\" value=\"\" type=\"tel\" name=\"tel-843\" \/><\/span>\n<\/p>\n<p><span class=\"wpcf7-form-control-wrap\" data-name=\"your-empresa\"><input size=\"40\" maxlength=\"400\" class=\"wpcf7-form-control wpcf7-text\" aria-invalid=\"false\" value=\"Firmenname\" type=\"text\" name=\"your-empresa\" \/><\/span>\n<\/p>\n<p><span class=\"wpcf7-form-control-wrap\" data-name=\"your-sector\"><input size=\"40\" maxlength=\"400\" class=\"wpcf7-form-control wpcf7-text\" aria-invalid=\"false\" value=\"Sektor\" type=\"text\" name=\"your-sector\" \/><\/span>\n<\/p>\n<p><span class=\"wpcf7-form-control-wrap\" data-name=\"your-message\"><textarea cols=\"40\" rows=\"10\" maxlength=\"2000\" class=\"wpcf7-form-control wpcf7-textarea\" aria-invalid=\"false\" placeholder=\"Nachricht\" name=\"your-message\"><\/textarea><\/span>\n<\/p>\n<div class=\"mkdf-contact-form-submit\" style=\"margin: 5px 0 0 3px\">\n\t<p><input class=\"wpcf7-form-control wpcf7-submit has-spinner\" type=\"submit\" value=\"Senden\" \/><br \/>\n<span class=\"mkdf-btn-borders-holder\"><\/span>\n\t<\/p>\n<\/div><p style=\"display: none !important;\" class=\"akismet-fields-container\" data-prefix=\"_wpcf7_ak_\"><label>&#916;<textarea name=\"_wpcf7_ak_hp_textarea\" cols=\"45\" rows=\"8\" maxlength=\"100\"><\/textarea><\/label><input type=\"hidden\" id=\"ak_js_1\" name=\"_wpcf7_ak_js\" value=\"6\"\/><script>document.getElementById( \"ak_js_1\" ).setAttribute( \"value\", ( new Date() ).getTime() );<\/script><\/p><div class=\"wpcf7-response-output\" aria-hidden=\"true\"><\/div>\n<\/form>\n<\/div>\n[\/mkdf_elements_holder_item][\/mkdf_elements_holder][\/vc_column][\/vc_row]<\/p>\n","protected":false},"excerpt":{"rendered":"<p>[vc_row][vc_column][vc_separator color=&#8220;custom&#8220; border_width=&#8220;2&#8243; el_width=&#8220;60&#8243; accent_color=&#8220;#d6b981&#8243; css=&#8220;.vc_custom_1617128545463{padding-top: 40px !important;}&#8220;][\/vc_column][\/vc_row][vc_row][vc_column][vc_column_text css=&#8220;.vc_custom_1617182794858{margin-right: 100px !important;margin-bottom: 100px !important;margin-left: 100px !important;padding-top: 60px !important;}&#8220;] Personalisierte K\u00fcchensch\u00fcrzen f\u00fcr [&hellip;]<\/p>\n","protected":false},"author":2,"featured_media":0,"parent":0,"menu_order":0,"comment_status":"closed","ping_status":"closed","template":"","meta":{"site-sidebar-layout":"default","site-content-layout":"","ast-site-content-layout":"","site-content-style":"default","site-sidebar-style":"default","ast-global-header-display":"","ast-banner-title-visibility":"","ast-main-header-display":"","ast-hfb-above-header-display":"","ast-hfb-below-header-display":"","ast-hfb-mobile-header-display":"","site-post-title":"","ast-breadcrumbs-content":"","ast-featured-img":"","footer-sml-layout":"","theme-transparent-header-meta":"","adv-header-id-meta":"","stick-header-meta":"","header-above-stick-meta":"","header-main-stick-meta":"","header-below-stick-meta":"","astra-migrate-meta-layouts":"default","ast-page-background-enabled":"default","ast-page-background-meta":{"desktop":{"background-color":"var(--ast-global-color-5)","background-image":"","background-repeat":"repeat","background-position":"center center","background-size":"auto","background-attachment":"scroll","background-type":"","background-media":"","overlay-type":"","overlay-color":"","overlay-opacity":"","overlay-gradient":""},"tablet":{"background-color":"","background-image":"","background-repeat":"repeat","background-position":"center center","background-size":"auto","background-attachment":"scroll","background-type":"","background-media":"","overlay-type":"","overlay-color":"","overlay-opacity":"","overlay-gradient":""},"mobile":{"background-color":"","background-image":"","background-repeat":"repeat","background-position":"center center","background-size":"auto","background-attachment":"scroll","background-type":"","background-media":"","overlay-type":"","overlay-color":"","overlay-opacity":"","overlay-gradient":""}},"ast-content-background-meta":{"desktop":{"background-color":"var(--ast-global-color-4)","background-image":"","background-repeat":"repeat","background-position":"center center","background-size":"auto","background-attachment":"scroll","background-type":"","background-media":"","overlay-type":"","overlay-color":"","overlay-opacity":"","overlay-gradient":""},"tablet":{"background-color":"var(--ast-global-color-4)","background-image":"","background-repeat":"repeat","background-position":"center center","background-size":"auto","background-attachment":"scroll","background-type":"","background-media":"","overlay-type":"","overlay-color":"","overlay-opacity":"","overlay-gradient":""},"mobile":{"background-color":"var(--ast-global-color-4)","background-image":"","background-repeat":"repeat","background-position":"center center","background-size":"auto","background-attachment":"scroll","background-type":"","background-media":"","overlay-type":"","overlay-color":"","overlay-opacity":"","overlay-gradient":""}},"footnotes":""},"class_list":["post-12774","page","type-page","status-publish","hentry"],"yoast_head":"<!-- This site is optimized with the Yoast SEO plugin v24.6 - https:\/\/yoast.com\/wordpress\/plugins\/seo\/ -->\n<title>Anpassbare Sch\u00fcrzen mit Logo | Tucantex<\/title>\n<meta name=\"description\" content=\"Vielzahl von K\u00fcchensch\u00fcrzen vollst\u00e4ndig anpassbar. Ideal als Firmengeschenk oder als Werbegeschenk. St\u00e4rken Sie mit Tucantex Ihr Markenimage\" \/>\n<meta name=\"robots\" content=\"index, follow, max-snippet:-1, max-image-preview:large, max-video-preview:-1\" \/>\n<link rel=\"canonical\" href=\"https:\/\/www.tucantex.com\/de\/personalisierte-schuerzen\/\" \/>\n<meta property=\"og:locale\" content=\"de_DE\" \/>\n<meta property=\"og:type\" content=\"article\" \/>\n<meta property=\"og:title\" content=\"Anpassbare Sch\u00fcrzen mit Logo | Tucantex\" \/>\n<meta property=\"og:description\" content=\"Vielzahl von K\u00fcchensch\u00fcrzen vollst\u00e4ndig anpassbar. Ideal als Firmengeschenk oder als Werbegeschenk. St\u00e4rken Sie mit Tucantex Ihr Markenimage\" \/>\n<meta property=\"og:url\" content=\"https:\/\/www.tucantex.com\/de\/personalisierte-schuerzen\/\" \/>\n<meta property=\"article:modified_time\" content=\"2021-04-26T17:50:10+00:00\" \/>\n<meta name=\"twitter:card\" content=\"summary_large_image\" \/>\n<meta name=\"twitter:label1\" content=\"Gesch\u00e4tzte Lesezeit\" \/>\n\t<meta name=\"twitter:data1\" content=\"2\u00a0Minuten\" \/>\n<script type=\"application\/ld+json\" class=\"yoast-schema-graph\">{\"@context\":\"https:\/\/schema.org\",\"@graph\":[{\"@type\":\"WebPage\",\"@id\":\"https:\/\/www.tucantex.com\/de\/personalisierte-schuerzen\/\",\"url\":\"https:\/\/www.tucantex.com\/de\/personalisierte-schuerzen\/\",\"name\":\"Anpassbare Sch\u00fcrzen mit Logo | Tucantex\",\"isPartOf\":{\"@id\":\"https:\/\/www.tucantex.com\/de\/#website\"},\"datePublished\":\"2021-04-11T16:26:16+00:00\",\"dateModified\":\"2021-04-26T17:50:10+00:00\",\"description\":\"Vielzahl von K\u00fcchensch\u00fcrzen vollst\u00e4ndig anpassbar. Ideal als Firmengeschenk oder als Werbegeschenk. St\u00e4rken Sie mit Tucantex Ihr Markenimage\",\"breadcrumb\":{\"@id\":\"https:\/\/www.tucantex.com\/de\/personalisierte-schuerzen\/#breadcrumb\"},\"inLanguage\":\"de\",\"potentialAction\":[{\"@type\":\"ReadAction\",\"target\":[\"https:\/\/www.tucantex.com\/de\/personalisierte-schuerzen\/\"]}]},{\"@type\":\"BreadcrumbList\",\"@id\":\"https:\/\/www.tucantex.com\/de\/personalisierte-schuerzen\/#breadcrumb\",\"itemListElement\":[{\"@type\":\"ListItem\",\"position\":1,\"name\":\"Portada\",\"item\":\"https:\/\/www.tucantex.com\/de\/\"},{\"@type\":\"ListItem\",\"position\":2,\"name\":\"Personalisierte Sch\u00fcrzen\"}]},{\"@type\":\"WebSite\",\"@id\":\"https:\/\/www.tucantex.com\/de\/#website\",\"url\":\"https:\/\/www.tucantex.com\/de\/\",\"name\":\"\",\"description\":\"Tejidos inteligentes\",\"potentialAction\":[{\"@type\":\"SearchAction\",\"target\":{\"@type\":\"EntryPoint\",\"urlTemplate\":\"https:\/\/www.tucantex.com\/de\/?s={search_term_string}\"},\"query-input\":{\"@type\":\"PropertyValueSpecification\",\"valueRequired\":true,\"valueName\":\"search_term_string\"}}],\"inLanguage\":\"de\"}]}<\/script>\n<!-- \/ Yoast SEO plugin. -->","yoast_head_json":{"title":"Anpassbare Sch\u00fcrzen mit Logo | Tucantex","description":"Vielzahl von K\u00fcchensch\u00fcrzen vollst\u00e4ndig anpassbar. Ideal als Firmengeschenk oder als Werbegeschenk. St\u00e4rken Sie mit Tucantex Ihr Markenimage","robots":{"index":"index","follow":"follow","max-snippet":"max-snippet:-1","max-image-preview":"max-image-preview:large","max-video-preview":"max-video-preview:-1"},"canonical":"https:\/\/www.tucantex.com\/de\/personalisierte-schuerzen\/","og_locale":"de_DE","og_type":"article","og_title":"Anpassbare Sch\u00fcrzen mit Logo | Tucantex","og_description":"Vielzahl von K\u00fcchensch\u00fcrzen vollst\u00e4ndig anpassbar. Ideal als Firmengeschenk oder als Werbegeschenk. St\u00e4rken Sie mit Tucantex Ihr Markenimage","og_url":"https:\/\/www.tucantex.com\/de\/personalisierte-schuerzen\/","article_modified_time":"2021-04-26T17:50:10+00:00","twitter_card":"summary_large_image","twitter_misc":{"Gesch\u00e4tzte Lesezeit":"2\u00a0Minuten"},"schema":{"@context":"https:\/\/schema.org","@graph":[{"@type":"WebPage","@id":"https:\/\/www.tucantex.com\/de\/personalisierte-schuerzen\/","url":"https:\/\/www.tucantex.com\/de\/personalisierte-schuerzen\/","name":"Anpassbare Sch\u00fcrzen mit Logo | Tucantex","isPartOf":{"@id":"https:\/\/www.tucantex.com\/de\/#website"},"datePublished":"2021-04-11T16:26:16+00:00","dateModified":"2021-04-26T17:50:10+00:00","description":"Vielzahl von K\u00fcchensch\u00fcrzen vollst\u00e4ndig anpassbar. Ideal als Firmengeschenk oder als Werbegeschenk. St\u00e4rken Sie mit Tucantex Ihr Markenimage","breadcrumb":{"@id":"https:\/\/www.tucantex.com\/de\/personalisierte-schuerzen\/#breadcrumb"},"inLanguage":"de","potentialAction":[{"@type":"ReadAction","target":["https:\/\/www.tucantex.com\/de\/personalisierte-schuerzen\/"]}]},{"@type":"BreadcrumbList","@id":"https:\/\/www.tucantex.com\/de\/personalisierte-schuerzen\/#breadcrumb","itemListElement":[{"@type":"ListItem","position":1,"name":"Portada","item":"https:\/\/www.tucantex.com\/de\/"},{"@type":"ListItem","position":2,"name":"Personalisierte Sch\u00fcrzen"}]},{"@type":"WebSite","@id":"https:\/\/www.tucantex.com\/de\/#website","url":"https:\/\/www.tucantex.com\/de\/","name":"","description":"Tejidos inteligentes","potentialAction":[{"@type":"SearchAction","target":{"@type":"EntryPoint","urlTemplate":"https:\/\/www.tucantex.com\/de\/?s={search_term_string}"},"query-input":{"@type":"PropertyValueSpecification","valueRequired":true,"valueName":"search_term_string"}}],"inLanguage":"de"}]}},"_links":{"self":[{"href":"https:\/\/www.tucantex.com\/de\/wp-json\/wp\/v2\/pages\/12774","targetHints":{"allow":["GET"]}}],"collection":[{"href":"https:\/\/www.tucantex.com\/de\/wp-json\/wp\/v2\/pages"}],"about":[{"href":"https:\/\/www.tucantex.com\/de\/wp-json\/wp\/v2\/types\/page"}],"author":[{"embeddable":true,"href":"https:\/\/www.tucantex.com\/de\/wp-json\/wp\/v2\/users\/2"}],"replies":[{"embeddable":true,"href":"https:\/\/www.tucantex.com\/de\/wp-json\/wp\/v2\/comments?post=12774"}],"version-history":[{"count":3,"href":"https:\/\/www.tucantex.com\/de\/wp-json\/wp\/v2\/pages\/12774\/revisions"}],"predecessor-version":[{"id":12779,"href":"https:\/\/www.tucantex.com\/de\/wp-json\/wp\/v2\/pages\/12774\/revisions\/12779"}],"wp:attachment":[{"href":"https:\/\/www.tucantex.com\/de\/wp-json\/wp\/v2\/media?parent=12774"}],"curies":[{"name":"wp","href":"https:\/\/api.w.org\/{rel}","templated":true}]}}