{"id":12833,"date":"2021-04-12T00:53:40","date_gmt":"2021-04-12T00:53:40","guid":{"rendered":"https:\/\/www.tucantex.com\/?page_id=12833"},"modified":"2023-03-06T10:31:56","modified_gmt":"2023-03-06T10:31:56","slug":"bedruckbare-artikel","status":"publish","type":"page","link":"https:\/\/www.tucantex.com\/de\/bedruckbare-artikel\/","title":{"rendered":"Bedruckbare Artikel"},"content":{"rendered":"<p>[vc_row][vc_column][vc_separator color=&#8220;custom&#8220; border_width=&#8220;2&#8243; el_width=&#8220;60&#8243; accent_color=&#8220;#d6b981&#8243; css=&#8220;.vc_custom_1616976464383{padding-top: 40px !important;}&#8220;][\/vc_column][\/vc_row][vc_row][vc_column][vc_column_text css=&#8220;.vc_custom_1618222158872{margin-right: 100px !important;margin-bottom: 100px !important;margin-left: 100px !important;padding-top: 60px !important;}&#8220;]<\/p>\n<div class=\"mkdf-separator-holder clearfix\">\n<div class=\"mkdf-separator\"><\/div>\n<\/div>\n<h2 style=\"text-align: center; line-height: 1em;\">PR\u00c4SENTIEREN UND ZUKUNFT. NACHHALTIGE STOFFE<\/h2>\n<h2 style=\"text-align: center; line-height: 1em;\">MIT RECYCLINGMATERIALIEN<\/h2>\n<p>&nbsp;<\/p>\n<p>&nbsp;<\/p>\n<p style=\"text-align: justify;\"><span style=\"font-size: 14.0pt;\">Die recycelten Stoffhandt\u00fccher aus PET-Flaschen sind ein nachhaltiges Produkt f\u00fcr die Umwelt, nehmen Wasser besser auf und trocknen dreimal schneller als normale Handt\u00fccher.<\/span><\/p>\n<p style=\"text-align: justify;\"><span style=\"font-size: 14.0pt;\">Der Spinnprozess, bei dem das PVA-Garn w\u00e4hrend des Produktionsprozesses eingesetzt wird.<\/span><\/p>\n<p style=\"text-align: justify;\"><span style=\"font-size: 14.0pt;\">W\u00e4hrend der Waschphase l\u00f6st sich das PVA auf und es entsteht ein Hohlkerngarn, durch das Luft zwischen den Garnen str\u00f6men kann, was zu dickerem, flauschigerem Haar f\u00fchrt.<\/span><\/p>\n<p style=\"text-align: justify;\"><span style=\"font-size: 14.0pt;\">Dieser sauerstoffhaltige Faden f\u00fchlt sich fein an und entfernt Wasser viel schneller.<\/span><\/p>\n<p>[\/vc_column_text][\/vc_column][\/vc_row][vc_row row_content_width=&#8220;grid&#8220; css=&#8220;.vc_custom_1616334255456{padding-top: 20px !important;padding-bottom: 50px !important;}&#8220;][vc_column width=&#8220;1\/3&#8243;][vc_column_text]<\/p>\n<h3 style=\"text-align: center;\">Handtuch<\/h3>\n<p>[\/vc_column_text][vc_empty_space height=&#8220;40px&#8220;][vc_single_image image=&#8220;11913&#8243; img_size=&#8220;full&#8220; alignment=&#8220;center&#8220; onclick=&#8220;custom_link&#8220; link=&#8220;https:\/\/www.tucantex.com\/de\/kategorie-produkt\/bedruckbare-handtuecher\/&#8220;][vc_empty_space][vc_btn title=&#8220;Siehe Mehr&#8220; color=&#8220;warning&#8220; align=&#8220;center&#8220; link=&#8220;url:https%3A%2F%2Fwww.tucantex.com%2Fde%2Fkategorie-produkt%2Fbedruckbare-handtuecher%2F|||&#8220;][\/vc_column][vc_column width=&#8220;1\/3&#8243;][vc_column_text]<\/p>\n<h3 style=\"text-align: center;\">Sporthandtuch<\/h3>\n<p>[\/vc_column_text][vc_empty_space height=&#8220;40px&#8220;][vc_single_image image=&#8220;12469&#8243; img_size=&#8220;full&#8220; alignment=&#8220;center&#8220; onclick=&#8220;custom_link&#8220; link=&#8220;https:\/\/www.tucantex.com\/de\/kategorie-produkt\/bedruckbares-sporttuch\/&#8220;][vc_empty_space][vc_btn title=&#8220;Siehe Mehr&#8220; color=&#8220;warning&#8220; align=&#8220;center&#8220; link=&#8220;url:https%3A%2F%2Fwww.tucantex.com%2Fde%2Fkategorie-produkt%2Fbedruckbares-sporttuch%2F|||&#8220;][\/vc_column][vc_column width=&#8220;1\/3&#8243;][vc_column_text]<\/p>\n<h3 style=\"text-align: center;\">Stoffrollen<\/h3>\n<p>[\/vc_column_text][vc_empty_space height=&#8220;40px&#8220;][vc_single_image image=&#8220;11267&#8243; img_size=&#8220;full&#8220; alignment=&#8220;center&#8220; onclick=&#8220;custom_link&#8220; link=&#8220;https:\/\/www.tucantex.com\/de\/kategorie-produkt\/bedruckbare-stoffrollen\/&#8220;][vc_empty_space][vc_btn title=&#8220;Siehe Mehr&#8220; color=&#8220;warning&#8220; align=&#8220;center&#8220; link=&#8220;url:https%3A%2F%2Fwww.tucantex.com%2Fde%2Fkategorie-produkt%2Fbedruckbare-stoffrollen%2F|||&#8220;][\/vc_column][\/vc_row][vc_row row_content_width=&#8220;grid&#8220; css=&#8220;.vc_custom_1586937759607{padding-top: 40px !important;padding-bottom: 47px !important;}&#8220;][vc_column width=&#8220;1\/3&#8243;][vc_column_text]<\/p>\n<h3 style=\"text-align: center;\">Poncho f\u00fcr Erwachsene und Kinder<\/h3>\n<p>[\/vc_column_text][vc_empty_space height=&#8220;40px&#8220;][vc_single_image image=&#8220;11910&#8243; img_size=&#8220;full&#8220; alignment=&#8220;center&#8220; onclick=&#8220;custom_link&#8220; link=&#8220;https:\/\/www.tucantex.com\/de\/produkt\/poncho-fur-erwachsene-und-kinder\/&#8220;][vc_empty_space][vc_btn title=&#8220;Siehe Mehr&#8220; color=&#8220;warning&#8220; align=&#8220;center&#8220; link=&#8220;url:https%3A%2F%2Fwww.tucantex.com%2Fde%2Fprodukt%2Fponcho-fur-erwachsene-und-kinder%2F|||&#8220;][\/vc_column][vc_column width=&#8220;1\/3&#8243;][vc_column_text]<\/p>\n<h3 style=\"text-align: center;\"><span class=\"Y2IQFc\" lang=\"de\">Kinder<\/span><\/h3>\n<p>[\/vc_column_text][vc_empty_space height=&#8220;40px&#8220;][vc_single_image image=&#8220;11926&#8243; img_size=&#8220;full&#8220; alignment=&#8220;center&#8220; onclick=&#8220;custom_link&#8220; link=&#8220;https:\/\/www.tucantex.com\/de\/kategorie-produkt\/bedruckbare-kinder\/&#8220;][vc_empty_space][vc_btn title=&#8220;Siehe Mehr&#8220; color=&#8220;warning&#8220; align=&#8220;center&#8220; link=&#8220;url:https%3A%2F%2Fwww.tucantex.com%2Fde%2Fkategorie-produkt%2Fbedruckbare-kinder%2F|||&#8220;][\/vc_column][vc_column width=&#8220;1\/3&#8243;][vc_column_text]<\/p>\n<h3 style=\"text-align: center;\">Schals<\/h3>\n<p>[\/vc_column_text][vc_empty_space height=&#8220;40px&#8220;][vc_single_image image=&#8220;11386&#8243; img_size=&#8220;full&#8220; alignment=&#8220;center&#8220; onclick=&#8220;custom_link&#8220; link=&#8220;https:\/\/www.tucantex.com\/de\/kategorie-produkt\/bedruckbare-schals\/&#8220;][vc_empty_space][vc_btn title=&#8220;Siehe Mehr&#8220; color=&#8220;warning&#8220; align=&#8220;center&#8220; link=&#8220;url:https%3A%2F%2Fwww.tucantex.com%2Fde%2Fkategorie-produkt%2Fbedruckbare-schals%2F|||&#8220;][\/vc_column][\/vc_row][vc_row row_content_width=&#8220;grid&#8220; css=&#8220;.vc_custom_1585237990364{padding-top: 110px !important;padding-bottom: 47px !important;}&#8220;][vc_column width=&#8220;1\/3&#8243;][vc_column_text]<\/p>\n<h3 style=\"text-align: center;\">Kissen<\/h3>\n<p>[\/vc_column_text][vc_empty_space height=&#8220;40px&#8220;][vc_single_image image=&#8220;11436&#8243; img_size=&#8220;full&#8220; alignment=&#8220;center&#8220; onclick=&#8220;custom_link&#8220; link=&#8220;https:\/\/www.tucantex.com\/de\/kategorie-produkt\/bedruckbare-kissen\/&#8220;][vc_empty_space][vc_btn title=&#8220;Siehe Mehr&#8220; color=&#8220;warning&#8220; align=&#8220;center&#8220; link=&#8220;url:https%3A%2F%2Fwww.tucantex.com%2Fde%2Fkategorie-produkt%2Fbedruckbare-kissen%2F|||&#8220;][\/vc_column][vc_column width=&#8220;1\/3&#8243;][vc_column_text]<\/p>\n<h3 style=\"text-align: center;\">Decken<\/h3>\n<p>[\/vc_column_text][vc_empty_space height=&#8220;40px&#8220;][vc_single_image image=&#8220;11836&#8243; img_size=&#8220;full&#8220; alignment=&#8220;center&#8220; onclick=&#8220;custom_link&#8220; link=&#8220;https:\/\/www.tucantex.com\/de\/kategorie-produkt\/bedruckbare-decken\/&#8220;][vc_empty_space][vc_btn title=&#8220;Siehe Mehr&#8220; color=&#8220;warning&#8220; align=&#8220;center&#8220; link=&#8220;url:https%3A%2F%2Fwww.tucantex.com%2Fde%2Fkategorie-produkt%2Fbedruckbare-decken%2F|||&#8220;][\/vc_column][vc_column width=&#8220;1\/3&#8243;][vc_column_text]<\/p>\n<h3 style=\"text-align: center;\">Sch\u00fcrzen<\/h3>\n<p>[\/vc_column_text][vc_empty_space height=&#8220;40px&#8220;][vc_single_image image=&#8220;11930&#8243; img_size=&#8220;full&#8220; alignment=&#8220;center&#8220; onclick=&#8220;custom_link&#8220; link=&#8220;https:\/\/www.tucantex.com\/de\/kategorie-produkt\/bedruckbare-schurzen\/&#8220;][vc_empty_space][vc_btn title=&#8220;Siehe Mehr&#8220; color=&#8220;warning&#8220; align=&#8220;center&#8220; link=&#8220;url:https%3A%2F%2Fwww.tucantex.com%2Fde%2Fkategorie-produkt%2Fbedruckbare-schurzen%2F|||&#8220;][\/vc_column][\/vc_row][vc_row row_content_width=&#8220;grid&#8220; css=&#8220;.vc_custom_1585237990364{padding-top: 110px !important;padding-bottom: 47px !important;}&#8220;][vc_column width=&#8220;1\/3&#8243;][vc_column_text]<\/p>\n<h3 style=\"text-align: center;\">Holzst\u00fchle<\/h3>\n<p>[\/vc_column_text][vc_empty_space height=&#8220;40px&#8220;][vc_single_image image=&#8220;11905&#8243; img_size=&#8220;full&#8220; alignment=&#8220;center&#8220; onclick=&#8220;custom_link&#8220; link=&#8220;https:\/\/www.tucantex.com\/de\/kategorie-produkt\/bedruckbare-holzstuhle\/&#8220;][vc_empty_space][vc_btn title=&#8220;Siehe Mehr&#8220; color=&#8220;warning&#8220; align=&#8220;center&#8220; link=&#8220;url:https%3A%2F%2Fwww.tucantex.com%2Fde%2Fkategorie-produkt%2Fbedruckbare-holzstuhle%2F|||&#8220;][\/vc_column][vc_column width=&#8220;1\/3&#8243;][\/vc_column][vc_column width=&#8220;1\/3&#8243;][\/vc_column][\/vc_row]<\/p>\n","protected":false},"excerpt":{"rendered":"<p>[vc_row][vc_column][vc_separator color=&#8220;custom&#8220; border_width=&#8220;2&#8243; el_width=&#8220;60&#8243; accent_color=&#8220;#d6b981&#8243; css=&#8220;.vc_custom_1616976464383{padding-top: 40px !important;}&#8220;][\/vc_column][\/vc_row][vc_row][vc_column][vc_column_text css=&#8220;.vc_custom_1618222158872{margin-right: 100px !important;margin-bottom: 100px !important;margin-left: 100px !important;padding-top: 60px !important;}&#8220;] PR\u00c4SENTIEREN UND ZUKUNFT. [&hellip;]<\/p>\n","protected":false},"author":2,"featured_media":0,"parent":0,"menu_order":0,"comment_status":"closed","ping_status":"closed","template":"","meta":{"site-sidebar-layout":"default","site-content-layout":"","ast-site-content-layout":"","site-content-style":"default","site-sidebar-style":"default","ast-global-header-display":"","ast-banner-title-visibility":"","ast-main-header-display":"","ast-hfb-above-header-display":"","ast-hfb-below-header-display":"","ast-hfb-mobile-header-display":"","site-post-title":"","ast-breadcrumbs-content":"","ast-featured-img":"","footer-sml-layout":"","theme-transparent-header-meta":"","adv-header-id-meta":"","stick-header-meta":"","header-above-stick-meta":"","header-main-stick-meta":"","header-below-stick-meta":"","astra-migrate-meta-layouts":"default","ast-page-background-enabled":"default","ast-page-background-meta":{"desktop":{"background-color":"var(--ast-global-color-5)","background-image":"","background-repeat":"repeat","background-position":"center center","background-size":"auto","background-attachment":"scroll","background-type":"","background-media":"","overlay-type":"","overlay-color":"","overlay-opacity":"","overlay-gradient":""},"tablet":{"background-color":"","background-image":"","background-repeat":"repeat","background-position":"center center","background-size":"auto","background-attachment":"scroll","background-type":"","background-media":"","overlay-type":"","overlay-color":"","overlay-opacity":"","overlay-gradient":""},"mobile":{"background-color":"","background-image":"","background-repeat":"repeat","background-position":"center center","background-size":"auto","background-attachment":"scroll","background-type":"","background-media":"","overlay-type":"","overlay-color":"","overlay-opacity":"","overlay-gradient":""}},"ast-content-background-meta":{"desktop":{"background-color":"var(--ast-global-color-4)","background-image":"","background-repeat":"repeat","background-position":"center center","background-size":"auto","background-attachment":"scroll","background-type":"","background-media":"","overlay-type":"","overlay-color":"","overlay-opacity":"","overlay-gradient":""},"tablet":{"background-color":"var(--ast-global-color-4)","background-image":"","background-repeat":"repeat","background-position":"center center","background-size":"auto","background-attachment":"scroll","background-type":"","background-media":"","overlay-type":"","overlay-color":"","overlay-opacity":"","overlay-gradient":""},"mobile":{"background-color":"var(--ast-global-color-4)","background-image":"","background-repeat":"repeat","background-position":"center center","background-size":"auto","background-attachment":"scroll","background-type":"","background-media":"","overlay-type":"","overlay-color":"","overlay-opacity":"","overlay-gradient":""}},"footnotes":""},"class_list":["post-12833","page","type-page","status-publish","hentry"],"yoast_head":"<!-- This site is optimized with the Yoast SEO plugin v24.6 - https:\/\/yoast.com\/wordpress\/plugins\/seo\/ -->\n<title>Anpassbare Produkte f\u00fcr Sublimation aus PET-Flaschen | Tucantex<\/title>\n<meta name=\"description\" content=\"Wir haben die besten anpassbaren Artikeln mit dem von Ihnen gew\u00fcnschten Design per Sublimation. Die Stoffhandt\u00fccher sind ein nachhaltiges Produkt f\u00fcr die Umwelt\" \/>\n<meta name=\"robots\" content=\"index, follow, max-snippet:-1, max-image-preview:large, max-video-preview:-1\" \/>\n<link rel=\"canonical\" href=\"https:\/\/www.tucantex.com\/de\/bedruckbare-artikel\/\" \/>\n<meta property=\"og:locale\" content=\"de_DE\" \/>\n<meta property=\"og:type\" content=\"article\" \/>\n<meta property=\"og:title\" content=\"Anpassbare Produkte f\u00fcr Sublimation aus PET-Flaschen | Tucantex\" \/>\n<meta property=\"og:description\" content=\"Wir haben die besten anpassbaren Artikeln mit dem von Ihnen gew\u00fcnschten Design per Sublimation. Die Stoffhandt\u00fccher sind ein nachhaltiges Produkt f\u00fcr die Umwelt\" \/>\n<meta property=\"og:url\" content=\"https:\/\/www.tucantex.com\/de\/bedruckbare-artikel\/\" \/>\n<meta property=\"article:modified_time\" content=\"2023-03-06T10:31:56+00:00\" \/>\n<meta name=\"twitter:card\" content=\"summary_large_image\" \/>\n<meta name=\"twitter:label1\" content=\"Gesch\u00e4tzte Lesezeit\" \/>\n\t<meta name=\"twitter:data1\" content=\"2\u00a0Minuten\" \/>\n<script type=\"application\/ld+json\" class=\"yoast-schema-graph\">{\"@context\":\"https:\/\/schema.org\",\"@graph\":[{\"@type\":\"WebPage\",\"@id\":\"https:\/\/www.tucantex.com\/de\/bedruckbare-artikel\/\",\"url\":\"https:\/\/www.tucantex.com\/de\/bedruckbare-artikel\/\",\"name\":\"Anpassbare Produkte f\u00fcr Sublimation aus PET-Flaschen | Tucantex\",\"isPartOf\":{\"@id\":\"https:\/\/www.tucantex.com\/de\/#website\"},\"datePublished\":\"2021-04-12T00:53:40+00:00\",\"dateModified\":\"2023-03-06T10:31:56+00:00\",\"description\":\"Wir haben die besten anpassbaren Artikeln mit dem von Ihnen gew\u00fcnschten Design per Sublimation. Die Stoffhandt\u00fccher sind ein nachhaltiges Produkt f\u00fcr die Umwelt\",\"breadcrumb\":{\"@id\":\"https:\/\/www.tucantex.com\/de\/bedruckbare-artikel\/#breadcrumb\"},\"inLanguage\":\"de\",\"potentialAction\":[{\"@type\":\"ReadAction\",\"target\":[\"https:\/\/www.tucantex.com\/de\/bedruckbare-artikel\/\"]}]},{\"@type\":\"BreadcrumbList\",\"@id\":\"https:\/\/www.tucantex.com\/de\/bedruckbare-artikel\/#breadcrumb\",\"itemListElement\":[{\"@type\":\"ListItem\",\"position\":1,\"name\":\"Portada\",\"item\":\"https:\/\/www.tucantex.com\/de\/\"},{\"@type\":\"ListItem\",\"position\":2,\"name\":\"Bedruckbare Artikel\"}]},{\"@type\":\"WebSite\",\"@id\":\"https:\/\/www.tucantex.com\/de\/#website\",\"url\":\"https:\/\/www.tucantex.com\/de\/\",\"name\":\"\",\"description\":\"Tejidos inteligentes\",\"potentialAction\":[{\"@type\":\"SearchAction\",\"target\":{\"@type\":\"EntryPoint\",\"urlTemplate\":\"https:\/\/www.tucantex.com\/de\/?s={search_term_string}\"},\"query-input\":{\"@type\":\"PropertyValueSpecification\",\"valueRequired\":true,\"valueName\":\"search_term_string\"}}],\"inLanguage\":\"de\"}]}<\/script>\n<!-- \/ Yoast SEO plugin. -->","yoast_head_json":{"title":"Anpassbare Produkte f\u00fcr Sublimation aus PET-Flaschen | Tucantex","description":"Wir haben die besten anpassbaren Artikeln mit dem von Ihnen gew\u00fcnschten Design per Sublimation. Die Stoffhandt\u00fccher sind ein nachhaltiges Produkt f\u00fcr die Umwelt","robots":{"index":"index","follow":"follow","max-snippet":"max-snippet:-1","max-image-preview":"max-image-preview:large","max-video-preview":"max-video-preview:-1"},"canonical":"https:\/\/www.tucantex.com\/de\/bedruckbare-artikel\/","og_locale":"de_DE","og_type":"article","og_title":"Anpassbare Produkte f\u00fcr Sublimation aus PET-Flaschen | Tucantex","og_description":"Wir haben die besten anpassbaren Artikeln mit dem von Ihnen gew\u00fcnschten Design per Sublimation. Die Stoffhandt\u00fccher sind ein nachhaltiges Produkt f\u00fcr die Umwelt","og_url":"https:\/\/www.tucantex.com\/de\/bedruckbare-artikel\/","article_modified_time":"2023-03-06T10:31:56+00:00","twitter_card":"summary_large_image","twitter_misc":{"Gesch\u00e4tzte Lesezeit":"2\u00a0Minuten"},"schema":{"@context":"https:\/\/schema.org","@graph":[{"@type":"WebPage","@id":"https:\/\/www.tucantex.com\/de\/bedruckbare-artikel\/","url":"https:\/\/www.tucantex.com\/de\/bedruckbare-artikel\/","name":"Anpassbare Produkte f\u00fcr Sublimation aus PET-Flaschen | Tucantex","isPartOf":{"@id":"https:\/\/www.tucantex.com\/de\/#website"},"datePublished":"2021-04-12T00:53:40+00:00","dateModified":"2023-03-06T10:31:56+00:00","description":"Wir haben die besten anpassbaren Artikeln mit dem von Ihnen gew\u00fcnschten Design per Sublimation. Die Stoffhandt\u00fccher sind ein nachhaltiges Produkt f\u00fcr die Umwelt","breadcrumb":{"@id":"https:\/\/www.tucantex.com\/de\/bedruckbare-artikel\/#breadcrumb"},"inLanguage":"de","potentialAction":[{"@type":"ReadAction","target":["https:\/\/www.tucantex.com\/de\/bedruckbare-artikel\/"]}]},{"@type":"BreadcrumbList","@id":"https:\/\/www.tucantex.com\/de\/bedruckbare-artikel\/#breadcrumb","itemListElement":[{"@type":"ListItem","position":1,"name":"Portada","item":"https:\/\/www.tucantex.com\/de\/"},{"@type":"ListItem","position":2,"name":"Bedruckbare Artikel"}]},{"@type":"WebSite","@id":"https:\/\/www.tucantex.com\/de\/#website","url":"https:\/\/www.tucantex.com\/de\/","name":"","description":"Tejidos inteligentes","potentialAction":[{"@type":"SearchAction","target":{"@type":"EntryPoint","urlTemplate":"https:\/\/www.tucantex.com\/de\/?s={search_term_string}"},"query-input":{"@type":"PropertyValueSpecification","valueRequired":true,"valueName":"search_term_string"}}],"inLanguage":"de"}]}},"_links":{"self":[{"href":"https:\/\/www.tucantex.com\/de\/wp-json\/wp\/v2\/pages\/12833","targetHints":{"allow":["GET"]}}],"collection":[{"href":"https:\/\/www.tucantex.com\/de\/wp-json\/wp\/v2\/pages"}],"about":[{"href":"https:\/\/www.tucantex.com\/de\/wp-json\/wp\/v2\/types\/page"}],"author":[{"embeddable":true,"href":"https:\/\/www.tucantex.com\/de\/wp-json\/wp\/v2\/users\/2"}],"replies":[{"embeddable":true,"href":"https:\/\/www.tucantex.com\/de\/wp-json\/wp\/v2\/comments?post=12833"}],"version-history":[{"count":20,"href":"https:\/\/www.tucantex.com\/de\/wp-json\/wp\/v2\/pages\/12833\/revisions"}],"predecessor-version":[{"id":17265,"href":"https:\/\/www.tucantex.com\/de\/wp-json\/wp\/v2\/pages\/12833\/revisions\/17265"}],"wp:attachment":[{"href":"https:\/\/www.tucantex.com\/de\/wp-json\/wp\/v2\/media?parent=12833"}],"curies":[{"name":"wp","href":"https:\/\/api.w.org\/{rel}","templated":true}]}}