{"id":3614,"date":"2020-04-07T09:01:29","date_gmt":"2020-04-07T09:01:29","guid":{"rendered":"http:\/\/s820327378.mialojamiento.es\/?page_id=3614"},"modified":"2020-11-11T11:53:18","modified_gmt":"2020-11-11T11:53:18","slug":"datenschutzrichtlinien","status":"publish","type":"page","link":"https:\/\/www.tucantex.com\/de\/datenschutzrichtlinien\/","title":{"rendered":"Datenschutzrichtlinien"},"content":{"rendered":"<h3>datenschutzrichtlinien<\/h3>\n<p>&nbsp;<\/p>\n<p>Wir informieren Sie dar\u00fcber, dass die pers\u00f6nlichen Daten, die Sie uns freiwillig \u00fcber die verschiedenen Formulare des Internets zur Verf\u00fcgung stellen, von <strong>Tucantex<\/strong> mit Adresse in der Calle Gonzalez Tablas 19 behandelt werden, was den von der aktuellen Gesetzgebung zum Schutz pers\u00f6nlicher Daten geforderten Sicherheitsma\u00dfnahmen entspricht. Der Zweck dieser Behandlung wird in jedem der Formulare auf der Webseite, auf der Sie uns Ihre Daten zur Verf\u00fcgung gestellt haben, beschrieben.<\/p>\n<p>&nbsp;<\/p>\n<p>Die \u00fcbermittelten Daten werden nicht an Dritte weitergegeben, au\u00dfer in F\u00e4llen, in denen eine gesetzliche Verpflichtung besteht, und werden f\u00fcr die zur Erf\u00fcllung Ihrer Anfrage erforderliche Zeit aufbewahrt, sofern Sie nicht durch Aus\u00fcbung Ihres Widerrufsrechts etwas anderes angeben, oder f\u00fcr die zur Erf\u00fcllung gesetzlicher Verpflichtungen erforderliche Zeit.<\/p>\n<p>&nbsp;<\/p>\n<p><strong>TUCANTEX<\/strong> wird kein &#8222;Profil&#8220; auf der Grundlage der zur Verf\u00fcgung gestellten Informationen erstellen. Es werden keine automatisierten Entscheidungen auf der Grundlage von Profilen getroffen.<\/p>\n<p>&nbsp;<\/p>\n<p><strong>TUCANTEX<\/strong> wird die Daten auch l\u00f6schen oder berichtigen, wenn sie ungenau, unvollst\u00e4ndig oder f\u00fcr ihren Zweck nicht mehr erforderlich sind, in \u00dcbereinstimmung mit den Bestimmungen der geltenden Gesetzgebung zum Schutz personenbezogener Daten.<\/p>\n<p>&nbsp;<\/p>\n<p>Solange Sie uns nicht anderweitig informieren, gehen wir davon aus, dass Ihre Daten nicht ge\u00e4ndert wurden, dass Sie sich verpflichten, uns \u00fcber jede \u00c4nderung zu informieren, und dass wir die Zustimmung haben, sie zu verwenden, um die Beziehung zwischen den Parteien aufrechtzuerhalten.<\/p>\n<p>&nbsp;<\/p>\n<p>Der Benutzer kann die Rechte auf Zugang, Berichtigung, L\u00f6schung, Unterdr\u00fcckung, Widerspruch, Beschr\u00e4nkung der Verarbeitung, \u00dcbertragbarkeit der Daten aus\u00fcben und nicht individualisierten Entscheidungen unterworfen werden, die in Bezug auf die verarbeiteten Daten automatisiert an den f\u00fcr die Verarbeitung Verantwortlichen unter der oben genannten Adresse oder per E-Mail an <strong>info@tucantex.com<\/strong> erfolgen.<\/p>\n<p>&nbsp;<\/p>\n<p>Wenn Sie mit der Aus\u00fcbung Ihrer Rechte nicht zufrieden sind, k\u00f6nnen Sie bei der zust\u00e4ndigen Datenschutzaufsichtsbeh\u00f6rde eine Beschwerde einreichen.<\/p>\n<p>&nbsp;<\/p>\n<p><strong>TUCANTEX<\/strong> ergreift die geeigneten technischen, organisatorischen und Sicherheitsma\u00dfnahmen in \u00dcbereinstimmung mit den geltenden Vorschriften zum Schutz personenbezogener Daten. Dennoch \u00fcbernimmt sie keine Verantwortung f\u00fcr Sch\u00e4den, die durch Ver\u00e4nderungen entstehen, die Dritte in den Computersystemen, elektronischen Dokumenten oder Dateien des Benutzers verursachen k\u00f6nnen.<\/p>\n<p>&nbsp;<\/p>\n<p>In \u00dcbereinstimmung mit den Bestimmungen des Gesetzes 34\/2002 \u00fcber Dienstleistungen der Informationsgesellschaft und des elektronischen Handels in seinem Artikel 21 werden wir Sie um Ihre Zustimmung bitten, um Werbekommunikationen, die unserer Meinung nach f\u00fcr Sie von Interesse sein k\u00f6nnten, per E-Mail oder durch andere gleichwertige elektronische Kommunikationsmittel durchf\u00fchren zu k\u00f6nnen.<\/p>\n","protected":false},"excerpt":{"rendered":"<p>datenschutzrichtlinien &nbsp; Wir informieren Sie dar\u00fcber, dass die pers\u00f6nlichen Daten, die Sie uns freiwillig \u00fcber die verschiedenen Formulare des Internets [&hellip;]<\/p>\n","protected":false},"author":2,"featured_media":0,"parent":0,"menu_order":0,"comment_status":"closed","ping_status":"closed","template":"","meta":{"site-sidebar-layout":"default","site-content-layout":"","ast-site-content-layout":"","site-content-style":"default","site-sidebar-style":"default","ast-global-header-display":"","ast-banner-title-visibility":"","ast-main-header-display":"","ast-hfb-above-header-display":"","ast-hfb-below-header-display":"","ast-hfb-mobile-header-display":"","site-post-title":"","ast-breadcrumbs-content":"","ast-featured-img":"","footer-sml-layout":"","theme-transparent-header-meta":"","adv-header-id-meta":"","stick-header-meta":"","header-above-stick-meta":"","header-main-stick-meta":"","header-below-stick-meta":"","astra-migrate-meta-layouts":"default","ast-page-background-enabled":"default","ast-page-background-meta":{"desktop":{"background-color":"var(--ast-global-color-5)","background-image":"","background-repeat":"repeat","background-position":"center center","background-size":"auto","background-attachment":"scroll","background-type":"","background-media":"","overlay-type":"","overlay-color":"","overlay-opacity":"","overlay-gradient":""},"tablet":{"background-color":"","background-image":"","background-repeat":"repeat","background-position":"center center","background-size":"auto","background-attachment":"scroll","background-type":"","background-media":"","overlay-type":"","overlay-color":"","overlay-opacity":"","overlay-gradient":""},"mobile":{"background-color":"","background-image":"","background-repeat":"repeat","background-position":"center center","background-size":"auto","background-attachment":"scroll","background-type":"","background-media":"","overlay-type":"","overlay-color":"","overlay-opacity":"","overlay-gradient":""}},"ast-content-background-meta":{"desktop":{"background-color":"var(--ast-global-color-4)","background-image":"","background-repeat":"repeat","background-position":"center center","background-size":"auto","background-attachment":"scroll","background-type":"","background-media":"","overlay-type":"","overlay-color":"","overlay-opacity":"","overlay-gradient":""},"tablet":{"background-color":"var(--ast-global-color-4)","background-image":"","background-repeat":"repeat","background-position":"center center","background-size":"auto","background-attachment":"scroll","background-type":"","background-media":"","overlay-type":"","overlay-color":"","overlay-opacity":"","overlay-gradient":""},"mobile":{"background-color":"var(--ast-global-color-4)","background-image":"","background-repeat":"repeat","background-position":"center center","background-size":"auto","background-attachment":"scroll","background-type":"","background-media":"","overlay-type":"","overlay-color":"","overlay-opacity":"","overlay-gradient":""}},"footnotes":""},"class_list":["post-3614","page","type-page","status-publish","hentry"],"yoast_head":"<!-- This site is optimized with the Yoast SEO plugin v24.6 - https:\/\/yoast.com\/wordpress\/plugins\/seo\/ -->\n<title>Datenschutzrichtlinien -<\/title>\n<meta name=\"robots\" content=\"index, follow, max-snippet:-1, max-image-preview:large, max-video-preview:-1\" \/>\n<link rel=\"canonical\" href=\"https:\/\/www.tucantex.com\/de\/datenschutzrichtlinien\/\" \/>\n<meta property=\"og:locale\" content=\"de_DE\" \/>\n<meta property=\"og:type\" content=\"article\" \/>\n<meta property=\"og:title\" content=\"Datenschutzrichtlinien -\" \/>\n<meta property=\"og:description\" content=\"datenschutzrichtlinien &nbsp; Wir informieren Sie dar\u00fcber, dass die pers\u00f6nlichen Daten, die Sie uns freiwillig \u00fcber die verschiedenen Formulare des Internets [&hellip;]\" \/>\n<meta property=\"og:url\" content=\"https:\/\/www.tucantex.com\/de\/datenschutzrichtlinien\/\" \/>\n<meta property=\"article:modified_time\" content=\"2020-11-11T11:53:18+00:00\" \/>\n<meta name=\"twitter:card\" content=\"summary_large_image\" \/>\n<meta name=\"twitter:label1\" content=\"Gesch\u00e4tzte Lesezeit\" \/>\n\t<meta name=\"twitter:data1\" content=\"2\u00a0Minuten\" \/>\n<script type=\"application\/ld+json\" class=\"yoast-schema-graph\">{\"@context\":\"https:\/\/schema.org\",\"@graph\":[{\"@type\":\"WebPage\",\"@id\":\"https:\/\/www.tucantex.com\/de\/datenschutzrichtlinien\/\",\"url\":\"https:\/\/www.tucantex.com\/de\/datenschutzrichtlinien\/\",\"name\":\"Datenschutzrichtlinien -\",\"isPartOf\":{\"@id\":\"https:\/\/www.tucantex.com\/de\/#website\"},\"datePublished\":\"2020-04-07T09:01:29+00:00\",\"dateModified\":\"2020-11-11T11:53:18+00:00\",\"breadcrumb\":{\"@id\":\"https:\/\/www.tucantex.com\/de\/datenschutzrichtlinien\/#breadcrumb\"},\"inLanguage\":\"de\",\"potentialAction\":[{\"@type\":\"ReadAction\",\"target\":[\"https:\/\/www.tucantex.com\/de\/datenschutzrichtlinien\/\"]}]},{\"@type\":\"BreadcrumbList\",\"@id\":\"https:\/\/www.tucantex.com\/de\/datenschutzrichtlinien\/#breadcrumb\",\"itemListElement\":[{\"@type\":\"ListItem\",\"position\":1,\"name\":\"Portada\",\"item\":\"https:\/\/www.tucantex.com\/de\/\"},{\"@type\":\"ListItem\",\"position\":2,\"name\":\"Datenschutzrichtlinien\"}]},{\"@type\":\"WebSite\",\"@id\":\"https:\/\/www.tucantex.com\/de\/#website\",\"url\":\"https:\/\/www.tucantex.com\/de\/\",\"name\":\"\",\"description\":\"Tejidos inteligentes\",\"potentialAction\":[{\"@type\":\"SearchAction\",\"target\":{\"@type\":\"EntryPoint\",\"urlTemplate\":\"https:\/\/www.tucantex.com\/de\/?s={search_term_string}\"},\"query-input\":{\"@type\":\"PropertyValueSpecification\",\"valueRequired\":true,\"valueName\":\"search_term_string\"}}],\"inLanguage\":\"de\"}]}<\/script>\n<!-- \/ Yoast SEO plugin. -->","yoast_head_json":{"title":"Datenschutzrichtlinien -","robots":{"index":"index","follow":"follow","max-snippet":"max-snippet:-1","max-image-preview":"max-image-preview:large","max-video-preview":"max-video-preview:-1"},"canonical":"https:\/\/www.tucantex.com\/de\/datenschutzrichtlinien\/","og_locale":"de_DE","og_type":"article","og_title":"Datenschutzrichtlinien -","og_description":"datenschutzrichtlinien &nbsp; Wir informieren Sie dar\u00fcber, dass die pers\u00f6nlichen Daten, die Sie uns freiwillig \u00fcber die verschiedenen Formulare des Internets [&hellip;]","og_url":"https:\/\/www.tucantex.com\/de\/datenschutzrichtlinien\/","article_modified_time":"2020-11-11T11:53:18+00:00","twitter_card":"summary_large_image","twitter_misc":{"Gesch\u00e4tzte Lesezeit":"2\u00a0Minuten"},"schema":{"@context":"https:\/\/schema.org","@graph":[{"@type":"WebPage","@id":"https:\/\/www.tucantex.com\/de\/datenschutzrichtlinien\/","url":"https:\/\/www.tucantex.com\/de\/datenschutzrichtlinien\/","name":"Datenschutzrichtlinien -","isPartOf":{"@id":"https:\/\/www.tucantex.com\/de\/#website"},"datePublished":"2020-04-07T09:01:29+00:00","dateModified":"2020-11-11T11:53:18+00:00","breadcrumb":{"@id":"https:\/\/www.tucantex.com\/de\/datenschutzrichtlinien\/#breadcrumb"},"inLanguage":"de","potentialAction":[{"@type":"ReadAction","target":["https:\/\/www.tucantex.com\/de\/datenschutzrichtlinien\/"]}]},{"@type":"BreadcrumbList","@id":"https:\/\/www.tucantex.com\/de\/datenschutzrichtlinien\/#breadcrumb","itemListElement":[{"@type":"ListItem","position":1,"name":"Portada","item":"https:\/\/www.tucantex.com\/de\/"},{"@type":"ListItem","position":2,"name":"Datenschutzrichtlinien"}]},{"@type":"WebSite","@id":"https:\/\/www.tucantex.com\/de\/#website","url":"https:\/\/www.tucantex.com\/de\/","name":"","description":"Tejidos inteligentes","potentialAction":[{"@type":"SearchAction","target":{"@type":"EntryPoint","urlTemplate":"https:\/\/www.tucantex.com\/de\/?s={search_term_string}"},"query-input":{"@type":"PropertyValueSpecification","valueRequired":true,"valueName":"search_term_string"}}],"inLanguage":"de"}]}},"_links":{"self":[{"href":"https:\/\/www.tucantex.com\/de\/wp-json\/wp\/v2\/pages\/3614","targetHints":{"allow":["GET"]}}],"collection":[{"href":"https:\/\/www.tucantex.com\/de\/wp-json\/wp\/v2\/pages"}],"about":[{"href":"https:\/\/www.tucantex.com\/de\/wp-json\/wp\/v2\/types\/page"}],"author":[{"embeddable":true,"href":"https:\/\/www.tucantex.com\/de\/wp-json\/wp\/v2\/users\/2"}],"replies":[{"embeddable":true,"href":"https:\/\/www.tucantex.com\/de\/wp-json\/wp\/v2\/comments?post=3614"}],"version-history":[{"count":4,"href":"https:\/\/www.tucantex.com\/de\/wp-json\/wp\/v2\/pages\/3614\/revisions"}],"predecessor-version":[{"id":9828,"href":"https:\/\/www.tucantex.com\/de\/wp-json\/wp\/v2\/pages\/3614\/revisions\/9828"}],"wp:attachment":[{"href":"https:\/\/www.tucantex.com\/de\/wp-json\/wp\/v2\/media?parent=3614"}],"curies":[{"name":"wp","href":"https:\/\/api.w.org\/{rel}","templated":true}]}}