{"id":7822,"date":"2020-10-19T15:55:42","date_gmt":"2020-10-19T15:55:42","guid":{"rendered":"https:\/\/www.tucantex.com\/?page_id=7822"},"modified":"2022-04-24T16:54:53","modified_gmt":"2022-04-24T16:54:53","slug":"personalisierte-bademaentel","status":"publish","type":"page","link":"https:\/\/www.tucantex.com\/de\/personalisierte-bademaentel\/","title":{"rendered":"Personalisierte Badem\u00e4ntel"},"content":{"rendered":"<p>[vc_row][vc_column][vc_separator color=&#8220;custom&#8220; border_width=&#8220;2&#8243; el_width=&#8220;60&#8243; accent_color=&#8220;#d6b981&#8243; css=&#8220;.vc_custom_1617128545463{padding-top: 40px !important;}&#8220;][vc_empty_space][vc_custom_heading text=&#8220;INDIVIDUELL GESTALTBARE BADEM\u00c4NTEL MIT IHREM FIRMENLOGO.&#8220; font_container=&#8220;tag:h1|font_size:20|text_align:center&#8220; use_theme_fonts=&#8220;yes&#8220;][\/vc_column][\/vc_row][vc_row][vc_column][vc_column_text css=&#8220;.vc_custom_1650818481880{margin-right: 100px !important;margin-bottom: 100px !important;margin-left: 100px !important;padding-top: 60px !important;}&#8220;]<\/p>\n<p style=\"text-align: justify; line-height: 20px; color: #4f5a6d;\">Bei Tucantex finden Sie hochwertige personalisierte Badem\u00e4ntel zum Verschenken oder f\u00fcr Veranstaltungen in verschiedenen Qualit\u00e4ten. Badem\u00e4ntel f\u00fcr Erwachsene k\u00f6nnen mit Initialen, einem Logo oder einem Anagramm bestickt werden, wobei die Gr\u00f6\u00dfe und\/oder die Farbe gew\u00e4hlt werden kann. Der personalisierte Bademantel ist eine gute M\u00f6glichkeit, Ihre Marke zu personalisieren und so Ihrem Unternehmen mehr Pr\u00e4senz zu verleihen.<br \/>\nWir haben eine gro\u00dfe Auswahl an personalisierten Badem\u00e4nteln aus nachhaltigen Stoffen, die umweltfreundlich sind, weil sie sich schnell waschen und trocknen lassen und so Wasser und Energie sparen.<br \/>\nSie sind sehr flauschig und leicht mit Smokingkragen oder Kimono-Modell.<\/p>\n<p style=\"text-align: left; line-height: 20px; color: #4f5a6d;\"><strong>Merkmale:<\/strong><\/p>\n<p style=\"text-align: left; line-height: 20px; color: #4f5a6d;\">Die personalisierten Badem\u00e4ntel sind sehr flauschige und leichte Modelle mit Smoking oder Kimonokragen. Sie haben zwei seitliche Taschen und einen G\u00fcrtel.<\/p>\n<p style=\"text-align: left; line-height: 20px; color: #4f5a6d;\"><strong>Verf\u00fcgbare Farben:<\/strong><\/p>\n<p style=\"text-align: left; line-height: 20px; color: #4f5a6d;\">Verf\u00fcgbare Farben: Zur Auswahl stehen.<\/p>\n<p style=\"text-align: left; line-height: 20px; color: #4f5a6d;\"><strong>Angaben zur Personalisierung:<\/strong><\/p>\n<p style=\"text-align: left; line-height: 20px; color: #4f5a6d;\">Stickerei<\/p>\n<p style=\"text-align: left; line-height: 20px; color: #4f5a6d;\"><strong>Gr\u00f6\u00dfen:<\/strong>S-M-L-XL-XXL<\/p>\n<p style=\"text-align: left; line-height: 20px; color: #4f5a6d;\"><strong>Qualit\u00e4t:<\/strong>180 gr.\/m2- 300gr.\/m2 \u2013 400 gr.\/m2 -500 gr.\/m2<\/p>\n<p style=\"text-align: left; line-height: 20px; color: #4f5a6d;\"><strong>Zusammensetzung:<\/strong>100% Mikrofasern \/ 100% Baumwolle &#8211; 85% Polyester \/ 15% Polyamid &#8211; 100% Baumwolle<\/p>\n<p><img fetchpriority=\"high\" decoding=\"async\" class=\"alignleft wp-image-9874\" src=\"https:\/\/www.tucantex.com\/wp-content\/uploads\/2020\/10\/bloque2-al-300x59.png\" alt=\"\" width=\"537\" height=\"106\" srcset=\"https:\/\/www.tucantex.com\/wp-content\/uploads\/2020\/10\/bloque2-al-300x59.png 300w, https:\/\/www.tucantex.com\/wp-content\/uploads\/2020\/10\/bloque2-al-768x152.png 768w, https:\/\/www.tucantex.com\/wp-content\/uploads\/2020\/10\/bloque2-al-600x119.png 600w, https:\/\/www.tucantex.com\/wp-content\/uploads\/2020\/10\/bloque2-al.png 800w\" sizes=\"(max-width: 537px) 100vw, 537px\" \/>[\/vc_column_text][vc_empty_space][vc_custom_heading text=&#8220;HOCHWERTIGE, INDIVIDUELL GESTALTETE BADEM\u00c4NTEL, DIE SIE MIT IHREM FIRMENLOGO VERSEHEN K\u00d6NNEN&#8220; font_container=&#8220;tag:h3|font_size:20|text_align:center&#8220; use_theme_fonts=&#8220;yes&#8220;][vc_column_text]Personalisierte Badem\u00e4ntel von Tucantex sind auch ein Werbeartikel, den Sie im Rahmen Ihrer Marketing- und Werbekampagnen f\u00fcr Ihr Unternehmen als Geschenk einsetzen k\u00f6nnen.[\/vc_column_text][mkdf_separator border_style=&#8220;&#8220; color=&#8220;#cba65a&#8220; width=&#8220;70%&#8220; top_margin=&#8220;30px&#8220; bottom_margin=&#8220;60px&#8220;][\/vc_column][\/vc_row][vc_row css=&#8220;.vc_custom_1588611152695{margin-top: -60px !important;margin-bottom: 30px !important;}&#8220;][vc_column width=&#8220;1\/4&#8243;][vc_single_image image=&#8220;9776&#8243; img_size=&#8220;full&#8220; alignment=&#8220;center&#8220;][\/vc_column][vc_column width=&#8220;1\/4&#8243;][vc_single_image image=&#8220;4993&#8243; img_size=&#8220;full&#8220; alignment=&#8220;center&#8220;][\/vc_column][vc_column width=&#8220;1\/4&#8243;][vc_single_image image=&#8220;4991&#8243; img_size=&#8220;full&#8220; alignment=&#8220;center&#8220;][\/vc_column][vc_column width=&#8220;1\/4&#8243;][vc_single_image image=&#8220;9767&#8243; img_size=&#8220;full&#8220; alignment=&#8220;center&#8220;][\/vc_column][\/vc_row][vc_row css=&#8220;.vc_custom_1604963362226{margin-top: -60px !important;margin-bottom: 30px !important;padding-top: 60px !important;}&#8220;][vc_column width=&#8220;1\/4&#8243;][\/vc_column][vc_column width=&#8220;1\/4&#8243;][vc_single_image image=&#8220;9764&#8243; img_size=&#8220;full&#8220; alignment=&#8220;center&#8220;][\/vc_column][vc_column width=&#8220;1\/4&#8243;][vc_single_image image=&#8220;9770&#8243; img_size=&#8220;full&#8220; alignment=&#8220;center&#8220;][\/vc_column][vc_column width=&#8220;1\/4&#8243;][\/vc_column][\/vc_row][vc_row row_content_width=&#8220;grid&#8220; css=&#8220;.vc_custom_1586389454900{padding-top: 0px !important;padding-bottom: 80px !important;}&#8220;][vc_column][mkdf_elements_holder holder_full_height=&#8220;no&#8220; number_of_columns=&#8220;one-column&#8220; switch_to_one_column=&#8220;&#8220; alignment_one_column=&#8220;&#8220;][mkdf_elements_holder_item horizontal_alignment=&#8220;center&#8220; item_padding=&#8220;0px 24% 78px&#8220; item_padding_1280_1600=&#8220;0px 20% 78px&#8220; item_padding_1024_1280=&#8220;0px 18% 78px&#8220; item_padding_768_1024=&#8220;0px 5% 78px&#8220; item_padding_680_768=&#8220;0px 0 78px&#8220; item_padding_680=&#8220;0px 0 78px&#8220;][vc_separator color=&#8220;custom&#8220; el_width=&#8220;50&#8243; accent_color=&#8220;#cba65a&#8220; css=&#8220;.vc_custom_1586388973200{margin-top: 30px !important;margin-bottom: 60px !important;}&#8220;][mkdf_section_title type=&#8220;standard&#8220; position=&#8220;center&#8220; separator=&#8220;no&#8220; title_tag=&#8220;&#8220; disable_break_words=&#8220;no&#8220; image=&#8220;88&#8243; title=&#8220;Fordern Sie Ihr Budget an&#8220;][vc_empty_space height=&#8220;45px&#8220;]\n<div class=\"wpcf7 no-js\" id=\"wpcf7-f7848-o1\" lang=\"en-US\" dir=\"ltr\" data-wpcf7-id=\"7848\">\n<div class=\"screen-reader-response\"><p role=\"status\" aria-live=\"polite\" aria-atomic=\"true\"><\/p> <ul><\/ul><\/div>\n<form action=\"\/de\/wp-json\/wp\/v2\/pages\/7822#wpcf7-f7848-o1\" method=\"post\" class=\"wpcf7-form init\" aria-label=\"Contact form\" novalidate=\"novalidate\" data-status=\"init\">\n<div style=\"display: none;\">\n<input type=\"hidden\" name=\"_wpcf7\" value=\"7848\" \/>\n<input type=\"hidden\" name=\"_wpcf7_version\" value=\"6.0.5\" \/>\n<input type=\"hidden\" name=\"_wpcf7_locale\" value=\"en_US\" \/>\n<input type=\"hidden\" name=\"_wpcf7_unit_tag\" value=\"wpcf7-f7848-o1\" \/>\n<input type=\"hidden\" name=\"_wpcf7_container_post\" value=\"0\" \/>\n<input type=\"hidden\" name=\"_wpcf7_posted_data_hash\" value=\"\" \/>\n<\/div>\n<p><span class=\"wpcf7-form-control-wrap\" data-name=\"your-name\"><input size=\"40\" maxlength=\"400\" class=\"wpcf7-form-control wpcf7-text wpcf7-validates-as-required\" aria-required=\"true\" aria-invalid=\"false\" placeholder=\"Ihr Name*\" value=\"\" type=\"text\" name=\"your-name\" \/><\/span>\n<\/p>\n<p><span class=\"wpcf7-form-control-wrap\" data-name=\"your-email\"><input size=\"40\" maxlength=\"400\" class=\"wpcf7-form-control wpcf7-email wpcf7-validates-as-required wpcf7-text wpcf7-validates-as-email\" aria-required=\"true\" aria-invalid=\"false\" placeholder=\"Ihre E-Mail-Adresse*\" value=\"\" type=\"email\" name=\"your-email\" \/><\/span>\n<\/p>\n<p><span class=\"wpcf7-form-control-wrap\" data-name=\"tel-843\"><input size=\"40\" maxlength=\"400\" class=\"wpcf7-form-control wpcf7-tel wpcf7-validates-as-required wpcf7-text wpcf7-validates-as-tel\" aria-required=\"true\" aria-invalid=\"false\" placeholder=\"Telefon*\" value=\"\" type=\"tel\" name=\"tel-843\" \/><\/span>\n<\/p>\n<p><span class=\"wpcf7-form-control-wrap\" data-name=\"your-empresa\"><input size=\"40\" maxlength=\"400\" class=\"wpcf7-form-control wpcf7-text\" aria-invalid=\"false\" value=\"Firmenname\" type=\"text\" name=\"your-empresa\" \/><\/span>\n<\/p>\n<p><span class=\"wpcf7-form-control-wrap\" data-name=\"your-sector\"><input size=\"40\" maxlength=\"400\" class=\"wpcf7-form-control wpcf7-text\" aria-invalid=\"false\" value=\"Sektor\" type=\"text\" name=\"your-sector\" \/><\/span>\n<\/p>\n<p><span class=\"wpcf7-form-control-wrap\" data-name=\"your-message\"><textarea cols=\"40\" rows=\"10\" maxlength=\"2000\" class=\"wpcf7-form-control wpcf7-textarea\" aria-invalid=\"false\" placeholder=\"Nachricht\" name=\"your-message\"><\/textarea><\/span>\n<\/p>\n<div class=\"mkdf-contact-form-submit\" style=\"margin: 5px 0 0 3px\">\n\t<p><input class=\"wpcf7-form-control wpcf7-submit has-spinner\" type=\"submit\" value=\"Senden\" \/><br \/>\n<span class=\"mkdf-btn-borders-holder\"><\/span>\n\t<\/p>\n<\/div><p style=\"display: none !important;\" class=\"akismet-fields-container\" data-prefix=\"_wpcf7_ak_\"><label>&#916;<textarea name=\"_wpcf7_ak_hp_textarea\" cols=\"45\" rows=\"8\" maxlength=\"100\"><\/textarea><\/label><input type=\"hidden\" id=\"ak_js_1\" name=\"_wpcf7_ak_js\" value=\"62\"\/><script>document.getElementById( \"ak_js_1\" ).setAttribute( \"value\", ( new Date() ).getTime() );<\/script><\/p><div class=\"wpcf7-response-output\" aria-hidden=\"true\"><\/div>\n<\/form>\n<\/div>\n[\/mkdf_elements_holder_item][\/mkdf_elements_holder][\/vc_column][\/vc_row]<\/p>\n","protected":false},"excerpt":{"rendered":"<p>[vc_row][vc_column][vc_separator color=&#8220;custom&#8220; border_width=&#8220;2&#8243; el_width=&#8220;60&#8243; accent_color=&#8220;#d6b981&#8243; css=&#8220;.vc_custom_1617128545463{padding-top: 40px !important;}&#8220;][vc_empty_space][vc_custom_heading text=&#8220;INDIVIDUELL GESTALTBARE BADEM\u00c4NTEL MIT IHREM FIRMENLOGO.&#8220; font_container=&#8220;tag:h1|font_size:20|text_align:center&#8220; use_theme_fonts=&#8220;yes&#8220;][\/vc_column][\/vc_row][vc_row][vc_column][vc_column_text css=&#8220;.vc_custom_1650818481880{margin-right: 100px !important;margin-bottom: 100px [&hellip;]<\/p>\n","protected":false},"author":2,"featured_media":0,"parent":0,"menu_order":0,"comment_status":"closed","ping_status":"closed","template":"","meta":{"site-sidebar-layout":"default","site-content-layout":"","ast-site-content-layout":"","site-content-style":"default","site-sidebar-style":"default","ast-global-header-display":"","ast-banner-title-visibility":"","ast-main-header-display":"","ast-hfb-above-header-display":"","ast-hfb-below-header-display":"","ast-hfb-mobile-header-display":"","site-post-title":"","ast-breadcrumbs-content":"","ast-featured-img":"","footer-sml-layout":"","theme-transparent-header-meta":"","adv-header-id-meta":"","stick-header-meta":"","header-above-stick-meta":"","header-main-stick-meta":"","header-below-stick-meta":"","astra-migrate-meta-layouts":"default","ast-page-background-enabled":"default","ast-page-background-meta":{"desktop":{"background-color":"var(--ast-global-color-5)","background-image":"","background-repeat":"repeat","background-position":"center center","background-size":"auto","background-attachment":"scroll","background-type":"","background-media":"","overlay-type":"","overlay-color":"","overlay-opacity":"","overlay-gradient":""},"tablet":{"background-color":"","background-image":"","background-repeat":"repeat","background-position":"center center","background-size":"auto","background-attachment":"scroll","background-type":"","background-media":"","overlay-type":"","overlay-color":"","overlay-opacity":"","overlay-gradient":""},"mobile":{"background-color":"","background-image":"","background-repeat":"repeat","background-position":"center center","background-size":"auto","background-attachment":"scroll","background-type":"","background-media":"","overlay-type":"","overlay-color":"","overlay-opacity":"","overlay-gradient":""}},"ast-content-background-meta":{"desktop":{"background-color":"var(--ast-global-color-4)","background-image":"","background-repeat":"repeat","background-position":"center center","background-size":"auto","background-attachment":"scroll","background-type":"","background-media":"","overlay-type":"","overlay-color":"","overlay-opacity":"","overlay-gradient":""},"tablet":{"background-color":"var(--ast-global-color-4)","background-image":"","background-repeat":"repeat","background-position":"center center","background-size":"auto","background-attachment":"scroll","background-type":"","background-media":"","overlay-type":"","overlay-color":"","overlay-opacity":"","overlay-gradient":""},"mobile":{"background-color":"var(--ast-global-color-4)","background-image":"","background-repeat":"repeat","background-position":"center center","background-size":"auto","background-attachment":"scroll","background-type":"","background-media":"","overlay-type":"","overlay-color":"","overlay-opacity":"","overlay-gradient":""}},"footnotes":""},"class_list":["post-7822","page","type-page","status-publish","hentry"],"yoast_head":"<!-- This site is optimized with the Yoast SEO plugin v24.6 - https:\/\/yoast.com\/wordpress\/plugins\/seo\/ -->\n<title>Badem\u00e4ntel zum Personalisieren mit Logo | Tucantex<\/title>\n<meta name=\"description\" content=\"Badem\u00e4ntel zum Personalisieren mit Logo oder Anagramm in Sticktechnik. Verschiedene Qualit\u00e4ten wie z.B. 100% Baumwolle, Micro Cotton, Microfiber, etc.\" \/>\n<meta name=\"robots\" content=\"index, follow, max-snippet:-1, max-image-preview:large, max-video-preview:-1\" \/>\n<link rel=\"canonical\" href=\"https:\/\/www.tucantex.com\/de\/personalisierte-bademaentel\/\" \/>\n<meta property=\"og:locale\" content=\"de_DE\" \/>\n<meta property=\"og:type\" content=\"article\" \/>\n<meta property=\"og:title\" content=\"Badem\u00e4ntel zum Personalisieren mit Logo | Tucantex\" \/>\n<meta property=\"og:description\" content=\"Badem\u00e4ntel zum Personalisieren mit Logo oder Anagramm in Sticktechnik. Verschiedene Qualit\u00e4ten wie z.B. 100% Baumwolle, Micro Cotton, Microfiber, etc.\" \/>\n<meta property=\"og:url\" content=\"https:\/\/www.tucantex.com\/de\/personalisierte-bademaentel\/\" \/>\n<meta property=\"article:modified_time\" content=\"2022-04-24T16:54:53+00:00\" \/>\n<meta property=\"og:image\" content=\"https:\/\/www.tucantex.com\/wp-content\/uploads\/2020\/10\/bloque2-al-300x59.png\" \/>\n<meta name=\"twitter:card\" content=\"summary_large_image\" \/>\n<meta name=\"twitter:label1\" content=\"Gesch\u00e4tzte Lesezeit\" \/>\n\t<meta name=\"twitter:data1\" content=\"2\u00a0Minuten\" \/>\n<script type=\"application\/ld+json\" class=\"yoast-schema-graph\">{\"@context\":\"https:\/\/schema.org\",\"@graph\":[{\"@type\":\"WebPage\",\"@id\":\"https:\/\/www.tucantex.com\/de\/personalisierte-bademaentel\/\",\"url\":\"https:\/\/www.tucantex.com\/de\/personalisierte-bademaentel\/\",\"name\":\"Badem\u00e4ntel zum Personalisieren mit Logo | Tucantex\",\"isPartOf\":{\"@id\":\"https:\/\/www.tucantex.com\/de\/#website\"},\"primaryImageOfPage\":{\"@id\":\"https:\/\/www.tucantex.com\/de\/personalisierte-bademaentel\/#primaryimage\"},\"image\":{\"@id\":\"https:\/\/www.tucantex.com\/de\/personalisierte-bademaentel\/#primaryimage\"},\"thumbnailUrl\":\"https:\/\/www.tucantex.com\/wp-content\/uploads\/2020\/10\/bloque2-al-300x59.png\",\"datePublished\":\"2020-10-19T15:55:42+00:00\",\"dateModified\":\"2022-04-24T16:54:53+00:00\",\"description\":\"Badem\u00e4ntel zum Personalisieren mit Logo oder Anagramm in Sticktechnik. Verschiedene Qualit\u00e4ten wie z.B. 100% Baumwolle, Micro Cotton, Microfiber, etc.\",\"breadcrumb\":{\"@id\":\"https:\/\/www.tucantex.com\/de\/personalisierte-bademaentel\/#breadcrumb\"},\"inLanguage\":\"de\",\"potentialAction\":[{\"@type\":\"ReadAction\",\"target\":[\"https:\/\/www.tucantex.com\/de\/personalisierte-bademaentel\/\"]}]},{\"@type\":\"ImageObject\",\"inLanguage\":\"de\",\"@id\":\"https:\/\/www.tucantex.com\/de\/personalisierte-bademaentel\/#primaryimage\",\"url\":\"https:\/\/www.tucantex.com\/wp-content\/uploads\/2020\/10\/bloque2-al-300x59.png\",\"contentUrl\":\"https:\/\/www.tucantex.com\/wp-content\/uploads\/2020\/10\/bloque2-al-300x59.png\"},{\"@type\":\"BreadcrumbList\",\"@id\":\"https:\/\/www.tucantex.com\/de\/personalisierte-bademaentel\/#breadcrumb\",\"itemListElement\":[{\"@type\":\"ListItem\",\"position\":1,\"name\":\"Portada\",\"item\":\"https:\/\/www.tucantex.com\/de\/\"},{\"@type\":\"ListItem\",\"position\":2,\"name\":\"Personalisierte Badem\u00e4ntel\"}]},{\"@type\":\"WebSite\",\"@id\":\"https:\/\/www.tucantex.com\/de\/#website\",\"url\":\"https:\/\/www.tucantex.com\/de\/\",\"name\":\"\",\"description\":\"Tejidos inteligentes\",\"potentialAction\":[{\"@type\":\"SearchAction\",\"target\":{\"@type\":\"EntryPoint\",\"urlTemplate\":\"https:\/\/www.tucantex.com\/de\/?s={search_term_string}\"},\"query-input\":{\"@type\":\"PropertyValueSpecification\",\"valueRequired\":true,\"valueName\":\"search_term_string\"}}],\"inLanguage\":\"de\"}]}<\/script>\n<!-- \/ Yoast SEO plugin. -->","yoast_head_json":{"title":"Badem\u00e4ntel zum Personalisieren mit Logo | Tucantex","description":"Badem\u00e4ntel zum Personalisieren mit Logo oder Anagramm in Sticktechnik. Verschiedene Qualit\u00e4ten wie z.B. 100% Baumwolle, Micro Cotton, Microfiber, etc.","robots":{"index":"index","follow":"follow","max-snippet":"max-snippet:-1","max-image-preview":"max-image-preview:large","max-video-preview":"max-video-preview:-1"},"canonical":"https:\/\/www.tucantex.com\/de\/personalisierte-bademaentel\/","og_locale":"de_DE","og_type":"article","og_title":"Badem\u00e4ntel zum Personalisieren mit Logo | Tucantex","og_description":"Badem\u00e4ntel zum Personalisieren mit Logo oder Anagramm in Sticktechnik. Verschiedene Qualit\u00e4ten wie z.B. 100% Baumwolle, Micro Cotton, Microfiber, etc.","og_url":"https:\/\/www.tucantex.com\/de\/personalisierte-bademaentel\/","article_modified_time":"2022-04-24T16:54:53+00:00","og_image":[{"url":"https:\/\/www.tucantex.com\/wp-content\/uploads\/2020\/10\/bloque2-al-300x59.png","type":"","width":"","height":""}],"twitter_card":"summary_large_image","twitter_misc":{"Gesch\u00e4tzte Lesezeit":"2\u00a0Minuten"},"schema":{"@context":"https:\/\/schema.org","@graph":[{"@type":"WebPage","@id":"https:\/\/www.tucantex.com\/de\/personalisierte-bademaentel\/","url":"https:\/\/www.tucantex.com\/de\/personalisierte-bademaentel\/","name":"Badem\u00e4ntel zum Personalisieren mit Logo | Tucantex","isPartOf":{"@id":"https:\/\/www.tucantex.com\/de\/#website"},"primaryImageOfPage":{"@id":"https:\/\/www.tucantex.com\/de\/personalisierte-bademaentel\/#primaryimage"},"image":{"@id":"https:\/\/www.tucantex.com\/de\/personalisierte-bademaentel\/#primaryimage"},"thumbnailUrl":"https:\/\/www.tucantex.com\/wp-content\/uploads\/2020\/10\/bloque2-al-300x59.png","datePublished":"2020-10-19T15:55:42+00:00","dateModified":"2022-04-24T16:54:53+00:00","description":"Badem\u00e4ntel zum Personalisieren mit Logo oder Anagramm in Sticktechnik. Verschiedene Qualit\u00e4ten wie z.B. 100% Baumwolle, Micro Cotton, Microfiber, etc.","breadcrumb":{"@id":"https:\/\/www.tucantex.com\/de\/personalisierte-bademaentel\/#breadcrumb"},"inLanguage":"de","potentialAction":[{"@type":"ReadAction","target":["https:\/\/www.tucantex.com\/de\/personalisierte-bademaentel\/"]}]},{"@type":"ImageObject","inLanguage":"de","@id":"https:\/\/www.tucantex.com\/de\/personalisierte-bademaentel\/#primaryimage","url":"https:\/\/www.tucantex.com\/wp-content\/uploads\/2020\/10\/bloque2-al-300x59.png","contentUrl":"https:\/\/www.tucantex.com\/wp-content\/uploads\/2020\/10\/bloque2-al-300x59.png"},{"@type":"BreadcrumbList","@id":"https:\/\/www.tucantex.com\/de\/personalisierte-bademaentel\/#breadcrumb","itemListElement":[{"@type":"ListItem","position":1,"name":"Portada","item":"https:\/\/www.tucantex.com\/de\/"},{"@type":"ListItem","position":2,"name":"Personalisierte Badem\u00e4ntel"}]},{"@type":"WebSite","@id":"https:\/\/www.tucantex.com\/de\/#website","url":"https:\/\/www.tucantex.com\/de\/","name":"","description":"Tejidos inteligentes","potentialAction":[{"@type":"SearchAction","target":{"@type":"EntryPoint","urlTemplate":"https:\/\/www.tucantex.com\/de\/?s={search_term_string}"},"query-input":{"@type":"PropertyValueSpecification","valueRequired":true,"valueName":"search_term_string"}}],"inLanguage":"de"}]}},"_links":{"self":[{"href":"https:\/\/www.tucantex.com\/de\/wp-json\/wp\/v2\/pages\/7822","targetHints":{"allow":["GET"]}}],"collection":[{"href":"https:\/\/www.tucantex.com\/de\/wp-json\/wp\/v2\/pages"}],"about":[{"href":"https:\/\/www.tucantex.com\/de\/wp-json\/wp\/v2\/types\/page"}],"author":[{"embeddable":true,"href":"https:\/\/www.tucantex.com\/de\/wp-json\/wp\/v2\/users\/2"}],"replies":[{"embeddable":true,"href":"https:\/\/www.tucantex.com\/de\/wp-json\/wp\/v2\/comments?post=7822"}],"version-history":[{"count":32,"href":"https:\/\/www.tucantex.com\/de\/wp-json\/wp\/v2\/pages\/7822\/revisions"}],"predecessor-version":[{"id":16402,"href":"https:\/\/www.tucantex.com\/de\/wp-json\/wp\/v2\/pages\/7822\/revisions\/16402"}],"wp:attachment":[{"href":"https:\/\/www.tucantex.com\/de\/wp-json\/wp\/v2\/media?parent=7822"}],"curies":[{"name":"wp","href":"https:\/\/api.w.org\/{rel}","templated":true}]}}