{"id":7830,"date":"2020-10-19T16:41:43","date_gmt":"2020-10-19T16:41:43","guid":{"rendered":"https:\/\/www.tucantex.com\/?page_id=7830"},"modified":"2020-11-11T11:08:49","modified_gmt":"2020-11-11T11:08:49","slug":"rechtliche-warnung","status":"publish","type":"page","link":"https:\/\/www.tucantex.com\/de\/rechtliche-warnung\/","title":{"rendered":"RECHTLICHER HINWEIS"},"content":{"rendered":"<h3>Allgemeine Informationen<\/h3><p>Die Website<strong> www.tucantex.com<\/strong> ist eine Internet-Domain, die von Tucantex zu Informationszwecken eingerichtet wurde und dazu dient, die von Tucantex vermarkteten Produkte zu f\u00f6rdern.<\/p><p>Die Site kann Artikel zu informativen Themen \u00fcber Mikrofaserstoffe, aktuelle Ereignisse oder andere Themen enthalten, die f\u00fcr Tucantex von Interesse sein k\u00f6nnten und deren Inhalt die Meinung der Autoren widerspiegelt. Die Nutzung der Website setzt die Annahme jeder der in diesem rechtlichen Hinweis enthaltenen Bedingungen voraus, daher ist es notwendig, diesen sorgf\u00e4ltig zu lesen.<\/p>\r\n<p>&nbsp;<\/p><h3>Nutzungsbedingungen f\u00fcr die Webseite<\/h3><p>Der Benutzer verpflichtet sich, das Web in \u00dcbereinstimmung mit dem Gesetz, diesem Rechtlichen Hinweis und anderen ihm zur Kenntnis gebrachten Hinweisen, Nutzungsbestimmungen und Anweisungen sowie mit der allgemein anerkannten Moral und den guten Sitten und der \u00f6ffentlichen Ordnung zu nutzen. Der Benutzer verpflichtet sich, die Inhalte auf sorgf\u00e4ltige, korrekte und rechtm\u00e4\u00dfige Weise zu verwenden und verpflichtet sich insbesondere, Folgendes zu unterlassen:<\/p><ul class=\"wp-block-list\">\r\n<li>Den Inhalt in einer Weise verwenden, die gegen das Gesetz, die Moral und die allgemein anerkannten guten Sitten oder die \u00f6ffentliche Ordnung verst\u00f6\u00dft.<\/li>\r\n<\/ul><ul class=\"wp-block-list\">\r\n<li>Die Inhalte zu vervielf\u00e4ltigen oder zu kopieren, zu verbreiten, den \u00f6ffentlichen Zugang durch jede Form der \u00f6ffentlichen Kommunikation zu erm\u00f6glichen.<\/li>\r\n<\/ul><ul class=\"wp-block-list\">\r\n<li>Den Inhalt umzuwandeln oder zu ver\u00e4ndern, es sei denn, Sie haben die Genehmigung des Inhabers der entsprechenden Rechte oder es ist gesetzlich erlaubt.<\/li>\r\n<\/ul><p>Unterdr\u00fcckung, Umgehung oder Manipulation des Urheberrechts und anderer identifizierender Daten.<\/p><p>Es ist verboten, ohne entsprechende Genehmigung jede Art von Werbung oder kommerzieller Information direkt oder verdeckt in Form von Massensendungen (&#8222;Spaming&#8220;) zu versenden. Ebenso ist es verboten, Aktionen durchzuf\u00fchren, die in der Website oder durch sie mit irgendwelchen Mitteln irgendeine Art von Schaden an den Systemen von Tucantex oder an Dritten verursachen k\u00f6nnen.<\/p><p>Jede Verbindung, die mit dem Inhalt hergestellt wird, erfordert die vorherige Konformit\u00e4t von Tucantex und muss durch eine geeignete Visualisierung die Identifizierung der Herkunft erm\u00f6glichen. Die Verwendung dieser Informationen auf anderen Internetseiten bedarf einer ausdr\u00fccklichen Genehmigung.<\/p>\r\n<p>&nbsp;<\/p><h3>Geistiges Eigentum<\/h3><p>Diese Website unterliegt der spanischen Gesetzgebung sowie der nationalen und internationalen Gesetzgebung \u00fcber geistiges und gewerbliches Eigentum.<\/p><p>Die Namen und kommerziellen oder eingetragenen Marken, Logos oder andere Unterscheidungszeichen sind Eigentum von Tucantex.<\/p><p>Jegliche Nutzung, die nicht zuvor vom Inhaber dieser Inhalte und allen anderen des Webs, einschlie\u00dflich Datenbanken, Computerprogrammen, Edition, Programmierung, Zusammenstellung und anderen f\u00fcr den Betrieb notwendigen Elementen, Designs, Texten und Grafiken, genehmigt wurde, wird als schwerwiegende Verletzung der Rechte des geistigen oder gewerblichen Eigentums betrachtet.<\/p><p>Unter keinen Umst\u00e4nden wird davon ausgegangen, dass der Zugang zu und das Browsen auf dieser Website oder der Kauf der angebotenen Produkte eine vollst\u00e4ndige oder teilweise Abtretung dieser Rechte zugunsten des Benutzers voraussetzt.<\/p><p>Daher ist es verboten, den Inhalt der Website ganz oder teilweise ohne vorherige und ausdr\u00fcckliche Genehmigung der Inhaber der entsprechenden Rechte zu kopieren, zu \u00e4ndern, zu reproduzieren, \u00f6ffentlich bekannt zu machen, umzugestalten oder zu verteilen.<\/p>\r\n<p>&nbsp;<\/p><h3>Verantwortlichkeiten und Garantien<\/h3><p>In \u00dcbereinstimmung mit den Bestimmungen des Gesetzes 34\/2002 vom 11. Juli \u00fcber die Dienste der Informationsgesellschaft und den elektronischen Handel dienen die auf dieser Website verbreiteten Informationen und das gesamte Material, auf das sie sich beziehen, ausschlie\u00dflich Informationszwecken.<\/p><p>Tucantex garantiert weder die Wahrhaftigkeit und N\u00fctzlichkeit der Informationen, die \u00fcber das Web pr\u00e4sentiert werden, noch \u00fcbernimmt Tucantex die Verantwortung f\u00fcr Sch\u00e4den oder Vorurteile, die sich aus der Nutzung dieses Webs ergeben, noch f\u00fcr Verst\u00f6\u00dfe gegen die Bedingungen, Normen und Anweisungen, die diese rechtliche Warnung begr\u00fcnden.<\/p><p>Tucantex beh\u00e4lt sich das Recht vor, jederzeit und ohne Vorank\u00fcndigung die im Web enthaltenen Informationen, die Konfiguration und Pr\u00e4sentation dieser und der allgemeinen Informationen zu \u00e4ndern und zu aktualisieren sowie enthaltene Informationen zu entfernen oder den Zugang zum Web vor\u00fcbergehend auszusetzen.<\/p><p>Tucantex garantiert weder die Abwesenheit von Viren und\/oder anderen sch\u00e4dlichen Elementen in dieser Website und dem Server, der sie zur Verf\u00fcgung stellt, noch die Unverwundbarkeit derselben oder ihrer Sicherheitsma\u00dfnahmen. Dementsprechend ist Tucantex nicht f\u00fcr die Sch\u00e4den verantwortlich, die diese Elemente dem Benutzer oder Dritten zuf\u00fcgen k\u00f6nnen.<\/p><p>Tucantex garantiert weder f\u00fcr die Anwendung dieser Datenschutzrichtlinie bei den Zugriffen \u00fcber die Links in diesem Web, noch f\u00fcr die Links von diesem Web zu anderen Webs.<\/p>\r\n<p>&nbsp;<\/p><h3>Richtlinie zum Schutz der Privatsph\u00e4re und Datenschutz<\/h3><p>In \u00dcbereinstimmung mit den Bestimmungen des Gesetzes 15\/1999 vom 13. Dezember \u00fcber den Schutz personenbezogener Daten und seiner Ausf\u00fchrungsbestimmungen informiert Sie Tucantex, dass<\/p><p>Die Daten, die \u00fcber die Website https:\/\/tucantex.com gesammelt werden, werden in die Datei Kunden, die Tucantex verantwortlich ist, aufgenommen und werden zum Zweck der Beziehung zum Benutzer und der Verwaltung der von ihm angeforderten Dienstleistungen verwendet.<\/p><p>Der Benutzer garantiert, dass die angegebenen Daten wahrheitsgetreu, genau und vollst\u00e4ndig sind, und ist daf\u00fcr verantwortlich, alle \u00c4nderungen an diesen Daten mitzuteilen.<\/p><p>Tucantex garantiert die Vertraulichkeit der pers\u00f6nlichen Daten der Nutzer und h\u00e4lt jederzeit die geltenden gesetzlichen Bestimmungen ein. Au\u00dferdem verpflichtet er sich, die pers\u00f6nlichen Daten, die zu den vorgesehenen Zwecken gesammelt wurden, in keinem Fall an \u00f6ffentliche oder private Dritte weiterzugeben, zu verkaufen oder auszuh\u00e4ndigen, au\u00dfer mit vorheriger Genehmigung des Inhabers oder in den von der Verordnung vorgesehenen F\u00e4llen.<\/p><p>Die pers\u00f6nlichen Daten werden mit den entsprechenden Ma\u00dfnahmen auf den Sicherheitsniveaus behandelt, die durch die Verordnung zur Entwicklung des LOPD festgelegt und durch den K\u00f6niglichen Erlass 1720\/2007 genehmigt wurden, und es werden geeignete Sicherheitsma\u00dfnahmen ergriffen, um den unbefugten Zugang und die unbefugte Verarbeitung von pers\u00f6nlichen Daten zu verhindern, die f\u00fcr nicht vorgesehene und den Vorschriften widersprechende Zwecke verwendet werden k\u00f6nnen.<\/p><p>Sie k\u00f6nnen sich jederzeit an Tucantex wenden, um Ihre Rechte auf Zugang, Berichtigung, L\u00f6schung und Widerspruch auszu\u00fcben, indem Sie an info@tucantex.com schreiben und eine Kopie Ihres Personalausweises beif\u00fcgen.<\/p><p>Tucantex informiert Sie, dass es \u00fcber die gesetzlich vorgeschriebenen Sicherheitsma\u00dfnahmen gem\u00e4\u00df den Datenschutzbestimmungen verf\u00fcgt und die technischen und personellen Mittel eingerichtet hat, um den Verlust, den Missbrauch, die \u00c4nderung, den unbefugten Zugriff und den Diebstahl der von Ihnen \u00fcber unsere Website bereitgestellten Daten zu verhindern. All dies unbeschadet der Information, dass Sicherheitsma\u00dfnahmen im Internet nicht uneinnehmbar sind.<\/p>\r\n<p>&nbsp;<\/p><h3>Verwendung von Cookies<\/h3><p>Diese Website verwendet &#8222;Cookies&#8220;, kleine Datendateien, die im Computer des Nutzers erzeugt werden und die es Tucantex erm\u00f6glichen, die folgenden Informationen der zugreifenden Nutzer zu erhalten: Datum und Uhrzeit des Zugriffs auf die Website sowie die Anzahl der Besucher der einzelnen Abschnitte.<\/p><p>Diese Informationen erm\u00f6glichen es uns, die Stunden des gr\u00f6\u00dften Besucherzustroms sowie die Bereiche zu ermitteln, die bei den Benutzern das gr\u00f6\u00dfte Interesse wecken, um m\u00f6gliche S\u00e4ttigungsprobleme vorherzusehen und gegebenenfalls vermeiden zu k\u00f6nnen, sowie die Inhalte zu f\u00f6rdern, die das gr\u00f6\u00dfte Interesse wecken.<\/p><p>Tucantex verwendet Google Analytics, einen Webanalysedienst der Google, Inc., einem Unternehmen aus Delaware mit Hauptsitz in 1600 Amphitheatre Parkway, Mountain View (Kalifornien), CA 94043, Vereinigte Staaten (&#8222;Google&#8220;). (Google&#8220;) Google Analytics verwendet sog. Cookies&#8220;, Textdateien, die auf Ihrem Computer gespeichert werden und die eine Analyse der Benutzung der Website durch Sie erm\u00f6glicht. Die durch den Cookie erzeugten Informationen \u00fcber Ihre Benutzung dieser Website (einschlie\u00dflich Ihrer IP-Adresse) werden an einen Server von Google in den Vereinigten Staaten \u00fcbertragen und dort gespeichert.<\/p><p>Google wird diese Informationen im Auftrag von Tucantex nutzen, um Ihre Nutzung der Website auszuwerten, um Reports \u00fcber die Websiteaktivit\u00e4ten f\u00fcr die Websitebetreiber zusammenzustellen und um weitere mit der Websitenutzung und der Internetnutzung verbundene Dienstleistungen zu erbringen.<\/p><p>Auch wird Google diese Informationen gegebenenfalls an Dritte \u00fcbertragen, sofern dies gesetzlich vorgeschrieben oder soweit Dritte diese Daten im Auftrag von Google verarbeiten. Google wird in keinem Fall Ihre IP-Adresse mit anderen Daten von Google in Verbindung bringen.<\/p><p>Sie k\u00f6nnen die Installation der Cookies durch eine entsprechende Einstellung Ihrer Browser Software verhindern; wir weisen Sie jedoch darauf hin, dass Sie in diesem Fall gegebenenfalls nicht s\u00e4mtliche Funktionen dieser Website voll umf\u00e4nglich nutzen k\u00f6nnen.<\/p><p>Durch die Nutzung dieser Website erkl\u00e4ren Sie sich mit der Bearbeitung der \u00fcber Sie erhobenen Daten durch Google und durch Tucantex in der zuvor beschriebenen Art und Weise und zu dem zuvor benannten Zweck einverstanden.<\/p>\r\n<p>&nbsp;<\/p><h3>Ausschluss von Garantien und Haftungen<\/h3><p>Tucantex bem\u00fcht sich nach besten Kr\u00e4ften, Ihnen die Informationen auf korrekte und aktualisierte Art und Weise zur Verf\u00fcgung zu stellen; es kann jedoch nicht garantieren und ist folglich nicht verantwortlich f\u00fcr Sch\u00e4den jeglicher Art, die auf mangelnde Genauigkeit, Vollst\u00e4ndigkeit, Aktualit\u00e4t sowie auf Fehler oder Auslassungen zur\u00fcckzuf\u00fchren sind, die die Informationen und Dienstleistungen dieser Website oder andere Inhalte, auf die \u00fcber diese Website zugegriffen werden kann, beeintr\u00e4chtigen k\u00f6nnten.<\/p><p>Diese Website richtet sich sowohl an Fachleute als auch an die breite \u00d6ffentlichkeit. Ihr Inhalt ist daher informativer Natur, stets offen und kann jederzeit ge\u00e4ndert werden.<\/p><p>Die den Nutzern zur Verf\u00fcgung gestellten Links k\u00f6nnen zu anderen Websites f\u00fchren, \u00fcber die Tucantex keine Kontrolle hat, und Tucantex \u00fcbernimmt auch keine Pflicht oder Verpflichtung, deren Inhalt zu \u00fcberpr\u00fcfen oder zu \u00fcberwachen.<\/p><p>Die Aufnahme eines Links in diese Website kann nicht als Empfehlung an die Benutzer angesehen werden, mit der Nutzung dieser Website fortzufahren, so dass die Entscheidung, sie zu nutzen, immer in der Verantwortung der Benutzer liegt.<\/p><p>Tucantex verpflichtet sich ausschlie\u00dflich dazu, die Informationen, Inhalte oder Dienstleistungen, von denen es Neuigkeiten hat, die nicht der Realit\u00e4t entsprechen, rechtswidrig sind, zu Fehlern f\u00fchren oder dem Nutzer Schaden zuf\u00fcgen k\u00f6nnen, so schnell wie m\u00f6glich von der Website zu l\u00f6schen.<\/p><p>Tucantex garantiert nicht die Verf\u00fcgbarkeit, Kontinuit\u00e4t oder Unfehlbarkeit des Betriebs seiner Website und schlie\u00dft folglich jegliche Verantwortung f\u00fcr Sch\u00e4den jeglicher Art aus, die auf die mangelnde Verf\u00fcgbarkeit oder Kontinuit\u00e4t des Betriebs der Website zur\u00fcckzuf\u00fchren sind. Ebenso wenig garantiert sie das Nichtvorhandensein von Viren oder anderen sch\u00e4dlichen Elementen, die Dritten Sch\u00e4den oder Ver\u00e4nderungen am Computersystem, elektronischen Dokumenten oder Dateien des Benutzers verursachen k\u00f6nnten, und lehnt jede Verantwortung f\u00fcr Computer- oder andere Sch\u00e4den ab, die dem besuchenden Benutzer beim Zugriff auf die Inhalte dieser Website entstehen k\u00f6nnten.<\/p>\r\n<p>&nbsp;<\/p><h3>Geltende Gesetzgebung und zust\u00e4ndige Gerichtsbarkeit<\/h3><p>Dieser Rechtliche Hinweis unterliegt in jedem einzelnen seiner Aspekte dem spanischen Recht. F\u00fcr die Beilegung von Rechtsstreitigkeiten, die sich aus der Existenz, dem Zugang, der Nutzung oder dem Inhalt dieses rechtlichen Hinweises oder unserer Website ergeben k\u00f6nnten, wenden sich die interessierten Parteien unter ausdr\u00fccklichem Verzicht auf eine andere Gerichtsbarkeit an die Gerichte und Tribunale der Stadt Barcelona.<\/p>","protected":false},"excerpt":{"rendered":"<p>Allgemeine Informationen Die Website www.tucantex.com ist eine Internet-Domain, die von Tucantex zu Informationszwecken eingerichtet wurde und dazu dient, die von [&hellip;]<\/p>\n","protected":false},"author":2,"featured_media":0,"parent":0,"menu_order":0,"comment_status":"closed","ping_status":"open","template":"","meta":{"site-sidebar-layout":"default","site-content-layout":"","ast-site-content-layout":"","site-content-style":"default","site-sidebar-style":"default","ast-global-header-display":"","ast-banner-title-visibility":"","ast-main-header-display":"","ast-hfb-above-header-display":"","ast-hfb-below-header-display":"","ast-hfb-mobile-header-display":"","site-post-title":"","ast-breadcrumbs-content":"","ast-featured-img":"","footer-sml-layout":"","theme-transparent-header-meta":"","adv-header-id-meta":"","stick-header-meta":"","header-above-stick-meta":"","header-main-stick-meta":"","header-below-stick-meta":"","astra-migrate-meta-layouts":"default","ast-page-background-enabled":"default","ast-page-background-meta":{"desktop":{"background-color":"var(--ast-global-color-5)","background-image":"","background-repeat":"repeat","background-position":"center center","background-size":"auto","background-attachment":"scroll","background-type":"","background-media":"","overlay-type":"","overlay-color":"","overlay-opacity":"","overlay-gradient":""},"tablet":{"background-color":"","background-image":"","background-repeat":"repeat","background-position":"center center","background-size":"auto","background-attachment":"scroll","background-type":"","background-media":"","overlay-type":"","overlay-color":"","overlay-opacity":"","overlay-gradient":""},"mobile":{"background-color":"","background-image":"","background-repeat":"repeat","background-position":"center center","background-size":"auto","background-attachment":"scroll","background-type":"","background-media":"","overlay-type":"","overlay-color":"","overlay-opacity":"","overlay-gradient":""}},"ast-content-background-meta":{"desktop":{"background-color":"var(--ast-global-color-4)","background-image":"","background-repeat":"repeat","background-position":"center center","background-size":"auto","background-attachment":"scroll","background-type":"","background-media":"","overlay-type":"","overlay-color":"","overlay-opacity":"","overlay-gradient":""},"tablet":{"background-color":"var(--ast-global-color-4)","background-image":"","background-repeat":"repeat","background-position":"center center","background-size":"auto","background-attachment":"scroll","background-type":"","background-media":"","overlay-type":"","overlay-color":"","overlay-opacity":"","overlay-gradient":""},"mobile":{"background-color":"var(--ast-global-color-4)","background-image":"","background-repeat":"repeat","background-position":"center center","background-size":"auto","background-attachment":"scroll","background-type":"","background-media":"","overlay-type":"","overlay-color":"","overlay-opacity":"","overlay-gradient":""}},"footnotes":""},"class_list":["post-7830","page","type-page","status-publish","hentry"],"yoast_head":"<!-- This site is optimized with the Yoast SEO plugin v24.6 - https:\/\/yoast.com\/wordpress\/plugins\/seo\/ -->\n<title>RECHTLICHER HINWEIS -<\/title>\n<meta name=\"robots\" content=\"index, follow, max-snippet:-1, max-image-preview:large, max-video-preview:-1\" \/>\n<link rel=\"canonical\" href=\"https:\/\/www.tucantex.com\/de\/rechtliche-warnung\/\" \/>\n<meta property=\"og:locale\" content=\"de_DE\" \/>\n<meta property=\"og:type\" content=\"article\" \/>\n<meta property=\"og:title\" content=\"RECHTLICHER HINWEIS -\" \/>\n<meta property=\"og:description\" content=\"Allgemeine Informationen Die Website www.tucantex.com ist eine Internet-Domain, die von Tucantex zu Informationszwecken eingerichtet wurde und dazu dient, die von [&hellip;]\" \/>\n<meta property=\"og:url\" content=\"https:\/\/www.tucantex.com\/de\/rechtliche-warnung\/\" \/>\n<meta property=\"article:modified_time\" content=\"2020-11-11T11:08:49+00:00\" \/>\n<meta name=\"twitter:card\" content=\"summary_large_image\" \/>\n<meta name=\"twitter:label1\" content=\"Gesch\u00e4tzte Lesezeit\" \/>\n\t<meta name=\"twitter:data1\" content=\"9\u00a0Minuten\" \/>\n<script type=\"application\/ld+json\" class=\"yoast-schema-graph\">{\"@context\":\"https:\/\/schema.org\",\"@graph\":[{\"@type\":\"WebPage\",\"@id\":\"https:\/\/www.tucantex.com\/de\/rechtliche-warnung\/\",\"url\":\"https:\/\/www.tucantex.com\/de\/rechtliche-warnung\/\",\"name\":\"RECHTLICHER HINWEIS -\",\"isPartOf\":{\"@id\":\"https:\/\/www.tucantex.com\/de\/#website\"},\"datePublished\":\"2020-10-19T16:41:43+00:00\",\"dateModified\":\"2020-11-11T11:08:49+00:00\",\"breadcrumb\":{\"@id\":\"https:\/\/www.tucantex.com\/de\/rechtliche-warnung\/#breadcrumb\"},\"inLanguage\":\"de\",\"potentialAction\":[{\"@type\":\"ReadAction\",\"target\":[\"https:\/\/www.tucantex.com\/de\/rechtliche-warnung\/\"]}]},{\"@type\":\"BreadcrumbList\",\"@id\":\"https:\/\/www.tucantex.com\/de\/rechtliche-warnung\/#breadcrumb\",\"itemListElement\":[{\"@type\":\"ListItem\",\"position\":1,\"name\":\"Portada\",\"item\":\"https:\/\/www.tucantex.com\/de\/\"},{\"@type\":\"ListItem\",\"position\":2,\"name\":\"RECHTLICHER HINWEIS\"}]},{\"@type\":\"WebSite\",\"@id\":\"https:\/\/www.tucantex.com\/de\/#website\",\"url\":\"https:\/\/www.tucantex.com\/de\/\",\"name\":\"\",\"description\":\"Tejidos inteligentes\",\"potentialAction\":[{\"@type\":\"SearchAction\",\"target\":{\"@type\":\"EntryPoint\",\"urlTemplate\":\"https:\/\/www.tucantex.com\/de\/?s={search_term_string}\"},\"query-input\":{\"@type\":\"PropertyValueSpecification\",\"valueRequired\":true,\"valueName\":\"search_term_string\"}}],\"inLanguage\":\"de\"}]}<\/script>\n<!-- \/ Yoast SEO plugin. -->","yoast_head_json":{"title":"RECHTLICHER HINWEIS -","robots":{"index":"index","follow":"follow","max-snippet":"max-snippet:-1","max-image-preview":"max-image-preview:large","max-video-preview":"max-video-preview:-1"},"canonical":"https:\/\/www.tucantex.com\/de\/rechtliche-warnung\/","og_locale":"de_DE","og_type":"article","og_title":"RECHTLICHER HINWEIS -","og_description":"Allgemeine Informationen Die Website www.tucantex.com ist eine Internet-Domain, die von Tucantex zu Informationszwecken eingerichtet wurde und dazu dient, die von [&hellip;]","og_url":"https:\/\/www.tucantex.com\/de\/rechtliche-warnung\/","article_modified_time":"2020-11-11T11:08:49+00:00","twitter_card":"summary_large_image","twitter_misc":{"Gesch\u00e4tzte Lesezeit":"9\u00a0Minuten"},"schema":{"@context":"https:\/\/schema.org","@graph":[{"@type":"WebPage","@id":"https:\/\/www.tucantex.com\/de\/rechtliche-warnung\/","url":"https:\/\/www.tucantex.com\/de\/rechtliche-warnung\/","name":"RECHTLICHER HINWEIS -","isPartOf":{"@id":"https:\/\/www.tucantex.com\/de\/#website"},"datePublished":"2020-10-19T16:41:43+00:00","dateModified":"2020-11-11T11:08:49+00:00","breadcrumb":{"@id":"https:\/\/www.tucantex.com\/de\/rechtliche-warnung\/#breadcrumb"},"inLanguage":"de","potentialAction":[{"@type":"ReadAction","target":["https:\/\/www.tucantex.com\/de\/rechtliche-warnung\/"]}]},{"@type":"BreadcrumbList","@id":"https:\/\/www.tucantex.com\/de\/rechtliche-warnung\/#breadcrumb","itemListElement":[{"@type":"ListItem","position":1,"name":"Portada","item":"https:\/\/www.tucantex.com\/de\/"},{"@type":"ListItem","position":2,"name":"RECHTLICHER HINWEIS"}]},{"@type":"WebSite","@id":"https:\/\/www.tucantex.com\/de\/#website","url":"https:\/\/www.tucantex.com\/de\/","name":"","description":"Tejidos inteligentes","potentialAction":[{"@type":"SearchAction","target":{"@type":"EntryPoint","urlTemplate":"https:\/\/www.tucantex.com\/de\/?s={search_term_string}"},"query-input":{"@type":"PropertyValueSpecification","valueRequired":true,"valueName":"search_term_string"}}],"inLanguage":"de"}]}},"_links":{"self":[{"href":"https:\/\/www.tucantex.com\/de\/wp-json\/wp\/v2\/pages\/7830","targetHints":{"allow":["GET"]}}],"collection":[{"href":"https:\/\/www.tucantex.com\/de\/wp-json\/wp\/v2\/pages"}],"about":[{"href":"https:\/\/www.tucantex.com\/de\/wp-json\/wp\/v2\/types\/page"}],"author":[{"embeddable":true,"href":"https:\/\/www.tucantex.com\/de\/wp-json\/wp\/v2\/users\/2"}],"replies":[{"embeddable":true,"href":"https:\/\/www.tucantex.com\/de\/wp-json\/wp\/v2\/comments?post=7830"}],"version-history":[{"count":5,"href":"https:\/\/www.tucantex.com\/de\/wp-json\/wp\/v2\/pages\/7830\/revisions"}],"predecessor-version":[{"id":9812,"href":"https:\/\/www.tucantex.com\/de\/wp-json\/wp\/v2\/pages\/7830\/revisions\/9812"}],"wp:attachment":[{"href":"https:\/\/www.tucantex.com\/de\/wp-json\/wp\/v2\/media?parent=7830"}],"curies":[{"name":"wp","href":"https:\/\/api.w.org\/{rel}","templated":true}]}}