{"id":7999,"date":"2020-10-24T13:25:40","date_gmt":"2020-10-24T13:25:40","guid":{"rendered":"https:\/\/www.tucantex.com\/?page_id=7999"},"modified":"2021-09-20T16:20:43","modified_gmt":"2021-09-20T16:20:43","slug":"ueber-uns","status":"publish","type":"page","link":"https:\/\/www.tucantex.com\/de\/ueber-uns\/","title":{"rendered":"\u00dcber Uns"},"content":{"rendered":"<p>[vc_row row_content_width=&#8220;grid&#8220; content_text_aligment=&#8220;center&#8220; css=&#8220;.vc_custom_1585826734594{padding-top: 8% !important;padding-bottom: 8% !important;}&#8220; parallax_background_image=&#8220;3462&#8243;][vc_column offset=&#8220;vc_col-lg-offset-2 vc_col-lg-8&#8243; css=&#8220;.vc_custom_1505984144226{padding-top: 0px !important;padding-right: 0px !important;padding-bottom: 0px !important;padding-left: 0px !important;}&#8220;][mkdf_elements_holder holder_full_height=&#8220;no&#8220; number_of_columns=&#8220;one-column&#8220; switch_to_one_column=&#8220;&#8220; alignment_one_column=&#8220;&#8220;][mkdf_elements_holder_item inner_border=&#8220;yes&#8220; horizontal_alignment=&#8220;center&#8220; background_color=&#8220;rgba(255,255,255,0.7)&#8220; item_padding=&#8220;100px 0 63px&#8220;][vc_empty_space height=&#8220;10px&#8220;][mkdf_separator border_style=&#8220;&#8220; color=&#8220;#d6b981&#8243; width=&#8220;265px&#8220; thickness=&#8220;1&#8243; bottom_margin=&#8220;0&#8243;][mkdf_custom_font title_tag=&#8220;&#8220; font_weight=&#8220;400&#8243; font_style=&#8220;&#8220; text_transform=&#8220;&#8220; text_decoration=&#8220;&#8220; text_align=&#8220;&#8220; title=&#8220;\u00dcBER UNS&#8220; font_family=&#8220;Prato&#8220; font_size=&#8220;55px&#8220;][\/mkdf_elements_holder_item][\/mkdf_elements_holder][\/vc_column][\/vc_row][vc_row row_content_width=&#8220;grid&#8220; disable_background_image=&#8220;&#8220; css=&#8220;.vc_custom_1585828100094{padding-top: 110px !important;padding-bottom: 80px !important;}&#8220; simple_background_image=&#8220;3471&#8243;][vc_column][mkdf_elements_holder holder_full_height=&#8220;no&#8220; number_of_columns=&#8220;one-column&#8220; switch_to_one_column=&#8220;&#8220; alignment_one_column=&#8220;&#8220;][mkdf_elements_holder_item horizontal_alignment=&#8220;center&#8220; item_padding=&#8220;0px 24% 78px&#8220; item_padding_1280_1600=&#8220;0px 20% 78px&#8220; item_padding_1024_1280=&#8220;0px 18% 78px&#8220; item_padding_768_1024=&#8220;0px 5% 78px&#8220; item_padding_680_768=&#8220;0px 0 78px&#8220; item_padding_680=&#8220;0px 0 78px&#8220;][mkdf_section_title type=&#8220;standard&#8220; position=&#8220;center&#8220; separator=&#8220;yes&#8220; title_tag=&#8220;&#8220; disable_break_words=&#8220;no&#8220; image=&#8220;88&#8243; title=&#8220;Qualit\u00e4t, Service, Vertrauen und pers\u00f6nliche Behandlung&#8220;][vc_column_text][\/vc_column_text][mkdf_separator border_style=&#8220;&#8220; color=&#8220;#ffffff&#8220; width=&#8220;265px&#8220; thickness=&#8220;1&#8243; bottom_margin=&#8220;0&#8243;][mkdf_separator border_style=&#8220;&#8220; color=&#8220;#ffffff&#8220;][vc_custom_heading text=&#8220;&#8220; font_container=&#8220;tag:h3|text_align:center&#8220; google_fonts=&#8220;font_family:Prata%3Aregular|font_style:400%20regular%3A400%3Anormal&#8220;][vc_column_text]Wir sind ein Familienunternehmen, das sich auf die Herstellung und Konfektionierung von hochwertigen Spezialgeweben aus Mikrofaser, Mikrobaumwolle und Baumwolle spezialisiert hat.<\/p>\n<p>Seit mehr als 25 Jahren entwerfen, produzieren und konfektionieren wir eine breite Palette von Stoffen und Textilprodukten mit unterschiedlichen Eigenschaften, immer unter der Pr\u00e4misse von Qualit\u00e4t, Vielseitigkeit, Wohlbefinden und Umweltfreundlichkeit, sowohl bei den Herstellungsverfahren als auch beim Ergebnis und der Verwendbarkeit des Endprodukts.<\/p>\n<div class=\"gmail_default\">\n<p align=\"justify\">Unser Anliegen ist es, unseren Kunden ein qualitativ hervorragendes, nachhaltiges und weiches Material zum Wohlf\u00fchlen anzubieten.<\/p>\n<p align=\"justify\">All unsere Produkte sind \u00d6ko-Tex zertifiziert &#8211; das heisst, wir m\u00f6chten unsere Kunden und unsere Umwelt vor Schadstoffen bewahren und sch\u00fctzen.<\/p>\n<p align=\"justify\">Daher setzen wir den Fokus auf nachhaltige und hochwertige Produkte.<\/p>\n<p align=\"justify\">Nachhaltigkeit bedeutet f\u00fcr uns, verantwortungsvoll und lokal Produkte herzustellen, die im t\u00e4glichen Einsatz wenig Wasser, Strom und Plastik brauchen, deren Reinigung und Trockung zeitsparend ist und die langfristig und verl\u00e4sslich ein optimales Wohlf\u00fchl-Gef\u00fchl schenken.<\/p>\n<\/div>\n<p>[\/vc_column_text][vc_separator color=&#8220;custom&#8220; el_width=&#8220;50&#8243; accent_color=&#8220;#cba65a&#8220; css=&#8220;.vc_custom_1585825776212{margin-top: 100px !important;margin-bottom: 50px !important;}&#8220;][\/mkdf_elements_holder_item][\/mkdf_elements_holder][\/vc_column][\/vc_row][vc_row][vc_column][vc_column_text]<\/p>\n<p style=\"text-align: center;\">SPURENSCHREIBUNG<br \/>\n-2002 f\u00fchren wir die &#8222;Esponjosa Balneo Qualit\u00e4t&#8220; ein, sehr weich und leicht, speziell f\u00fcr Wellness-Zentren wie Spas, die sich durch die Einsparung von Wasser, Energie und Zeit auszeichnen.<\/p>\n<p style=\"text-align: center;\">-2006 beginnen wir unsere Zusammenarbeit im Hotelsektor mit der Einf\u00fchrung neuer Artikel, die Energieeinsparungen erm\u00f6glichen.<br \/>\n-2015 erweitern wir unsere Technologie zur &#8222;Balneo Compact Qualit\u00e4t&#8220; auf Handt\u00fccher, und wir beginnen die Personalisierung im Digitaldruck.<br \/>\n-2018 haben wir die &#8222;Micro-Cotton Balneo Qualit\u00e4t&#8220; entwickelt, die eine schnellere Trocknung erm\u00f6glicht.<br \/>\n-2021 Wir bieten Stoffe zur Personalisierung mit recyceltem Garn aus Pet-Flaschen, zum Bedrucken von leuchtenden Farben und auch wei\u00dfen Stoffen f\u00fcr Sublimation.<\/p>\n<p>[\/vc_column_text][\/vc_column][\/vc_row][vc_row][vc_column][vc_single_image image=&#8220;8383&#8243; img_size=&#8220;900&#215;137&#8243; alignment=&#8220;center&#8220;][\/vc_column][\/vc_row][vc_row][vc_column][vc_empty_space][\/vc_column][\/vc_row][vc_row][vc_column][vc_separator][\/vc_column][\/vc_row][vc_row][vc_column][vc_separator][\/vc_column][\/vc_row]<\/p>\n","protected":false},"excerpt":{"rendered":"<p>[vc_row row_content_width=&#8220;grid&#8220; content_text_aligment=&#8220;center&#8220; css=&#8220;.vc_custom_1585826734594{padding-top: 8% !important;padding-bottom: 8% !important;}&#8220; parallax_background_image=&#8220;3462&#8243;][vc_column offset=&#8220;vc_col-lg-offset-2 vc_col-lg-8&#8243; css=&#8220;.vc_custom_1505984144226{padding-top: 0px !important;padding-right: 0px !important;padding-bottom: 0px !important;padding-left: 0px !important;}&#8220;][mkdf_elements_holder [&hellip;]<\/p>\n","protected":false},"author":2,"featured_media":0,"parent":0,"menu_order":0,"comment_status":"closed","ping_status":"closed","template":"full-width.php","meta":{"site-sidebar-layout":"no-sidebar","site-content-layout":"plain-container","ast-site-content-layout":"","site-content-style":"default","site-sidebar-style":"default","ast-global-header-display":"","ast-banner-title-visibility":"","ast-main-header-display":"","ast-hfb-above-header-display":"","ast-hfb-below-header-display":"","ast-hfb-mobile-header-display":"","site-post-title":"disabled","ast-breadcrumbs-content":"","ast-featured-img":"disabled","footer-sml-layout":"","theme-transparent-header-meta":"","adv-header-id-meta":"","stick-header-meta":"","header-above-stick-meta":"","header-main-stick-meta":"","header-below-stick-meta":"","astra-migrate-meta-layouts":"default","ast-page-background-enabled":"default","ast-page-background-meta":{"desktop":{"background-color":"var(--ast-global-color-5)","background-image":"","background-repeat":"repeat","background-position":"center center","background-size":"auto","background-attachment":"scroll","background-type":"","background-media":"","overlay-type":"","overlay-color":"","overlay-opacity":"","overlay-gradient":""},"tablet":{"background-color":"","background-image":"","background-repeat":"repeat","background-position":"center center","background-size":"auto","background-attachment":"scroll","background-type":"","background-media":"","overlay-type":"","overlay-color":"","overlay-opacity":"","overlay-gradient":""},"mobile":{"background-color":"","background-image":"","background-repeat":"repeat","background-position":"center center","background-size":"auto","background-attachment":"scroll","background-type":"","background-media":"","overlay-type":"","overlay-color":"","overlay-opacity":"","overlay-gradient":""}},"ast-content-background-meta":{"desktop":{"background-color":"var(--ast-global-color-4)","background-image":"","background-repeat":"repeat","background-position":"center center","background-size":"auto","background-attachment":"scroll","background-type":"","background-media":"","overlay-type":"","overlay-color":"","overlay-opacity":"","overlay-gradient":""},"tablet":{"background-color":"var(--ast-global-color-4)","background-image":"","background-repeat":"repeat","background-position":"center center","background-size":"auto","background-attachment":"scroll","background-type":"","background-media":"","overlay-type":"","overlay-color":"","overlay-opacity":"","overlay-gradient":""},"mobile":{"background-color":"var(--ast-global-color-4)","background-image":"","background-repeat":"repeat","background-position":"center center","background-size":"auto","background-attachment":"scroll","background-type":"","background-media":"","overlay-type":"","overlay-color":"","overlay-opacity":"","overlay-gradient":""}},"footnotes":""},"class_list":["post-7999","page","type-page","status-publish","hentry"],"yoast_head":"<!-- This site is optimized with the Yoast SEO plugin v24.6 - https:\/\/yoast.com\/wordpress\/plugins\/seo\/ -->\n<title>\u00dcber Uns -<\/title>\n<meta name=\"robots\" content=\"index, follow, max-snippet:-1, max-image-preview:large, max-video-preview:-1\" \/>\n<link rel=\"canonical\" href=\"https:\/\/www.tucantex.com\/de\/ueber-uns\/\" \/>\n<meta property=\"og:locale\" content=\"de_DE\" \/>\n<meta property=\"og:type\" content=\"article\" \/>\n<meta property=\"og:title\" content=\"\u00dcber Uns -\" \/>\n<meta property=\"og:description\" content=\"[vc_row row_content_width=&#8220;grid&#8220; content_text_aligment=&#8220;center&#8220; css=&#8220;.vc_custom_1585826734594{padding-top: 8% !important;padding-bottom: 8% !important;}&#8220; parallax_background_image=&#8220;3462&#8243;][vc_column offset=&#8220;vc_col-lg-offset-2 vc_col-lg-8&#8243; css=&#8220;.vc_custom_1505984144226{padding-top: 0px !important;padding-right: 0px !important;padding-bottom: 0px !important;padding-left: 0px !important;}&#8220;][mkdf_elements_holder [&hellip;]\" \/>\n<meta property=\"og:url\" content=\"https:\/\/www.tucantex.com\/de\/ueber-uns\/\" \/>\n<meta property=\"article:modified_time\" content=\"2021-09-20T16:20:43+00:00\" \/>\n<meta name=\"twitter:card\" content=\"summary_large_image\" \/>\n<meta name=\"twitter:label1\" content=\"Gesch\u00e4tzte Lesezeit\" \/>\n\t<meta name=\"twitter:data1\" content=\"3\u00a0Minuten\" \/>\n<script type=\"application\/ld+json\" class=\"yoast-schema-graph\">{\"@context\":\"https:\/\/schema.org\",\"@graph\":[{\"@type\":\"WebPage\",\"@id\":\"https:\/\/www.tucantex.com\/de\/ueber-uns\/\",\"url\":\"https:\/\/www.tucantex.com\/de\/ueber-uns\/\",\"name\":\"\u00dcber Uns -\",\"isPartOf\":{\"@id\":\"https:\/\/www.tucantex.com\/de\/#website\"},\"datePublished\":\"2020-10-24T13:25:40+00:00\",\"dateModified\":\"2021-09-20T16:20:43+00:00\",\"breadcrumb\":{\"@id\":\"https:\/\/www.tucantex.com\/de\/ueber-uns\/#breadcrumb\"},\"inLanguage\":\"de\",\"potentialAction\":[{\"@type\":\"ReadAction\",\"target\":[\"https:\/\/www.tucantex.com\/de\/ueber-uns\/\"]}]},{\"@type\":\"BreadcrumbList\",\"@id\":\"https:\/\/www.tucantex.com\/de\/ueber-uns\/#breadcrumb\",\"itemListElement\":[{\"@type\":\"ListItem\",\"position\":1,\"name\":\"Portada\",\"item\":\"https:\/\/www.tucantex.com\/de\/\"},{\"@type\":\"ListItem\",\"position\":2,\"name\":\"\u00dcber Uns\"}]},{\"@type\":\"WebSite\",\"@id\":\"https:\/\/www.tucantex.com\/de\/#website\",\"url\":\"https:\/\/www.tucantex.com\/de\/\",\"name\":\"\",\"description\":\"Tejidos inteligentes\",\"potentialAction\":[{\"@type\":\"SearchAction\",\"target\":{\"@type\":\"EntryPoint\",\"urlTemplate\":\"https:\/\/www.tucantex.com\/de\/?s={search_term_string}\"},\"query-input\":{\"@type\":\"PropertyValueSpecification\",\"valueRequired\":true,\"valueName\":\"search_term_string\"}}],\"inLanguage\":\"de\"}]}<\/script>\n<!-- \/ Yoast SEO plugin. -->","yoast_head_json":{"title":"\u00dcber Uns -","robots":{"index":"index","follow":"follow","max-snippet":"max-snippet:-1","max-image-preview":"max-image-preview:large","max-video-preview":"max-video-preview:-1"},"canonical":"https:\/\/www.tucantex.com\/de\/ueber-uns\/","og_locale":"de_DE","og_type":"article","og_title":"\u00dcber Uns -","og_description":"[vc_row row_content_width=&#8220;grid&#8220; content_text_aligment=&#8220;center&#8220; css=&#8220;.vc_custom_1585826734594{padding-top: 8% !important;padding-bottom: 8% !important;}&#8220; parallax_background_image=&#8220;3462&#8243;][vc_column offset=&#8220;vc_col-lg-offset-2 vc_col-lg-8&#8243; css=&#8220;.vc_custom_1505984144226{padding-top: 0px !important;padding-right: 0px !important;padding-bottom: 0px !important;padding-left: 0px !important;}&#8220;][mkdf_elements_holder [&hellip;]","og_url":"https:\/\/www.tucantex.com\/de\/ueber-uns\/","article_modified_time":"2021-09-20T16:20:43+00:00","twitter_card":"summary_large_image","twitter_misc":{"Gesch\u00e4tzte Lesezeit":"3\u00a0Minuten"},"schema":{"@context":"https:\/\/schema.org","@graph":[{"@type":"WebPage","@id":"https:\/\/www.tucantex.com\/de\/ueber-uns\/","url":"https:\/\/www.tucantex.com\/de\/ueber-uns\/","name":"\u00dcber Uns -","isPartOf":{"@id":"https:\/\/www.tucantex.com\/de\/#website"},"datePublished":"2020-10-24T13:25:40+00:00","dateModified":"2021-09-20T16:20:43+00:00","breadcrumb":{"@id":"https:\/\/www.tucantex.com\/de\/ueber-uns\/#breadcrumb"},"inLanguage":"de","potentialAction":[{"@type":"ReadAction","target":["https:\/\/www.tucantex.com\/de\/ueber-uns\/"]}]},{"@type":"BreadcrumbList","@id":"https:\/\/www.tucantex.com\/de\/ueber-uns\/#breadcrumb","itemListElement":[{"@type":"ListItem","position":1,"name":"Portada","item":"https:\/\/www.tucantex.com\/de\/"},{"@type":"ListItem","position":2,"name":"\u00dcber Uns"}]},{"@type":"WebSite","@id":"https:\/\/www.tucantex.com\/de\/#website","url":"https:\/\/www.tucantex.com\/de\/","name":"","description":"Tejidos inteligentes","potentialAction":[{"@type":"SearchAction","target":{"@type":"EntryPoint","urlTemplate":"https:\/\/www.tucantex.com\/de\/?s={search_term_string}"},"query-input":{"@type":"PropertyValueSpecification","valueRequired":true,"valueName":"search_term_string"}}],"inLanguage":"de"}]}},"_links":{"self":[{"href":"https:\/\/www.tucantex.com\/de\/wp-json\/wp\/v2\/pages\/7999","targetHints":{"allow":["GET"]}}],"collection":[{"href":"https:\/\/www.tucantex.com\/de\/wp-json\/wp\/v2\/pages"}],"about":[{"href":"https:\/\/www.tucantex.com\/de\/wp-json\/wp\/v2\/types\/page"}],"author":[{"embeddable":true,"href":"https:\/\/www.tucantex.com\/de\/wp-json\/wp\/v2\/users\/2"}],"replies":[{"embeddable":true,"href":"https:\/\/www.tucantex.com\/de\/wp-json\/wp\/v2\/comments?post=7999"}],"version-history":[{"count":32,"href":"https:\/\/www.tucantex.com\/de\/wp-json\/wp\/v2\/pages\/7999\/revisions"}],"predecessor-version":[{"id":14166,"href":"https:\/\/www.tucantex.com\/de\/wp-json\/wp\/v2\/pages\/7999\/revisions\/14166"}],"wp:attachment":[{"href":"https:\/\/www.tucantex.com\/de\/wp-json\/wp\/v2\/media?parent=7999"}],"curies":[{"name":"wp","href":"https:\/\/api.w.org\/{rel}","templated":true}]}}