{"id":10148,"date":"2020-08-09T21:10:13","date_gmt":"2020-08-09T21:10:13","guid":{"rendered":"https:\/\/www.tucantex.com\/producto\/decken-100-acryl-400-gr-m2\/"},"modified":"2021-04-22T12:11:48","modified_gmt":"2021-04-22T12:11:48","slug":"100-acryldecken-400-gr-m2","status":"publish","type":"product","link":"https:\/\/www.tucantex.com\/de\/producto\/100-acryldecken-400-gr-m2\/","title":{"rendered":"100% ACRYLDECKEN, 400 GR.\/M2"},"content":{"rendered":"<p><img decoding=\"async\" class=\"alignnone size-full wp-image-8245\" src=\"https:\/\/www.tucantex.com\/wp-content\/uploads\/2020\/09\/OEKO-TEX.png\" alt=\"\" width=\"300\" height=\"137\" \/><\/p>\n<p>Sch\u00f6ne warme Decken in verschiedenen Farben.<\/p>\n<p>&nbsp;<\/p>\n<p><strong>MATERIAL<\/strong><\/p>\n<p>100% Acryl<\/p>\n<p>&nbsp;<\/p>\n<p><strong>PFLEGE<\/strong><\/p>\n<p>ACHTUNG Maximale W\u00e4sche bei 30\u00ba (nicht drehen), schonende W\u00e4sche (nicht b\u00fcgeln). Verwenden Sie keine Bleichmittel oder Reinigungsmittel.<\/p>\n<p>&nbsp;<\/p>\n<p>&nbsp;<\/p>\n<h6><a href=\"https:\/\/www.tucantex.com\/de\/kontakt\/\"><strong> Fordern Sie ihren angebot<\/strong><\/a><\/h6>\n","protected":false},"excerpt":{"rendered":"<p>Feine Decke mit einem Gewicht von 400gr\/m\u00b2, 100% Acryl, erh\u00e4ltlich in verschiedenen Gr\u00f6\u00dfen und Farben: hellblau, beige und gr\u00fcn.<\/p>\n<p>&nbsp;<\/p>\n<p><img decoding=\"async\" class=\"alignnone size-full wp-image-8243\" src=\"https:\/\/www.tucantex.com\/wp-content\/uploads\/2020\/09\/OEKO-TEX.png\" alt=\"\" width=\"300\" height=\"137\" \/><\/p>\n<p>&nbsp;<\/p>\n<h5>MATERIAL<\/h5>\n<p>100% Acryl<\/p>\n<h5>PFLEGE<\/h5>\n<p>Bei maximal 30\u00ba waschen (nicht schleudern), schonend waschen (nicht b\u00fcgeln). Verwenden Sie keine Bleich- oder Waschmittel.<\/p>\n<p>&nbsp;<\/p>\n<h3><a href=\"https:\/\/www.tucantex.com\/de\/kontakt\/\"><strong>FORDERN SIE IHREN ANGEBOT<\/strong><\/a><\/h3>\n","protected":false},"featured_media":10154,"template":"","meta":{"site-sidebar-layout":"default","site-content-layout":"","ast-site-content-layout":"","site-content-style":"default","site-sidebar-style":"default","ast-global-header-display":"","ast-banner-title-visibility":"","ast-main-header-display":"","ast-hfb-above-header-display":"","ast-hfb-below-header-display":"","ast-hfb-mobile-header-display":"","site-post-title":"","ast-breadcrumbs-content":"","ast-featured-img":"","footer-sml-layout":"","theme-transparent-header-meta":"","adv-header-id-meta":"","stick-header-meta":"","header-above-stick-meta":"","header-main-stick-meta":"","header-below-stick-meta":"","astra-migrate-meta-layouts":"default","ast-page-background-enabled":"default","ast-page-background-meta":{"desktop":{"background-color":"var(--ast-global-color-5)","background-image":"","background-repeat":"repeat","background-position":"center center","background-size":"auto","background-attachment":"scroll","background-type":"","background-media":"","overlay-type":"","overlay-color":"","overlay-opacity":"","overlay-gradient":""},"tablet":{"background-color":"","background-image":"","background-repeat":"repeat","background-position":"center center","background-size":"auto","background-attachment":"scroll","background-type":"","background-media":"","overlay-type":"","overlay-color":"","overlay-opacity":"","overlay-gradient":""},"mobile":{"background-color":"","background-image":"","background-repeat":"repeat","background-position":"center center","background-size":"auto","background-attachment":"scroll","background-type":"","background-media":"","overlay-type":"","overlay-color":"","overlay-opacity":"","overlay-gradient":""}},"ast-content-background-meta":{"desktop":{"background-color":"var(--ast-global-color-4)","background-image":"","background-repeat":"repeat","background-position":"center center","background-size":"auto","background-attachment":"scroll","background-type":"","background-media":"","overlay-type":"","overlay-color":"","overlay-opacity":"","overlay-gradient":""},"tablet":{"background-color":"var(--ast-global-color-4)","background-image":"","background-repeat":"repeat","background-position":"center center","background-size":"auto","background-attachment":"scroll","background-type":"","background-media":"","overlay-type":"","overlay-color":"","overlay-opacity":"","overlay-gradient":""},"mobile":{"background-color":"var(--ast-global-color-4)","background-image":"","background-repeat":"repeat","background-position":"center center","background-size":"auto","background-attachment":"scroll","background-type":"","background-media":"","overlay-type":"","overlay-color":"","overlay-opacity":"","overlay-gradient":""}}},"product_brand":[],"product_cat":[856,577,578,576],"product_tag":[],"class_list":{"0":"post-10148","1":"product","2":"type-product","3":"status-publish","4":"has-post-thumbnail","6":"product_cat-decken","7":"product_cat-hotels-de","8":"product_cat-krankenhauser-residenzen","9":"product_cat-spa-wellness-de","10":"desktop-align-left","11":"tablet-align-left","12":"mobile-align-left","14":"first","15":"instock","16":"taxable","17":"shipping-taxable","18":"purchasable","19":"product-type-variable","20":"has-default-attributes"},"yoast_head":"<!-- This site is optimized with the Yoast SEO plugin v24.6 - https:\/\/yoast.com\/wordpress\/plugins\/seo\/ -->\n<title>Textile Produkte f\u00fcr verschiedene Bereiche wie Spas, Werbung, usw.<\/title>\n<meta name=\"description\" content=\"Textile Produkte f\u00fcr verschiedene Bereiche wie z.B. Wellness- und Hotellerie, Werbung, Krankenh\u00e4user, etc...\" \/>\n<meta name=\"robots\" content=\"index, follow, max-snippet:-1, max-image-preview:large, max-video-preview:-1\" \/>\n<link rel=\"canonical\" href=\"https:\/\/www.tucantex.com\/de\/producto\/100-acryldecken-400-gr-m2\/\" \/>\n<meta property=\"og:locale\" content=\"de_DE\" \/>\n<meta property=\"og:type\" content=\"article\" \/>\n<meta property=\"og:title\" content=\"Textile Produkte f\u00fcr verschiedene Bereiche wie Spas, Werbung, usw.\" \/>\n<meta property=\"og:description\" content=\"Textile Produkte f\u00fcr verschiedene Bereiche wie z.B. Wellness- und Hotellerie, Werbung, Krankenh\u00e4user, etc...\" \/>\n<meta property=\"og:url\" content=\"https:\/\/www.tucantex.com\/de\/producto\/100-acryldecken-400-gr-m2\/\" \/>\n<meta property=\"article:modified_time\" content=\"2021-04-22T12:11:48+00:00\" \/>\n<meta property=\"og:image\" content=\"https:\/\/www.tucantex.com\/wp-content\/uploads\/2020\/08\/mantas-lisas-1.jpg\" \/>\n\t<meta property=\"og:image:width\" content=\"1100\" \/>\n\t<meta property=\"og:image:height\" content=\"733\" \/>\n\t<meta property=\"og:image:type\" content=\"image\/jpeg\" \/>\n<meta name=\"twitter:card\" content=\"summary_large_image\" \/>\n<script type=\"application\/ld+json\" class=\"yoast-schema-graph\">{\"@context\":\"https:\/\/schema.org\",\"@graph\":[{\"@type\":\"WebPage\",\"@id\":\"https:\/\/www.tucantex.com\/de\/producto\/100-acryldecken-400-gr-m2\/\",\"url\":\"https:\/\/www.tucantex.com\/de\/producto\/100-acryldecken-400-gr-m2\/\",\"name\":\"Textile Produkte f\u00fcr verschiedene Bereiche wie Spas, Werbung, usw.\",\"isPartOf\":{\"@id\":\"https:\/\/www.tucantex.com\/de\/#website\"},\"primaryImageOfPage\":{\"@id\":\"https:\/\/www.tucantex.com\/de\/producto\/100-acryldecken-400-gr-m2\/#primaryimage\"},\"image\":{\"@id\":\"https:\/\/www.tucantex.com\/de\/producto\/100-acryldecken-400-gr-m2\/#primaryimage\"},\"thumbnailUrl\":\"https:\/\/www.tucantex.com\/wp-content\/uploads\/2020\/08\/mantas-lisas-1.jpg\",\"datePublished\":\"2020-08-09T21:10:13+00:00\",\"dateModified\":\"2021-04-22T12:11:48+00:00\",\"description\":\"Textile Produkte f\u00fcr verschiedene Bereiche wie z.B. Wellness- und Hotellerie, Werbung, Krankenh\u00e4user, etc...\",\"breadcrumb\":{\"@id\":\"https:\/\/www.tucantex.com\/de\/producto\/100-acryldecken-400-gr-m2\/#breadcrumb\"},\"inLanguage\":\"de\",\"potentialAction\":[{\"@type\":\"ReadAction\",\"target\":[\"https:\/\/www.tucantex.com\/de\/producto\/100-acryldecken-400-gr-m2\/\"]}]},{\"@type\":\"ImageObject\",\"inLanguage\":\"de\",\"@id\":\"https:\/\/www.tucantex.com\/de\/producto\/100-acryldecken-400-gr-m2\/#primaryimage\",\"url\":\"https:\/\/www.tucantex.com\/wp-content\/uploads\/2020\/08\/mantas-lisas-1.jpg\",\"contentUrl\":\"https:\/\/www.tucantex.com\/wp-content\/uploads\/2020\/08\/mantas-lisas-1.jpg\",\"width\":1100,\"height\":733},{\"@type\":\"BreadcrumbList\",\"@id\":\"https:\/\/www.tucantex.com\/de\/producto\/100-acryldecken-400-gr-m2\/#breadcrumb\",\"itemListElement\":[{\"@type\":\"ListItem\",\"position\":1,\"name\":\"Portada\",\"item\":\"https:\/\/www.tucantex.com\/de\/\"},{\"@type\":\"ListItem\",\"position\":2,\"name\":\"Produkte\",\"item\":\"https:\/\/www.tucantex.com\/de\/shop\/\"},{\"@type\":\"ListItem\",\"position\":3,\"name\":\"100% ACRYLDECKEN, 400 GR.\/M2\"}]},{\"@type\":\"WebSite\",\"@id\":\"https:\/\/www.tucantex.com\/de\/#website\",\"url\":\"https:\/\/www.tucantex.com\/de\/\",\"name\":\"\",\"description\":\"Tejidos inteligentes\",\"potentialAction\":[{\"@type\":\"SearchAction\",\"target\":{\"@type\":\"EntryPoint\",\"urlTemplate\":\"https:\/\/www.tucantex.com\/de\/?s={search_term_string}\"},\"query-input\":{\"@type\":\"PropertyValueSpecification\",\"valueRequired\":true,\"valueName\":\"search_term_string\"}}],\"inLanguage\":\"de\"}]}<\/script>\n<!-- \/ Yoast SEO plugin. -->","yoast_head_json":{"title":"Textile Produkte f\u00fcr verschiedene Bereiche wie Spas, Werbung, usw.","description":"Textile Produkte f\u00fcr verschiedene Bereiche wie z.B. Wellness- und Hotellerie, Werbung, Krankenh\u00e4user, etc...","robots":{"index":"index","follow":"follow","max-snippet":"max-snippet:-1","max-image-preview":"max-image-preview:large","max-video-preview":"max-video-preview:-1"},"canonical":"https:\/\/www.tucantex.com\/de\/producto\/100-acryldecken-400-gr-m2\/","og_locale":"de_DE","og_type":"article","og_title":"Textile Produkte f\u00fcr verschiedene Bereiche wie Spas, Werbung, usw.","og_description":"Textile Produkte f\u00fcr verschiedene Bereiche wie z.B. Wellness- und Hotellerie, Werbung, Krankenh\u00e4user, etc...","og_url":"https:\/\/www.tucantex.com\/de\/producto\/100-acryldecken-400-gr-m2\/","article_modified_time":"2021-04-22T12:11:48+00:00","og_image":[{"width":1100,"height":733,"url":"https:\/\/www.tucantex.com\/wp-content\/uploads\/2020\/08\/mantas-lisas-1.jpg","type":"image\/jpeg"}],"twitter_card":"summary_large_image","schema":{"@context":"https:\/\/schema.org","@graph":[{"@type":"WebPage","@id":"https:\/\/www.tucantex.com\/de\/producto\/100-acryldecken-400-gr-m2\/","url":"https:\/\/www.tucantex.com\/de\/producto\/100-acryldecken-400-gr-m2\/","name":"Textile Produkte f\u00fcr verschiedene Bereiche wie Spas, Werbung, usw.","isPartOf":{"@id":"https:\/\/www.tucantex.com\/de\/#website"},"primaryImageOfPage":{"@id":"https:\/\/www.tucantex.com\/de\/producto\/100-acryldecken-400-gr-m2\/#primaryimage"},"image":{"@id":"https:\/\/www.tucantex.com\/de\/producto\/100-acryldecken-400-gr-m2\/#primaryimage"},"thumbnailUrl":"https:\/\/www.tucantex.com\/wp-content\/uploads\/2020\/08\/mantas-lisas-1.jpg","datePublished":"2020-08-09T21:10:13+00:00","dateModified":"2021-04-22T12:11:48+00:00","description":"Textile Produkte f\u00fcr verschiedene Bereiche wie z.B. Wellness- und Hotellerie, Werbung, Krankenh\u00e4user, etc...","breadcrumb":{"@id":"https:\/\/www.tucantex.com\/de\/producto\/100-acryldecken-400-gr-m2\/#breadcrumb"},"inLanguage":"de","potentialAction":[{"@type":"ReadAction","target":["https:\/\/www.tucantex.com\/de\/producto\/100-acryldecken-400-gr-m2\/"]}]},{"@type":"ImageObject","inLanguage":"de","@id":"https:\/\/www.tucantex.com\/de\/producto\/100-acryldecken-400-gr-m2\/#primaryimage","url":"https:\/\/www.tucantex.com\/wp-content\/uploads\/2020\/08\/mantas-lisas-1.jpg","contentUrl":"https:\/\/www.tucantex.com\/wp-content\/uploads\/2020\/08\/mantas-lisas-1.jpg","width":1100,"height":733},{"@type":"BreadcrumbList","@id":"https:\/\/www.tucantex.com\/de\/producto\/100-acryldecken-400-gr-m2\/#breadcrumb","itemListElement":[{"@type":"ListItem","position":1,"name":"Portada","item":"https:\/\/www.tucantex.com\/de\/"},{"@type":"ListItem","position":2,"name":"Produkte","item":"https:\/\/www.tucantex.com\/de\/shop\/"},{"@type":"ListItem","position":3,"name":"100% ACRYLDECKEN, 400 GR.\/M2"}]},{"@type":"WebSite","@id":"https:\/\/www.tucantex.com\/de\/#website","url":"https:\/\/www.tucantex.com\/de\/","name":"","description":"Tejidos inteligentes","potentialAction":[{"@type":"SearchAction","target":{"@type":"EntryPoint","urlTemplate":"https:\/\/www.tucantex.com\/de\/?s={search_term_string}"},"query-input":{"@type":"PropertyValueSpecification","valueRequired":true,"valueName":"search_term_string"}}],"inLanguage":"de"}]}},"_links":{"self":[{"href":"https:\/\/www.tucantex.com\/de\/wp-json\/wp\/v2\/product\/10148","targetHints":{"allow":["GET"]}}],"collection":[{"href":"https:\/\/www.tucantex.com\/de\/wp-json\/wp\/v2\/product"}],"about":[{"href":"https:\/\/www.tucantex.com\/de\/wp-json\/wp\/v2\/types\/product"}],"version-history":[{"count":1,"href":"https:\/\/www.tucantex.com\/de\/wp-json\/wp\/v2\/product\/10148\/revisions"}],"predecessor-version":[{"id":10498,"href":"https:\/\/www.tucantex.com\/de\/wp-json\/wp\/v2\/product\/10148\/revisions\/10498"}],"wp:featuredmedia":[{"embeddable":true,"href":"https:\/\/www.tucantex.com\/de\/wp-json\/wp\/v2\/media\/10154"}],"wp:attachment":[{"href":"https:\/\/www.tucantex.com\/de\/wp-json\/wp\/v2\/media?parent=10148"}],"wp:term":[{"taxonomy":"product_brand","embeddable":true,"href":"https:\/\/www.tucantex.com\/de\/wp-json\/wp\/v2\/product_brand?post=10148"},{"taxonomy":"product_cat","embeddable":true,"href":"https:\/\/www.tucantex.com\/de\/wp-json\/wp\/v2\/product_cat?post=10148"},{"taxonomy":"product_tag","embeddable":true,"href":"https:\/\/www.tucantex.com\/de\/wp-json\/wp\/v2\/product_tag?post=10148"}],"curies":[{"name":"wp","href":"https:\/\/api.w.org\/{rel}","templated":true}]}}