{"id":10204,"date":"2020-08-10T19:03:46","date_gmt":"2020-08-10T19:03:46","guid":{"rendered":"https:\/\/www.tucantex.com\/producto\/mantas-ignifugas\/"},"modified":"2020-12-04T11:09:16","modified_gmt":"2020-12-04T11:09:16","slug":"feuerfeste-decken","status":"publish","type":"product","link":"https:\/\/www.tucantex.com\/de\/producto\/feuerfeste-decken\/","title":{"rendered":"FEUERFESTE DECKEN"},"content":{"rendered":"<p><img decoding=\"async\" class=\"alignnone size-full wp-image-8245\" src=\"https:\/\/www.tucantex.com\/wp-content\/uploads\/2020\/09\/OEKO-TEX.png\" alt=\"\" width=\"300\" height=\"137\" \/><\/p>\n<pre id=\"tw-target-text\" class=\"tw-data-text tw-text-large XcVN5d tw-ta\" dir=\"ltr\" data-placeholder=\"Traducci\u00f3n\"><span lang=\"de\">Unsere L\u00f6schdecken wurden gem\u00e4\u00df UNE 23-727-90 und 23-735-94 mit M1-Zertifizierung vom AITEX Textile Technology Institute hergestellt.\r\n\r\nBest\u00e4ndig und von hoher Qualit\u00e4t. 420 g \/ m\u00b2.\r\nDie Probe wird als M1 klassifiziert und besteht die Tests auf Entflammbarkeitsindex, Flammenentwicklungsindex, maximalen L\u00e4ngenindex und Brennbarkeitsindex.\r\n\r\nEs wurde auch einem Test beschleunigter Alterungsprozesse unterzogen, bei dem die Deckenprobe einem intensiven Wasch- und Trocknungszyklus unterzogen wurde, wobei der Zyklus mit Dampfb\u00fcgeln und ohne Zwischenf\u00e4lle beendet wurde.\r\n\r\nVerf\u00fcgbarkeit von Decken mit gr\u00f6\u00dferer Breite, Verf\u00fcgbarkeit und Preise pr\u00fcfen.\r\n\r\n<strong>MATERIAL<\/strong>\r\n100% Polyester\r\n\r\n<\/span><\/pre>\n<h6 id=\"tw-target-text\" class=\"tw-data-text tw-text-large XcVN5d tw-ta\" dir=\"ltr\" data-placeholder=\"Traducci\u00f3n\"><a href=\"https:\/\/www.tucantex.com\/de\/kontakt\/\"><span lang=\"de\">Fordern Sie ein Angebot an<\/span><\/a><\/h6>\n","protected":false},"excerpt":{"rendered":"<p><img decoding=\"async\" class=\"alignnone size-full wp-image-8243\" src=\"https:\/\/www.tucantex.com\/wp-content\/uploads\/2020\/09\/OEKO-TEX.png\" alt=\"\" width=\"300\" height=\"137\" \/><\/p>\n<p align=\"justify\">Unsere feuerfesten Decken wurden in \u00dcbereinstimmung mit den Vorschriften UNE 23-727-90 und 23-735-94 hergestellt und sind vom AITEX Institut f\u00fcr Textiltechnologie nach M1 zertifiziert.<\/p>\n<p>Widerstandsf\u00e4hig und von hoher Qualit\u00e4t. 420 gr.\/m2.<\/p>\n<p align=\"justify\">Die Probe wird als M1 klassifiziert und besteht die Pr\u00fcfungen des Entflammbarkeitsindex, des Flammenentwicklungsindex, des Index der maximalen L\u00e4nge und des Brennbarkeitsindex.<\/p>\n<p align=\"justify\">Es wurde auch auf beschleunigte Alterungsprozesse getestet, bei denen die Probe der Decke einem intensiven Wasch- und Trocknungszyklus unterzogen wird, der mit einem Dampfb\u00fcgeln und ohne Zwischenf\u00e4lle endet.<\/p>\n<p align=\"justify\">Verf\u00fcgbarkeit von Decken mit gr\u00f6\u00dferen Breiten, Verf\u00fcgbarkeit und Preise pr\u00fcfen.<\/p>\n<h5>MATERIAL<\/h5>\n<p>100% Polyester<\/p>\n<p>&nbsp;<\/p>\n<h3><strong><a href=\"https:\/\/www.tucantex.com\/de\/kontakt\/\">FORDERN SIE IHREN ANGEBOT<\/a><\/strong><\/h3>\n","protected":false},"featured_media":10205,"template":"","meta":{"site-sidebar-layout":"default","site-content-layout":"","ast-site-content-layout":"","site-content-style":"default","site-sidebar-style":"default","ast-global-header-display":"","ast-banner-title-visibility":"","ast-main-header-display":"","ast-hfb-above-header-display":"","ast-hfb-below-header-display":"","ast-hfb-mobile-header-display":"","site-post-title":"","ast-breadcrumbs-content":"","ast-featured-img":"","footer-sml-layout":"","theme-transparent-header-meta":"","adv-header-id-meta":"","stick-header-meta":"","header-above-stick-meta":"","header-main-stick-meta":"","header-below-stick-meta":"","astra-migrate-meta-layouts":"default","ast-page-background-enabled":"default","ast-page-background-meta":{"desktop":{"background-color":"var(--ast-global-color-5)","background-image":"","background-repeat":"repeat","background-position":"center center","background-size":"auto","background-attachment":"scroll","background-type":"","background-media":"","overlay-type":"","overlay-color":"","overlay-opacity":"","overlay-gradient":""},"tablet":{"background-color":"","background-image":"","background-repeat":"repeat","background-position":"center center","background-size":"auto","background-attachment":"scroll","background-type":"","background-media":"","overlay-type":"","overlay-color":"","overlay-opacity":"","overlay-gradient":""},"mobile":{"background-color":"","background-image":"","background-repeat":"repeat","background-position":"center center","background-size":"auto","background-attachment":"scroll","background-type":"","background-media":"","overlay-type":"","overlay-color":"","overlay-opacity":"","overlay-gradient":""}},"ast-content-background-meta":{"desktop":{"background-color":"var(--ast-global-color-4)","background-image":"","background-repeat":"repeat","background-position":"center center","background-size":"auto","background-attachment":"scroll","background-type":"","background-media":"","overlay-type":"","overlay-color":"","overlay-opacity":"","overlay-gradient":""},"tablet":{"background-color":"var(--ast-global-color-4)","background-image":"","background-repeat":"repeat","background-position":"center center","background-size":"auto","background-attachment":"scroll","background-type":"","background-media":"","overlay-type":"","overlay-color":"","overlay-opacity":"","overlay-gradient":""},"mobile":{"background-color":"var(--ast-global-color-4)","background-image":"","background-repeat":"repeat","background-position":"center center","background-size":"auto","background-attachment":"scroll","background-type":"","background-media":"","overlay-type":"","overlay-color":"","overlay-opacity":"","overlay-gradient":""}}},"product_brand":[],"product_cat":[856,577,578],"product_tag":[],"class_list":{"0":"post-10204","1":"product","2":"type-product","3":"status-publish","4":"has-post-thumbnail","6":"product_cat-decken","7":"product_cat-hotels-de","8":"product_cat-krankenhauser-residenzen","9":"desktop-align-left","10":"tablet-align-left","11":"mobile-align-left","13":"first","14":"instock","15":"taxable","16":"shipping-taxable","17":"purchasable","18":"product-type-variable"},"yoast_head":"<!-- This site is optimized with the Yoast SEO plugin v24.6 - https:\/\/yoast.com\/wordpress\/plugins\/seo\/ -->\n<title>FEUERFESTE DECKEN -<\/title>\n<meta name=\"robots\" content=\"index, follow, max-snippet:-1, max-image-preview:large, max-video-preview:-1\" \/>\n<link rel=\"canonical\" href=\"https:\/\/www.tucantex.com\/de\/producto\/feuerfeste-decken\/\" \/>\n<meta property=\"og:locale\" content=\"de_DE\" \/>\n<meta property=\"og:type\" content=\"article\" \/>\n<meta property=\"og:title\" content=\"FEUERFESTE DECKEN -\" \/>\n<meta property=\"og:description\" content=\"Unsere feuerfesten Decken wurden in \u00dcbereinstimmung mit den Vorschriften UNE 23-727-90 und 23-735-94 hergestellt und sind vom AITEX Institut f\u00fcr Textiltechnologie nach M1 zertifiziert. Widerstandsf\u00e4hig und von hoher Qualit\u00e4t. 420 gr.\/m2. Die Probe wird als M1 klassifiziert und besteht die Pr\u00fcfungen des Entflammbarkeitsindex, des Flammenentwicklungsindex, des Index der maximalen L\u00e4nge und des Brennbarkeitsindex. Es wurde auch auf beschleunigte Alterungsprozesse getestet, bei denen die Probe der Decke einem intensiven Wasch- und Trocknungszyklus unterzogen wird, der mit einem Dampfb\u00fcgeln und ohne Zwischenf\u00e4lle endet. Verf\u00fcgbarkeit von Decken mit gr\u00f6\u00dferen Breiten, Verf\u00fcgbarkeit und Preise pr\u00fcfen.  MATERIAL 100% Polyester  &nbsp; FORDERN SIE IHREN ANGEBOT\" \/>\n<meta property=\"og:url\" content=\"https:\/\/www.tucantex.com\/de\/producto\/feuerfeste-decken\/\" \/>\n<meta property=\"article:modified_time\" content=\"2020-12-04T11:09:16+00:00\" \/>\n<meta property=\"og:image\" content=\"https:\/\/www.tucantex.com\/wp-content\/uploads\/2020\/08\/mantas-ignifugas-1.jpg\" \/>\n\t<meta property=\"og:image:width\" content=\"1100\" \/>\n\t<meta property=\"og:image:height\" content=\"733\" \/>\n\t<meta property=\"og:image:type\" content=\"image\/jpeg\" \/>\n<meta name=\"twitter:card\" content=\"summary_large_image\" \/>\n<script type=\"application\/ld+json\" class=\"yoast-schema-graph\">{\"@context\":\"https:\/\/schema.org\",\"@graph\":[{\"@type\":\"WebPage\",\"@id\":\"https:\/\/www.tucantex.com\/de\/producto\/feuerfeste-decken\/\",\"url\":\"https:\/\/www.tucantex.com\/de\/producto\/feuerfeste-decken\/\",\"name\":\"FEUERFESTE DECKEN -\",\"isPartOf\":{\"@id\":\"https:\/\/www.tucantex.com\/de\/#website\"},\"primaryImageOfPage\":{\"@id\":\"https:\/\/www.tucantex.com\/de\/producto\/feuerfeste-decken\/#primaryimage\"},\"image\":{\"@id\":\"https:\/\/www.tucantex.com\/de\/producto\/feuerfeste-decken\/#primaryimage\"},\"thumbnailUrl\":\"https:\/\/www.tucantex.com\/wp-content\/uploads\/2020\/08\/mantas-ignifugas-1.jpg\",\"datePublished\":\"2020-08-10T19:03:46+00:00\",\"dateModified\":\"2020-12-04T11:09:16+00:00\",\"breadcrumb\":{\"@id\":\"https:\/\/www.tucantex.com\/de\/producto\/feuerfeste-decken\/#breadcrumb\"},\"inLanguage\":\"de\",\"potentialAction\":[{\"@type\":\"ReadAction\",\"target\":[\"https:\/\/www.tucantex.com\/de\/producto\/feuerfeste-decken\/\"]}]},{\"@type\":\"ImageObject\",\"inLanguage\":\"de\",\"@id\":\"https:\/\/www.tucantex.com\/de\/producto\/feuerfeste-decken\/#primaryimage\",\"url\":\"https:\/\/www.tucantex.com\/wp-content\/uploads\/2020\/08\/mantas-ignifugas-1.jpg\",\"contentUrl\":\"https:\/\/www.tucantex.com\/wp-content\/uploads\/2020\/08\/mantas-ignifugas-1.jpg\",\"width\":1100,\"height\":733},{\"@type\":\"BreadcrumbList\",\"@id\":\"https:\/\/www.tucantex.com\/de\/producto\/feuerfeste-decken\/#breadcrumb\",\"itemListElement\":[{\"@type\":\"ListItem\",\"position\":1,\"name\":\"Portada\",\"item\":\"https:\/\/www.tucantex.com\/de\/\"},{\"@type\":\"ListItem\",\"position\":2,\"name\":\"Produkte\",\"item\":\"https:\/\/www.tucantex.com\/de\/shop\/\"},{\"@type\":\"ListItem\",\"position\":3,\"name\":\"FEUERFESTE DECKEN\"}]},{\"@type\":\"WebSite\",\"@id\":\"https:\/\/www.tucantex.com\/de\/#website\",\"url\":\"https:\/\/www.tucantex.com\/de\/\",\"name\":\"\",\"description\":\"Tejidos inteligentes\",\"potentialAction\":[{\"@type\":\"SearchAction\",\"target\":{\"@type\":\"EntryPoint\",\"urlTemplate\":\"https:\/\/www.tucantex.com\/de\/?s={search_term_string}\"},\"query-input\":{\"@type\":\"PropertyValueSpecification\",\"valueRequired\":true,\"valueName\":\"search_term_string\"}}],\"inLanguage\":\"de\"}]}<\/script>\n<!-- \/ Yoast SEO plugin. -->","yoast_head_json":{"title":"FEUERFESTE DECKEN -","robots":{"index":"index","follow":"follow","max-snippet":"max-snippet:-1","max-image-preview":"max-image-preview:large","max-video-preview":"max-video-preview:-1"},"canonical":"https:\/\/www.tucantex.com\/de\/producto\/feuerfeste-decken\/","og_locale":"de_DE","og_type":"article","og_title":"FEUERFESTE DECKEN -","og_description":"Unsere feuerfesten Decken wurden in \u00dcbereinstimmung mit den Vorschriften UNE 23-727-90 und 23-735-94 hergestellt und sind vom AITEX Institut f\u00fcr Textiltechnologie nach M1 zertifiziert. Widerstandsf\u00e4hig und von hoher Qualit\u00e4t. 420 gr.\/m2. Die Probe wird als M1 klassifiziert und besteht die Pr\u00fcfungen des Entflammbarkeitsindex, des Flammenentwicklungsindex, des Index der maximalen L\u00e4nge und des Brennbarkeitsindex. Es wurde auch auf beschleunigte Alterungsprozesse getestet, bei denen die Probe der Decke einem intensiven Wasch- und Trocknungszyklus unterzogen wird, der mit einem Dampfb\u00fcgeln und ohne Zwischenf\u00e4lle endet. Verf\u00fcgbarkeit von Decken mit gr\u00f6\u00dferen Breiten, Verf\u00fcgbarkeit und Preise pr\u00fcfen.  MATERIAL 100% Polyester  &nbsp; FORDERN SIE IHREN ANGEBOT","og_url":"https:\/\/www.tucantex.com\/de\/producto\/feuerfeste-decken\/","article_modified_time":"2020-12-04T11:09:16+00:00","og_image":[{"width":1100,"height":733,"url":"https:\/\/www.tucantex.com\/wp-content\/uploads\/2020\/08\/mantas-ignifugas-1.jpg","type":"image\/jpeg"}],"twitter_card":"summary_large_image","schema":{"@context":"https:\/\/schema.org","@graph":[{"@type":"WebPage","@id":"https:\/\/www.tucantex.com\/de\/producto\/feuerfeste-decken\/","url":"https:\/\/www.tucantex.com\/de\/producto\/feuerfeste-decken\/","name":"FEUERFESTE DECKEN -","isPartOf":{"@id":"https:\/\/www.tucantex.com\/de\/#website"},"primaryImageOfPage":{"@id":"https:\/\/www.tucantex.com\/de\/producto\/feuerfeste-decken\/#primaryimage"},"image":{"@id":"https:\/\/www.tucantex.com\/de\/producto\/feuerfeste-decken\/#primaryimage"},"thumbnailUrl":"https:\/\/www.tucantex.com\/wp-content\/uploads\/2020\/08\/mantas-ignifugas-1.jpg","datePublished":"2020-08-10T19:03:46+00:00","dateModified":"2020-12-04T11:09:16+00:00","breadcrumb":{"@id":"https:\/\/www.tucantex.com\/de\/producto\/feuerfeste-decken\/#breadcrumb"},"inLanguage":"de","potentialAction":[{"@type":"ReadAction","target":["https:\/\/www.tucantex.com\/de\/producto\/feuerfeste-decken\/"]}]},{"@type":"ImageObject","inLanguage":"de","@id":"https:\/\/www.tucantex.com\/de\/producto\/feuerfeste-decken\/#primaryimage","url":"https:\/\/www.tucantex.com\/wp-content\/uploads\/2020\/08\/mantas-ignifugas-1.jpg","contentUrl":"https:\/\/www.tucantex.com\/wp-content\/uploads\/2020\/08\/mantas-ignifugas-1.jpg","width":1100,"height":733},{"@type":"BreadcrumbList","@id":"https:\/\/www.tucantex.com\/de\/producto\/feuerfeste-decken\/#breadcrumb","itemListElement":[{"@type":"ListItem","position":1,"name":"Portada","item":"https:\/\/www.tucantex.com\/de\/"},{"@type":"ListItem","position":2,"name":"Produkte","item":"https:\/\/www.tucantex.com\/de\/shop\/"},{"@type":"ListItem","position":3,"name":"FEUERFESTE DECKEN"}]},{"@type":"WebSite","@id":"https:\/\/www.tucantex.com\/de\/#website","url":"https:\/\/www.tucantex.com\/de\/","name":"","description":"Tejidos inteligentes","potentialAction":[{"@type":"SearchAction","target":{"@type":"EntryPoint","urlTemplate":"https:\/\/www.tucantex.com\/de\/?s={search_term_string}"},"query-input":{"@type":"PropertyValueSpecification","valueRequired":true,"valueName":"search_term_string"}}],"inLanguage":"de"}]}},"_links":{"self":[{"href":"https:\/\/www.tucantex.com\/de\/wp-json\/wp\/v2\/product\/10204","targetHints":{"allow":["GET"]}}],"collection":[{"href":"https:\/\/www.tucantex.com\/de\/wp-json\/wp\/v2\/product"}],"about":[{"href":"https:\/\/www.tucantex.com\/de\/wp-json\/wp\/v2\/types\/product"}],"version-history":[{"count":1,"href":"https:\/\/www.tucantex.com\/de\/wp-json\/wp\/v2\/product\/10204\/revisions"}],"predecessor-version":[{"id":10497,"href":"https:\/\/www.tucantex.com\/de\/wp-json\/wp\/v2\/product\/10204\/revisions\/10497"}],"wp:featuredmedia":[{"embeddable":true,"href":"https:\/\/www.tucantex.com\/de\/wp-json\/wp\/v2\/media\/10205"}],"wp:attachment":[{"href":"https:\/\/www.tucantex.com\/de\/wp-json\/wp\/v2\/media?parent=10204"}],"wp:term":[{"taxonomy":"product_brand","embeddable":true,"href":"https:\/\/www.tucantex.com\/de\/wp-json\/wp\/v2\/product_brand?post=10204"},{"taxonomy":"product_cat","embeddable":true,"href":"https:\/\/www.tucantex.com\/de\/wp-json\/wp\/v2\/product_cat?post=10204"},{"taxonomy":"product_tag","embeddable":true,"href":"https:\/\/www.tucantex.com\/de\/wp-json\/wp\/v2\/product_tag?post=10204"}],"curies":[{"name":"wp","href":"https:\/\/api.w.org\/{rel}","templated":true}]}}