{"id":10271,"date":"2020-03-19T10:59:40","date_gmt":"2020-03-19T10:59:40","guid":{"rendered":"https:\/\/www.tucantex.com\/producto\/oberlaken-baumwolle-polyester\/"},"modified":"2020-11-26T13:46:46","modified_gmt":"2020-11-26T13:46:46","slug":"oberlaken-baumwolle-polyester","status":"publish","type":"product","link":"https:\/\/www.tucantex.com\/de\/producto\/oberlaken-baumwolle-polyester\/","title":{"rendered":"OBERLAKEN, BAUMWOLLE-POLYESTER"},"content":{"rendered":"<p>[vc_row][vc_column]\n<div class=\"wpcf7 no-js\" id=\"wpcf7-f7848-o1\" lang=\"en-US\" dir=\"ltr\" data-wpcf7-id=\"7848\">\n<div class=\"screen-reader-response\"><p role=\"status\" aria-live=\"polite\" aria-atomic=\"true\"><\/p> <ul><\/ul><\/div>\n<form action=\"\/de\/wp-json\/wp\/v2\/product\/10271#wpcf7-f7848-o1\" method=\"post\" class=\"wpcf7-form init\" aria-label=\"Contact form\" novalidate=\"novalidate\" data-status=\"init\">\n<div style=\"display: none;\">\n<input type=\"hidden\" name=\"_wpcf7\" value=\"7848\" \/>\n<input type=\"hidden\" name=\"_wpcf7_version\" value=\"6.0.5\" \/>\n<input type=\"hidden\" name=\"_wpcf7_locale\" value=\"en_US\" \/>\n<input type=\"hidden\" name=\"_wpcf7_unit_tag\" value=\"wpcf7-f7848-o1\" \/>\n<input type=\"hidden\" name=\"_wpcf7_container_post\" value=\"0\" \/>\n<input type=\"hidden\" name=\"_wpcf7_posted_data_hash\" value=\"\" \/>\n<\/div>\n<p><span class=\"wpcf7-form-control-wrap\" data-name=\"your-name\"><input size=\"40\" maxlength=\"400\" class=\"wpcf7-form-control wpcf7-text wpcf7-validates-as-required\" aria-required=\"true\" aria-invalid=\"false\" placeholder=\"Ihr Name*\" value=\"\" type=\"text\" name=\"your-name\" \/><\/span>\n<\/p>\n<p><span class=\"wpcf7-form-control-wrap\" data-name=\"your-email\"><input size=\"40\" maxlength=\"400\" class=\"wpcf7-form-control wpcf7-email wpcf7-validates-as-required wpcf7-text wpcf7-validates-as-email\" aria-required=\"true\" aria-invalid=\"false\" placeholder=\"Ihre E-Mail-Adresse*\" value=\"\" type=\"email\" name=\"your-email\" \/><\/span>\n<\/p>\n<p><span class=\"wpcf7-form-control-wrap\" data-name=\"tel-843\"><input size=\"40\" maxlength=\"400\" class=\"wpcf7-form-control wpcf7-tel wpcf7-validates-as-required wpcf7-text wpcf7-validates-as-tel\" aria-required=\"true\" aria-invalid=\"false\" placeholder=\"Telefon*\" value=\"\" type=\"tel\" name=\"tel-843\" \/><\/span>\n<\/p>\n<p><span class=\"wpcf7-form-control-wrap\" data-name=\"your-empresa\"><input size=\"40\" maxlength=\"400\" class=\"wpcf7-form-control wpcf7-text\" aria-invalid=\"false\" value=\"Firmenname\" type=\"text\" name=\"your-empresa\" \/><\/span>\n<\/p>\n<p><span class=\"wpcf7-form-control-wrap\" data-name=\"your-sector\"><input size=\"40\" maxlength=\"400\" class=\"wpcf7-form-control wpcf7-text\" aria-invalid=\"false\" value=\"Sektor\" type=\"text\" name=\"your-sector\" \/><\/span>\n<\/p>\n<p><span class=\"wpcf7-form-control-wrap\" data-name=\"your-message\"><textarea cols=\"40\" rows=\"10\" maxlength=\"2000\" class=\"wpcf7-form-control wpcf7-textarea\" aria-invalid=\"false\" placeholder=\"Nachricht\" name=\"your-message\"><\/textarea><\/span>\n<\/p>\n<div class=\"mkdf-contact-form-submit\" style=\"margin: 5px 0 0 3px\">\n\t<p><input class=\"wpcf7-form-control wpcf7-submit has-spinner\" type=\"submit\" value=\"Senden\" \/><br \/>\n<span class=\"mkdf-btn-borders-holder\"><\/span>\n\t<\/p>\n<\/div><p style=\"display: none !important;\" class=\"akismet-fields-container\" data-prefix=\"_wpcf7_ak_\"><label>&#916;<textarea name=\"_wpcf7_ak_hp_textarea\" cols=\"45\" rows=\"8\" maxlength=\"100\"><\/textarea><\/label><input type=\"hidden\" id=\"ak_js_1\" name=\"_wpcf7_ak_js\" value=\"43\"\/><script>document.getElementById( \"ak_js_1\" ).setAttribute( \"value\", ( new Date() ).getTime() );<\/script><\/p><div class=\"wpcf7-response-output\" aria-hidden=\"true\"><\/div>\n<\/form>\n<\/div>\n[\/vc_column][\/vc_row]<\/p>\n","protected":false},"excerpt":{"rendered":"<p><img decoding=\"async\" class=\"alignnone size-full wp-image-8243\" src=\"https:\/\/www.tucantex.com\/wp-content\/uploads\/2020\/09\/OEKO-TEX.png\" alt=\"\" width=\"300\" height=\"137\" \/><\/p>\n<p>Arbeitsplattenplatte, macht keine Knoten oder Kugeln, da sie eine 280 und 290 lange Anti-Pilling-Ausr\u00fcstung hat.<\/p>\n<p>Stoff sehr angenehm im Griff und leicht zu b\u00fcgeln.<\/p>\n<p>Hergestellt in wei\u00dfer Farbe aus 50% Baumwolle und 50% Polyester, F\u00e4den 30\/1.<\/p>\n<h5>MATERIAL<\/h5>\n<p>Baumwolle-Polyester<\/p>\n<p><img decoding=\"async\" class=\"alignnone wp-image-8024\" src=\"https:\/\/www.tucantex.com\/wp-content\/uploads\/2020\/10\/platzsparend.png\" alt=\"\" width=\"100\" height=\"100\" srcset=\"https:\/\/www.tucantex.com\/wp-content\/uploads\/2020\/10\/platzsparend.png 145w, https:\/\/www.tucantex.com\/wp-content\/uploads\/2020\/10\/platzsparend-100x100.png 100w\" sizes=\"(max-width: 100px) 100vw, 100px\" \/> <img decoding=\"async\" class=\"alignnone wp-image-8018\" src=\"https:\/\/www.tucantex.com\/wp-content\/uploads\/2020\/10\/antibakteriell.png\" alt=\"\" width=\"100\" height=\"100\" srcset=\"https:\/\/www.tucantex.com\/wp-content\/uploads\/2020\/10\/antibakteriell.png 145w, https:\/\/www.tucantex.com\/wp-content\/uploads\/2020\/10\/antibakteriell-100x100.png 100w\" sizes=\"(max-width: 100px) 100vw, 100px\" \/><\/p>\n<p>&nbsp;<\/p>\n<h5>PFLEGE<\/h5>\n<p>Maximale Waschtemperatur 40\u00ba, Bleichen (Bleiche \/ Chlor) erlaubt, B\u00fcgeln bei niedriger Temperatur erlaubt (maximal 110\u00ba), Chemische Reinigung erlaubt, Trockner erlaubt.<\/p>\n<p>&nbsp;<\/p>\n<h3><strong><a href=\"https:\/\/www.tucantex.com\/de\/kontakt\/\">FORDERN SIE IHREN ANGEBOT<\/a><\/strong><\/h3>\n","protected":false},"featured_media":10272,"template":"","meta":{"site-sidebar-layout":"default","site-content-layout":"","ast-site-content-layout":"","site-content-style":"default","site-sidebar-style":"default","ast-global-header-display":"","ast-banner-title-visibility":"","ast-main-header-display":"","ast-hfb-above-header-display":"","ast-hfb-below-header-display":"","ast-hfb-mobile-header-display":"","site-post-title":"","ast-breadcrumbs-content":"","ast-featured-img":"","footer-sml-layout":"","theme-transparent-header-meta":"","adv-header-id-meta":"","stick-header-meta":"","header-above-stick-meta":"","header-main-stick-meta":"","header-below-stick-meta":"","astra-migrate-meta-layouts":"default","ast-page-background-enabled":"default","ast-page-background-meta":{"desktop":{"background-color":"var(--ast-global-color-5)","background-image":"","background-repeat":"repeat","background-position":"center center","background-size":"auto","background-attachment":"scroll","background-type":"","background-media":"","overlay-type":"","overlay-color":"","overlay-opacity":"","overlay-gradient":""},"tablet":{"background-color":"","background-image":"","background-repeat":"repeat","background-position":"center center","background-size":"auto","background-attachment":"scroll","background-type":"","background-media":"","overlay-type":"","overlay-color":"","overlay-opacity":"","overlay-gradient":""},"mobile":{"background-color":"","background-image":"","background-repeat":"repeat","background-position":"center center","background-size":"auto","background-attachment":"scroll","background-type":"","background-media":"","overlay-type":"","overlay-color":"","overlay-opacity":"","overlay-gradient":""}},"ast-content-background-meta":{"desktop":{"background-color":"var(--ast-global-color-4)","background-image":"","background-repeat":"repeat","background-position":"center center","background-size":"auto","background-attachment":"scroll","background-type":"","background-media":"","overlay-type":"","overlay-color":"","overlay-opacity":"","overlay-gradient":""},"tablet":{"background-color":"var(--ast-global-color-4)","background-image":"","background-repeat":"repeat","background-position":"center center","background-size":"auto","background-attachment":"scroll","background-type":"","background-media":"","overlay-type":"","overlay-color":"","overlay-opacity":"","overlay-gradient":""},"mobile":{"background-color":"var(--ast-global-color-4)","background-image":"","background-repeat":"repeat","background-position":"center center","background-size":"auto","background-attachment":"scroll","background-type":"","background-media":"","overlay-type":"","overlay-color":"","overlay-opacity":"","overlay-gradient":""}}},"product_brand":[],"product_cat":[854,577,578],"product_tag":[],"class_list":{"0":"post-10271","1":"product","2":"type-product","3":"status-publish","4":"has-post-thumbnail","6":"product_cat-bettlaken","7":"product_cat-hotels-de","8":"product_cat-krankenhauser-residenzen","9":"desktop-align-left","10":"tablet-align-left","11":"mobile-align-left","13":"first","14":"instock","15":"taxable","16":"shipping-taxable","17":"purchasable","18":"product-type-variable"},"yoast_head":"<!-- This site is optimized with the Yoast SEO plugin v24.6 - https:\/\/yoast.com\/wordpress\/plugins\/seo\/ -->\n<title>OBERLAKEN, BAUMWOLLE-POLYESTER -<\/title>\n<meta name=\"robots\" content=\"index, follow, max-snippet:-1, max-image-preview:large, max-video-preview:-1\" \/>\n<link rel=\"canonical\" href=\"https:\/\/www.tucantex.com\/de\/producto\/oberlaken-baumwolle-polyester\/\" \/>\n<meta property=\"og:locale\" content=\"de_DE\" \/>\n<meta property=\"og:type\" content=\"article\" \/>\n<meta property=\"og:title\" content=\"OBERLAKEN, BAUMWOLLE-POLYESTER -\" \/>\n<meta property=\"og:description\" content=\"Arbeitsplattenplatte, macht keine Knoten oder Kugeln, da sie eine 280 und 290 lange Anti-Pilling-Ausr\u00fcstung hat.  Stoff sehr angenehm im Griff und leicht zu b\u00fcgeln.  Hergestellt in wei\u00dfer Farbe aus 50% Baumwolle und 50% Polyester, F\u00e4den 30\/1. MATERIAL Baumwolle-Polyester     &nbsp; PFLEGE Maximale Waschtemperatur 40\u00ba, Bleichen (Bleiche \/ Chlor) erlaubt, B\u00fcgeln bei niedriger Temperatur erlaubt (maximal 110\u00ba), Chemische Reinigung erlaubt, Trockner erlaubt.  &nbsp; FORDERN SIE IHREN ANGEBOT\" \/>\n<meta property=\"og:url\" content=\"https:\/\/www.tucantex.com\/de\/producto\/oberlaken-baumwolle-polyester\/\" \/>\n<meta property=\"article:modified_time\" content=\"2020-11-26T13:46:46+00:00\" \/>\n<meta property=\"og:image\" content=\"https:\/\/www.tucantex.com\/wp-content\/uploads\/2020\/03\/iStock-622914836-1-scaled.jpg\" \/>\n\t<meta property=\"og:image:width\" content=\"3500\" \/>\n\t<meta property=\"og:image:height\" content=\"2291\" \/>\n\t<meta property=\"og:image:type\" content=\"image\/jpeg\" \/>\n<meta name=\"twitter:card\" content=\"summary_large_image\" \/>\n<script type=\"application\/ld+json\" class=\"yoast-schema-graph\">{\"@context\":\"https:\/\/schema.org\",\"@graph\":[{\"@type\":\"WebPage\",\"@id\":\"https:\/\/www.tucantex.com\/de\/producto\/oberlaken-baumwolle-polyester\/\",\"url\":\"https:\/\/www.tucantex.com\/de\/producto\/oberlaken-baumwolle-polyester\/\",\"name\":\"OBERLAKEN, BAUMWOLLE-POLYESTER -\",\"isPartOf\":{\"@id\":\"https:\/\/www.tucantex.com\/de\/#website\"},\"primaryImageOfPage\":{\"@id\":\"https:\/\/www.tucantex.com\/de\/producto\/oberlaken-baumwolle-polyester\/#primaryimage\"},\"image\":{\"@id\":\"https:\/\/www.tucantex.com\/de\/producto\/oberlaken-baumwolle-polyester\/#primaryimage\"},\"thumbnailUrl\":\"https:\/\/www.tucantex.com\/wp-content\/uploads\/2020\/03\/iStock-622914836-1-scaled.jpg\",\"datePublished\":\"2020-03-19T10:59:40+00:00\",\"dateModified\":\"2020-11-26T13:46:46+00:00\",\"breadcrumb\":{\"@id\":\"https:\/\/www.tucantex.com\/de\/producto\/oberlaken-baumwolle-polyester\/#breadcrumb\"},\"inLanguage\":\"de\",\"potentialAction\":[{\"@type\":\"ReadAction\",\"target\":[\"https:\/\/www.tucantex.com\/de\/producto\/oberlaken-baumwolle-polyester\/\"]}]},{\"@type\":\"ImageObject\",\"inLanguage\":\"de\",\"@id\":\"https:\/\/www.tucantex.com\/de\/producto\/oberlaken-baumwolle-polyester\/#primaryimage\",\"url\":\"https:\/\/www.tucantex.com\/wp-content\/uploads\/2020\/03\/iStock-622914836-1-scaled.jpg\",\"contentUrl\":\"https:\/\/www.tucantex.com\/wp-content\/uploads\/2020\/03\/iStock-622914836-1-scaled.jpg\",\"width\":3500,\"height\":2291},{\"@type\":\"BreadcrumbList\",\"@id\":\"https:\/\/www.tucantex.com\/de\/producto\/oberlaken-baumwolle-polyester\/#breadcrumb\",\"itemListElement\":[{\"@type\":\"ListItem\",\"position\":1,\"name\":\"Portada\",\"item\":\"https:\/\/www.tucantex.com\/de\/\"},{\"@type\":\"ListItem\",\"position\":2,\"name\":\"Produkte\",\"item\":\"https:\/\/www.tucantex.com\/de\/shop\/\"},{\"@type\":\"ListItem\",\"position\":3,\"name\":\"OBERLAKEN, BAUMWOLLE-POLYESTER\"}]},{\"@type\":\"WebSite\",\"@id\":\"https:\/\/www.tucantex.com\/de\/#website\",\"url\":\"https:\/\/www.tucantex.com\/de\/\",\"name\":\"\",\"description\":\"Tejidos inteligentes\",\"potentialAction\":[{\"@type\":\"SearchAction\",\"target\":{\"@type\":\"EntryPoint\",\"urlTemplate\":\"https:\/\/www.tucantex.com\/de\/?s={search_term_string}\"},\"query-input\":{\"@type\":\"PropertyValueSpecification\",\"valueRequired\":true,\"valueName\":\"search_term_string\"}}],\"inLanguage\":\"de\"}]}<\/script>\n<!-- \/ Yoast SEO plugin. -->","yoast_head_json":{"title":"OBERLAKEN, BAUMWOLLE-POLYESTER -","robots":{"index":"index","follow":"follow","max-snippet":"max-snippet:-1","max-image-preview":"max-image-preview:large","max-video-preview":"max-video-preview:-1"},"canonical":"https:\/\/www.tucantex.com\/de\/producto\/oberlaken-baumwolle-polyester\/","og_locale":"de_DE","og_type":"article","og_title":"OBERLAKEN, BAUMWOLLE-POLYESTER -","og_description":"Arbeitsplattenplatte, macht keine Knoten oder Kugeln, da sie eine 280 und 290 lange Anti-Pilling-Ausr\u00fcstung hat.  Stoff sehr angenehm im Griff und leicht zu b\u00fcgeln.  Hergestellt in wei\u00dfer Farbe aus 50% Baumwolle und 50% Polyester, F\u00e4den 30\/1. MATERIAL Baumwolle-Polyester     &nbsp; PFLEGE Maximale Waschtemperatur 40\u00ba, Bleichen (Bleiche \/ Chlor) erlaubt, B\u00fcgeln bei niedriger Temperatur erlaubt (maximal 110\u00ba), Chemische Reinigung erlaubt, Trockner erlaubt.  &nbsp; FORDERN SIE IHREN ANGEBOT","og_url":"https:\/\/www.tucantex.com\/de\/producto\/oberlaken-baumwolle-polyester\/","article_modified_time":"2020-11-26T13:46:46+00:00","og_image":[{"width":3500,"height":2291,"url":"https:\/\/www.tucantex.com\/wp-content\/uploads\/2020\/03\/iStock-622914836-1-scaled.jpg","type":"image\/jpeg"}],"twitter_card":"summary_large_image","schema":{"@context":"https:\/\/schema.org","@graph":[{"@type":"WebPage","@id":"https:\/\/www.tucantex.com\/de\/producto\/oberlaken-baumwolle-polyester\/","url":"https:\/\/www.tucantex.com\/de\/producto\/oberlaken-baumwolle-polyester\/","name":"OBERLAKEN, BAUMWOLLE-POLYESTER -","isPartOf":{"@id":"https:\/\/www.tucantex.com\/de\/#website"},"primaryImageOfPage":{"@id":"https:\/\/www.tucantex.com\/de\/producto\/oberlaken-baumwolle-polyester\/#primaryimage"},"image":{"@id":"https:\/\/www.tucantex.com\/de\/producto\/oberlaken-baumwolle-polyester\/#primaryimage"},"thumbnailUrl":"https:\/\/www.tucantex.com\/wp-content\/uploads\/2020\/03\/iStock-622914836-1-scaled.jpg","datePublished":"2020-03-19T10:59:40+00:00","dateModified":"2020-11-26T13:46:46+00:00","breadcrumb":{"@id":"https:\/\/www.tucantex.com\/de\/producto\/oberlaken-baumwolle-polyester\/#breadcrumb"},"inLanguage":"de","potentialAction":[{"@type":"ReadAction","target":["https:\/\/www.tucantex.com\/de\/producto\/oberlaken-baumwolle-polyester\/"]}]},{"@type":"ImageObject","inLanguage":"de","@id":"https:\/\/www.tucantex.com\/de\/producto\/oberlaken-baumwolle-polyester\/#primaryimage","url":"https:\/\/www.tucantex.com\/wp-content\/uploads\/2020\/03\/iStock-622914836-1-scaled.jpg","contentUrl":"https:\/\/www.tucantex.com\/wp-content\/uploads\/2020\/03\/iStock-622914836-1-scaled.jpg","width":3500,"height":2291},{"@type":"BreadcrumbList","@id":"https:\/\/www.tucantex.com\/de\/producto\/oberlaken-baumwolle-polyester\/#breadcrumb","itemListElement":[{"@type":"ListItem","position":1,"name":"Portada","item":"https:\/\/www.tucantex.com\/de\/"},{"@type":"ListItem","position":2,"name":"Produkte","item":"https:\/\/www.tucantex.com\/de\/shop\/"},{"@type":"ListItem","position":3,"name":"OBERLAKEN, BAUMWOLLE-POLYESTER"}]},{"@type":"WebSite","@id":"https:\/\/www.tucantex.com\/de\/#website","url":"https:\/\/www.tucantex.com\/de\/","name":"","description":"Tejidos inteligentes","potentialAction":[{"@type":"SearchAction","target":{"@type":"EntryPoint","urlTemplate":"https:\/\/www.tucantex.com\/de\/?s={search_term_string}"},"query-input":{"@type":"PropertyValueSpecification","valueRequired":true,"valueName":"search_term_string"}}],"inLanguage":"de"}]}},"_links":{"self":[{"href":"https:\/\/www.tucantex.com\/de\/wp-json\/wp\/v2\/product\/10271","targetHints":{"allow":["GET"]}}],"collection":[{"href":"https:\/\/www.tucantex.com\/de\/wp-json\/wp\/v2\/product"}],"about":[{"href":"https:\/\/www.tucantex.com\/de\/wp-json\/wp\/v2\/types\/product"}],"version-history":[{"count":1,"href":"https:\/\/www.tucantex.com\/de\/wp-json\/wp\/v2\/product\/10271\/revisions"}],"predecessor-version":[{"id":10439,"href":"https:\/\/www.tucantex.com\/de\/wp-json\/wp\/v2\/product\/10271\/revisions\/10439"}],"wp:featuredmedia":[{"embeddable":true,"href":"https:\/\/www.tucantex.com\/de\/wp-json\/wp\/v2\/media\/10272"}],"wp:attachment":[{"href":"https:\/\/www.tucantex.com\/de\/wp-json\/wp\/v2\/media?parent=10271"}],"wp:term":[{"taxonomy":"product_brand","embeddable":true,"href":"https:\/\/www.tucantex.com\/de\/wp-json\/wp\/v2\/product_brand?post=10271"},{"taxonomy":"product_cat","embeddable":true,"href":"https:\/\/www.tucantex.com\/de\/wp-json\/wp\/v2\/product_cat?post=10271"},{"taxonomy":"product_tag","embeddable":true,"href":"https:\/\/www.tucantex.com\/de\/wp-json\/wp\/v2\/product_tag?post=10271"}],"curies":[{"name":"wp","href":"https:\/\/api.w.org\/{rel}","templated":true}]}}