{"id":11372,"date":"2021-03-21T14:23:47","date_gmt":"2021-03-23T10:41:50","guid":{"rendered":"https:\/\/www.tucantex.com\/?post_type=product&#038;p=11372"},"modified":"2021-04-29T15:45:22","modified_gmt":"2021-04-29T15:45:22","slug":"weises-handtuch-pe-volant-fur-druck","status":"publish","type":"product","link":"https:\/\/www.tucantex.com\/de\/producto\/weises-handtuch-pe-volant-fur-druck\/","title":{"rendered":"Wei\u00dfes Handtuch PE-Volant f\u00fcr Druck"},"content":{"rendered":"<p>[vc_row][vc_column]<p class=\"wpcf7-contact-form-not-found\"><strong>Fehler:<\/strong> Kontaktformular wurde nicht gefunden.<\/p>[\/vc_column][\/vc_row]<\/p>\n","protected":false},"excerpt":{"rendered":"<p>Anpassbares Handtuch im Rand Handtuch aus 100 % Baumwolle und mit der M\u00f6glichkeit zur individuellen Gestaltung des Randes Leichtes, flauschiges und extrem saugf\u00e4higes Handtuch. Es hat einen sehr sch\u00f6nen und weichen Griff. \u00a0 Ma\u00dfe 30\u00d750 cms, 50\u00d7100 cms, 70\u00d7140 cms<\/p>\n<h5><\/h5>\n<ul>\n<li>Material: 100% Baumwolle.<\/li>\n<li>Gewicht:450 gr\/m2<\/li>\n<li>Farbe: wei\u00df<\/li>\n<li>\u00a0Druck: Rand<\/li>\n<li>7 cm Druck f\u00fcr 30&#215;50 cm Handtuch &#8211; 10 cm Druck f\u00fcr 50&#215;100 Handtuch &#8211; 12 cm Druck f\u00fcr 70&#215;140 Handtuch<\/li>\n<\/ul>\n<p>&nbsp;<\/p>\n<h5>PFLEGE<\/h5>\n<p>Es wird empfohlen, keinen Weichsp\u00fcler zu verwenden<\/p>\n","protected":false},"featured_media":11922,"template":"","meta":{"site-sidebar-layout":"default","site-content-layout":"","ast-site-content-layout":"","site-content-style":"default","site-sidebar-style":"default","ast-global-header-display":"","ast-banner-title-visibility":"","ast-main-header-display":"","ast-hfb-above-header-display":"","ast-hfb-below-header-display":"","ast-hfb-mobile-header-display":"","site-post-title":"","ast-breadcrumbs-content":"","ast-featured-img":"","footer-sml-layout":"","theme-transparent-header-meta":"","adv-header-id-meta":"","stick-header-meta":"","header-above-stick-meta":"","header-main-stick-meta":"","header-below-stick-meta":"","astra-migrate-meta-layouts":"default","ast-page-background-enabled":"default","ast-page-background-meta":{"desktop":{"background-color":"var(--ast-global-color-5)","background-image":"","background-repeat":"repeat","background-position":"center center","background-size":"auto","background-attachment":"scroll","background-type":"","background-media":"","overlay-type":"","overlay-color":"","overlay-opacity":"","overlay-gradient":""},"tablet":{"background-color":"","background-image":"","background-repeat":"repeat","background-position":"center center","background-size":"auto","background-attachment":"scroll","background-type":"","background-media":"","overlay-type":"","overlay-color":"","overlay-opacity":"","overlay-gradient":""},"mobile":{"background-color":"","background-image":"","background-repeat":"repeat","background-position":"center center","background-size":"auto","background-attachment":"scroll","background-type":"","background-media":"","overlay-type":"","overlay-color":"","overlay-opacity":"","overlay-gradient":""}},"ast-content-background-meta":{"desktop":{"background-color":"var(--ast-global-color-4)","background-image":"","background-repeat":"repeat","background-position":"center center","background-size":"auto","background-attachment":"scroll","background-type":"","background-media":"","overlay-type":"","overlay-color":"","overlay-opacity":"","overlay-gradient":""},"tablet":{"background-color":"var(--ast-global-color-4)","background-image":"","background-repeat":"repeat","background-position":"center center","background-size":"auto","background-attachment":"scroll","background-type":"","background-media":"","overlay-type":"","overlay-color":"","overlay-opacity":"","overlay-gradient":""},"mobile":{"background-color":"var(--ast-global-color-4)","background-image":"","background-repeat":"repeat","background-position":"center center","background-size":"auto","background-attachment":"scroll","background-type":"","background-media":"","overlay-type":"","overlay-color":"","overlay-opacity":"","overlay-gradient":""}}},"product_brand":[],"product_cat":[972],"product_tag":[],"class_list":{"0":"post-11372","1":"product","2":"type-product","3":"status-publish","4":"has-post-thumbnail","6":"product_cat-bedruckbare-handtuecher","7":"desktop-align-left","8":"tablet-align-left","9":"mobile-align-left","11":"first","12":"instock","13":"taxable","14":"shipping-taxable","15":"purchasable","16":"product-type-variable"},"yoast_head":"<!-- This site is optimized with the Yoast SEO plugin v24.6 - https:\/\/yoast.com\/wordpress\/plugins\/seo\/ -->\n<title>Anpassbares Handtuch aus Baumwolle und personalisierung des Randes.<\/title>\n<meta name=\"description\" content=\"Anpassbares Handtuch Handtuch aus Baumwolle und personalisierung des Randes.Ma\u00dfe 30\u00d750 cms, 50\u00d7100 cms, 70\u00d7140 cms | Tucantex\" \/>\n<meta name=\"robots\" content=\"index, follow, max-snippet:-1, max-image-preview:large, max-video-preview:-1\" \/>\n<link rel=\"canonical\" href=\"https:\/\/www.tucantex.com\/de\/producto\/weises-handtuch-pe-volant-fur-druck\/\" \/>\n<meta property=\"og:locale\" content=\"de_DE\" \/>\n<meta property=\"og:type\" content=\"article\" \/>\n<meta property=\"og:title\" content=\"Anpassbares Handtuch aus Baumwolle und personalisierung des Randes.\" \/>\n<meta property=\"og:description\" content=\"Anpassbares Handtuch Handtuch aus Baumwolle und personalisierung des Randes.Ma\u00dfe 30\u00d750 cms, 50\u00d7100 cms, 70\u00d7140 cms | Tucantex\" \/>\n<meta property=\"og:url\" content=\"https:\/\/www.tucantex.com\/de\/producto\/weises-handtuch-pe-volant-fur-druck\/\" \/>\n<meta property=\"article:modified_time\" content=\"2021-04-29T15:45:22+00:00\" \/>\n<meta property=\"og:image\" content=\"https:\/\/www.tucantex.com\/wp-content\/uploads\/2021\/03\/Toalla-Cenefa-1.jpg\" \/>\n\t<meta property=\"og:image:width\" content=\"600\" \/>\n\t<meta property=\"og:image:height\" content=\"600\" \/>\n\t<meta property=\"og:image:type\" content=\"image\/jpeg\" \/>\n<meta name=\"twitter:card\" content=\"summary_large_image\" \/>\n<script type=\"application\/ld+json\" class=\"yoast-schema-graph\">{\"@context\":\"https:\/\/schema.org\",\"@graph\":[{\"@type\":\"WebPage\",\"@id\":\"https:\/\/www.tucantex.com\/de\/producto\/weises-handtuch-pe-volant-fur-druck\/\",\"url\":\"https:\/\/www.tucantex.com\/de\/producto\/weises-handtuch-pe-volant-fur-druck\/\",\"name\":\"Anpassbares Handtuch aus Baumwolle und personalisierung des Randes.\",\"isPartOf\":{\"@id\":\"https:\/\/www.tucantex.com\/de\/#website\"},\"primaryImageOfPage\":{\"@id\":\"https:\/\/www.tucantex.com\/de\/producto\/weises-handtuch-pe-volant-fur-druck\/#primaryimage\"},\"image\":{\"@id\":\"https:\/\/www.tucantex.com\/de\/producto\/weises-handtuch-pe-volant-fur-druck\/#primaryimage\"},\"thumbnailUrl\":\"https:\/\/www.tucantex.com\/wp-content\/uploads\/2021\/03\/Toalla-Cenefa-1.jpg\",\"datePublished\":\"2021-03-23T10:41:50+00:00\",\"dateModified\":\"2021-04-29T15:45:22+00:00\",\"description\":\"Anpassbares Handtuch Handtuch aus Baumwolle und personalisierung des Randes.Ma\u00dfe 30\u00d750 cms, 50\u00d7100 cms, 70\u00d7140 cms | Tucantex\",\"breadcrumb\":{\"@id\":\"https:\/\/www.tucantex.com\/de\/producto\/weises-handtuch-pe-volant-fur-druck\/#breadcrumb\"},\"inLanguage\":\"de\",\"potentialAction\":[{\"@type\":\"ReadAction\",\"target\":[\"https:\/\/www.tucantex.com\/de\/producto\/weises-handtuch-pe-volant-fur-druck\/\"]}]},{\"@type\":\"ImageObject\",\"inLanguage\":\"de\",\"@id\":\"https:\/\/www.tucantex.com\/de\/producto\/weises-handtuch-pe-volant-fur-druck\/#primaryimage\",\"url\":\"https:\/\/www.tucantex.com\/wp-content\/uploads\/2021\/03\/Toalla-Cenefa-1.jpg\",\"contentUrl\":\"https:\/\/www.tucantex.com\/wp-content\/uploads\/2021\/03\/Toalla-Cenefa-1.jpg\",\"width\":600,\"height\":600},{\"@type\":\"BreadcrumbList\",\"@id\":\"https:\/\/www.tucantex.com\/de\/producto\/weises-handtuch-pe-volant-fur-druck\/#breadcrumb\",\"itemListElement\":[{\"@type\":\"ListItem\",\"position\":1,\"name\":\"Portada\",\"item\":\"https:\/\/www.tucantex.com\/de\/\"},{\"@type\":\"ListItem\",\"position\":2,\"name\":\"Produkte\",\"item\":\"https:\/\/www.tucantex.com\/de\/shop\/\"},{\"@type\":\"ListItem\",\"position\":3,\"name\":\"Wei\u00dfes Handtuch PE-Volant f\u00fcr Druck\"}]},{\"@type\":\"WebSite\",\"@id\":\"https:\/\/www.tucantex.com\/de\/#website\",\"url\":\"https:\/\/www.tucantex.com\/de\/\",\"name\":\"\",\"description\":\"Tejidos inteligentes\",\"potentialAction\":[{\"@type\":\"SearchAction\",\"target\":{\"@type\":\"EntryPoint\",\"urlTemplate\":\"https:\/\/www.tucantex.com\/de\/?s={search_term_string}\"},\"query-input\":{\"@type\":\"PropertyValueSpecification\",\"valueRequired\":true,\"valueName\":\"search_term_string\"}}],\"inLanguage\":\"de\"}]}<\/script>\n<!-- \/ Yoast SEO plugin. -->","yoast_head_json":{"title":"Anpassbares Handtuch aus Baumwolle und personalisierung des Randes.","description":"Anpassbares Handtuch Handtuch aus Baumwolle und personalisierung des Randes.Ma\u00dfe 30\u00d750 cms, 50\u00d7100 cms, 70\u00d7140 cms | Tucantex","robots":{"index":"index","follow":"follow","max-snippet":"max-snippet:-1","max-image-preview":"max-image-preview:large","max-video-preview":"max-video-preview:-1"},"canonical":"https:\/\/www.tucantex.com\/de\/producto\/weises-handtuch-pe-volant-fur-druck\/","og_locale":"de_DE","og_type":"article","og_title":"Anpassbares Handtuch aus Baumwolle und personalisierung des Randes.","og_description":"Anpassbares Handtuch Handtuch aus Baumwolle und personalisierung des Randes.Ma\u00dfe 30\u00d750 cms, 50\u00d7100 cms, 70\u00d7140 cms | Tucantex","og_url":"https:\/\/www.tucantex.com\/de\/producto\/weises-handtuch-pe-volant-fur-druck\/","article_modified_time":"2021-04-29T15:45:22+00:00","og_image":[{"width":600,"height":600,"url":"https:\/\/www.tucantex.com\/wp-content\/uploads\/2021\/03\/Toalla-Cenefa-1.jpg","type":"image\/jpeg"}],"twitter_card":"summary_large_image","schema":{"@context":"https:\/\/schema.org","@graph":[{"@type":"WebPage","@id":"https:\/\/www.tucantex.com\/de\/producto\/weises-handtuch-pe-volant-fur-druck\/","url":"https:\/\/www.tucantex.com\/de\/producto\/weises-handtuch-pe-volant-fur-druck\/","name":"Anpassbares Handtuch aus Baumwolle und personalisierung des Randes.","isPartOf":{"@id":"https:\/\/www.tucantex.com\/de\/#website"},"primaryImageOfPage":{"@id":"https:\/\/www.tucantex.com\/de\/producto\/weises-handtuch-pe-volant-fur-druck\/#primaryimage"},"image":{"@id":"https:\/\/www.tucantex.com\/de\/producto\/weises-handtuch-pe-volant-fur-druck\/#primaryimage"},"thumbnailUrl":"https:\/\/www.tucantex.com\/wp-content\/uploads\/2021\/03\/Toalla-Cenefa-1.jpg","datePublished":"2021-03-23T10:41:50+00:00","dateModified":"2021-04-29T15:45:22+00:00","description":"Anpassbares Handtuch Handtuch aus Baumwolle und personalisierung des Randes.Ma\u00dfe 30\u00d750 cms, 50\u00d7100 cms, 70\u00d7140 cms | Tucantex","breadcrumb":{"@id":"https:\/\/www.tucantex.com\/de\/producto\/weises-handtuch-pe-volant-fur-druck\/#breadcrumb"},"inLanguage":"de","potentialAction":[{"@type":"ReadAction","target":["https:\/\/www.tucantex.com\/de\/producto\/weises-handtuch-pe-volant-fur-druck\/"]}]},{"@type":"ImageObject","inLanguage":"de","@id":"https:\/\/www.tucantex.com\/de\/producto\/weises-handtuch-pe-volant-fur-druck\/#primaryimage","url":"https:\/\/www.tucantex.com\/wp-content\/uploads\/2021\/03\/Toalla-Cenefa-1.jpg","contentUrl":"https:\/\/www.tucantex.com\/wp-content\/uploads\/2021\/03\/Toalla-Cenefa-1.jpg","width":600,"height":600},{"@type":"BreadcrumbList","@id":"https:\/\/www.tucantex.com\/de\/producto\/weises-handtuch-pe-volant-fur-druck\/#breadcrumb","itemListElement":[{"@type":"ListItem","position":1,"name":"Portada","item":"https:\/\/www.tucantex.com\/de\/"},{"@type":"ListItem","position":2,"name":"Produkte","item":"https:\/\/www.tucantex.com\/de\/shop\/"},{"@type":"ListItem","position":3,"name":"Wei\u00dfes Handtuch PE-Volant f\u00fcr Druck"}]},{"@type":"WebSite","@id":"https:\/\/www.tucantex.com\/de\/#website","url":"https:\/\/www.tucantex.com\/de\/","name":"","description":"Tejidos inteligentes","potentialAction":[{"@type":"SearchAction","target":{"@type":"EntryPoint","urlTemplate":"https:\/\/www.tucantex.com\/de\/?s={search_term_string}"},"query-input":{"@type":"PropertyValueSpecification","valueRequired":true,"valueName":"search_term_string"}}],"inLanguage":"de"}]}},"_links":{"self":[{"href":"https:\/\/www.tucantex.com\/de\/wp-json\/wp\/v2\/product\/11372","targetHints":{"allow":["GET"]}}],"collection":[{"href":"https:\/\/www.tucantex.com\/de\/wp-json\/wp\/v2\/product"}],"about":[{"href":"https:\/\/www.tucantex.com\/de\/wp-json\/wp\/v2\/types\/product"}],"version-history":[{"count":1,"href":"https:\/\/www.tucantex.com\/de\/wp-json\/wp\/v2\/product\/11372\/revisions"}],"predecessor-version":[{"id":12885,"href":"https:\/\/www.tucantex.com\/de\/wp-json\/wp\/v2\/product\/11372\/revisions\/12885"}],"wp:featuredmedia":[{"embeddable":true,"href":"https:\/\/www.tucantex.com\/de\/wp-json\/wp\/v2\/media\/11922"}],"wp:attachment":[{"href":"https:\/\/www.tucantex.com\/de\/wp-json\/wp\/v2\/media?parent=11372"}],"wp:term":[{"taxonomy":"product_brand","embeddable":true,"href":"https:\/\/www.tucantex.com\/de\/wp-json\/wp\/v2\/product_brand?post=11372"},{"taxonomy":"product_cat","embeddable":true,"href":"https:\/\/www.tucantex.com\/de\/wp-json\/wp\/v2\/product_cat?post=11372"},{"taxonomy":"product_tag","embeddable":true,"href":"https:\/\/www.tucantex.com\/de\/wp-json\/wp\/v2\/product_tag?post=11372"}],"curies":[{"name":"wp","href":"https:\/\/api.w.org\/{rel}","templated":true}]}}