{"id":11696,"date":"2021-03-29T16:30:21","date_gmt":"2021-03-29T16:30:21","guid":{"rendered":"https:\/\/www.tucantex.com\/?post_type=product&#038;p=11696"},"modified":"2021-04-13T00:43:07","modified_gmt":"2021-04-13T00:43:07","slug":"mini-stuhl-zum-bedrucken","status":"publish","type":"product","link":"https:\/\/www.tucantex.com\/de\/producto\/mini-stuhl-zum-bedrucken\/","title":{"rendered":"&#8222;Mini&#8220;-Stuhl zum Bedrucken"},"content":{"rendered":"<p>[vc_row][vc_column]\n<div class=\"wpcf7 no-js\" id=\"wpcf7-f7848-o1\" lang=\"en-US\" dir=\"ltr\" data-wpcf7-id=\"7848\">\n<div class=\"screen-reader-response\"><p role=\"status\" aria-live=\"polite\" aria-atomic=\"true\"><\/p> <ul><\/ul><\/div>\n<form action=\"\/de\/wp-json\/wp\/v2\/product\/11696#wpcf7-f7848-o1\" method=\"post\" class=\"wpcf7-form init\" aria-label=\"Contact form\" novalidate=\"novalidate\" data-status=\"init\">\n<div style=\"display: none;\">\n<input type=\"hidden\" name=\"_wpcf7\" value=\"7848\" \/>\n<input type=\"hidden\" name=\"_wpcf7_version\" value=\"6.0.5\" \/>\n<input type=\"hidden\" name=\"_wpcf7_locale\" value=\"en_US\" \/>\n<input type=\"hidden\" name=\"_wpcf7_unit_tag\" value=\"wpcf7-f7848-o1\" \/>\n<input type=\"hidden\" name=\"_wpcf7_container_post\" value=\"0\" \/>\n<input type=\"hidden\" name=\"_wpcf7_posted_data_hash\" value=\"\" \/>\n<\/div>\n<p><span class=\"wpcf7-form-control-wrap\" data-name=\"your-name\"><input size=\"40\" maxlength=\"400\" class=\"wpcf7-form-control wpcf7-text wpcf7-validates-as-required\" aria-required=\"true\" aria-invalid=\"false\" placeholder=\"Ihr Name*\" value=\"\" type=\"text\" name=\"your-name\" \/><\/span>\n<\/p>\n<p><span class=\"wpcf7-form-control-wrap\" data-name=\"your-email\"><input size=\"40\" maxlength=\"400\" class=\"wpcf7-form-control wpcf7-email wpcf7-validates-as-required wpcf7-text wpcf7-validates-as-email\" aria-required=\"true\" aria-invalid=\"false\" placeholder=\"Ihre E-Mail-Adresse*\" value=\"\" type=\"email\" name=\"your-email\" \/><\/span>\n<\/p>\n<p><span class=\"wpcf7-form-control-wrap\" data-name=\"tel-843\"><input size=\"40\" maxlength=\"400\" class=\"wpcf7-form-control wpcf7-tel wpcf7-validates-as-required wpcf7-text wpcf7-validates-as-tel\" aria-required=\"true\" aria-invalid=\"false\" placeholder=\"Telefon*\" value=\"\" type=\"tel\" name=\"tel-843\" \/><\/span>\n<\/p>\n<p><span class=\"wpcf7-form-control-wrap\" data-name=\"your-empresa\"><input size=\"40\" maxlength=\"400\" class=\"wpcf7-form-control wpcf7-text\" aria-invalid=\"false\" value=\"Firmenname\" type=\"text\" name=\"your-empresa\" \/><\/span>\n<\/p>\n<p><span class=\"wpcf7-form-control-wrap\" data-name=\"your-sector\"><input size=\"40\" maxlength=\"400\" class=\"wpcf7-form-control wpcf7-text\" aria-invalid=\"false\" value=\"Sektor\" type=\"text\" name=\"your-sector\" \/><\/span>\n<\/p>\n<p><span class=\"wpcf7-form-control-wrap\" data-name=\"your-message\"><textarea cols=\"40\" rows=\"10\" maxlength=\"2000\" class=\"wpcf7-form-control wpcf7-textarea\" aria-invalid=\"false\" placeholder=\"Nachricht\" name=\"your-message\"><\/textarea><\/span>\n<\/p>\n<div class=\"mkdf-contact-form-submit\" style=\"margin: 5px 0 0 3px\">\n\t<p><input class=\"wpcf7-form-control wpcf7-submit has-spinner\" type=\"submit\" value=\"Senden\" \/><br \/>\n<span class=\"mkdf-btn-borders-holder\"><\/span>\n\t<\/p>\n<\/div><p style=\"display: none !important;\" class=\"akismet-fields-container\" data-prefix=\"_wpcf7_ak_\"><label>&#916;<textarea name=\"_wpcf7_ak_hp_textarea\" cols=\"45\" rows=\"8\" maxlength=\"100\"><\/textarea><\/label><input type=\"hidden\" id=\"ak_js_1\" name=\"_wpcf7_ak_js\" value=\"237\"\/><script>document.getElementById( \"ak_js_1\" ).setAttribute( \"value\", ( new Date() ).getTime() );<\/script><\/p><div class=\"wpcf7-response-output\" aria-hidden=\"true\"><\/div>\n<\/form>\n<\/div>\n[\/vc_column][\/vc_row]<\/p>\n","protected":false},"excerpt":{"rendered":"<p>Stuhlsitz &#8222;Mini&#8220; anpassbar f\u00fcr Digitaldruck. Wei\u00dfe Farbe f\u00fcr den Druck.<\/p>\n<p>Naturbelassenes Buchenholzgestell mit abnehmbarem, bedruckbarem, abnehmbarem Sitzkissen.<\/p>\n<p>&nbsp;<\/p>\n<p>Ma\u00dfe 65x35x5.5 cms<\/p>\n<ul>\n<li>Material: 100% Polyester<\/li>\n<li>Farbe: wei\u00df<\/li>\n<li>Druck: 1 Seite<\/li>\n<\/ul>\n<p>&nbsp;<\/p>\n<p>\u2022\u00a0 Mindestbestellmenge 1 Karton f\u00fcr 80 St\u00fcck<\/p>\n","protected":false},"featured_media":11714,"template":"","meta":{"site-sidebar-layout":"default","site-content-layout":"","ast-site-content-layout":"","site-content-style":"default","site-sidebar-style":"default","ast-global-header-display":"","ast-banner-title-visibility":"","ast-main-header-display":"","ast-hfb-above-header-display":"","ast-hfb-below-header-display":"","ast-hfb-mobile-header-display":"","site-post-title":"","ast-breadcrumbs-content":"","ast-featured-img":"","footer-sml-layout":"","theme-transparent-header-meta":"","adv-header-id-meta":"","stick-header-meta":"","header-above-stick-meta":"","header-main-stick-meta":"","header-below-stick-meta":"","astra-migrate-meta-layouts":"default","ast-page-background-enabled":"default","ast-page-background-meta":{"desktop":{"background-color":"var(--ast-global-color-5)","background-image":"","background-repeat":"repeat","background-position":"center center","background-size":"auto","background-attachment":"scroll","background-type":"","background-media":"","overlay-type":"","overlay-color":"","overlay-opacity":"","overlay-gradient":""},"tablet":{"background-color":"","background-image":"","background-repeat":"repeat","background-position":"center center","background-size":"auto","background-attachment":"scroll","background-type":"","background-media":"","overlay-type":"","overlay-color":"","overlay-opacity":"","overlay-gradient":""},"mobile":{"background-color":"","background-image":"","background-repeat":"repeat","background-position":"center center","background-size":"auto","background-attachment":"scroll","background-type":"","background-media":"","overlay-type":"","overlay-color":"","overlay-opacity":"","overlay-gradient":""}},"ast-content-background-meta":{"desktop":{"background-color":"var(--ast-global-color-4)","background-image":"","background-repeat":"repeat","background-position":"center center","background-size":"auto","background-attachment":"scroll","background-type":"","background-media":"","overlay-type":"","overlay-color":"","overlay-opacity":"","overlay-gradient":""},"tablet":{"background-color":"var(--ast-global-color-4)","background-image":"","background-repeat":"repeat","background-position":"center center","background-size":"auto","background-attachment":"scroll","background-type":"","background-media":"","overlay-type":"","overlay-color":"","overlay-opacity":"","overlay-gradient":""},"mobile":{"background-color":"var(--ast-global-color-4)","background-image":"","background-repeat":"repeat","background-position":"center center","background-size":"auto","background-attachment":"scroll","background-type":"","background-media":"","overlay-type":"","overlay-color":"","overlay-opacity":"","overlay-gradient":""}}},"product_brand":[],"product_cat":[988],"product_tag":[],"class_list":{"0":"post-11696","1":"product","2":"type-product","3":"status-publish","4":"has-post-thumbnail","6":"product_cat-bedruckbare-holzstuhle","7":"desktop-align-left","8":"tablet-align-left","9":"mobile-align-left","11":"first","12":"instock","13":"taxable","14":"shipping-taxable","15":"product-type-simple"},"yoast_head":"<!-- This site is optimized with the Yoast SEO plugin v24.6 - https:\/\/yoast.com\/wordpress\/plugins\/seo\/ -->\n<title>&quot;Mini&quot;-Stuhl zum Bedrucken -<\/title>\n<meta name=\"robots\" content=\"index, follow, max-snippet:-1, max-image-preview:large, max-video-preview:-1\" \/>\n<link rel=\"canonical\" href=\"https:\/\/www.tucantex.com\/de\/producto\/mini-stuhl-zum-bedrucken\/\" \/>\n<meta property=\"og:locale\" content=\"de_DE\" \/>\n<meta property=\"og:type\" content=\"article\" \/>\n<meta property=\"og:title\" content=\"&quot;Mini&quot;-Stuhl zum Bedrucken -\" \/>\n<meta property=\"og:description\" content=\"Stuhlsitz &quot;Mini&quot; anpassbar f\u00fcr Digitaldruck. Wei\u00dfe Farbe f\u00fcr den Druck. Naturbelassenes Buchenholzgestell mit abnehmbarem, bedruckbarem, abnehmbarem Sitzkissen. &nbsp; Ma\u00dfe 65x35x5.5 cms  Material: 100% Polyester Farbe: wei\u00df Druck: 1 Seite  &nbsp; \u2022\u00a0 Mindestbestellmenge 1 Karton f\u00fcr 80 St\u00fcck\" \/>\n<meta property=\"og:url\" content=\"https:\/\/www.tucantex.com\/de\/producto\/mini-stuhl-zum-bedrucken\/\" \/>\n<meta property=\"article:modified_time\" content=\"2021-04-13T00:43:07+00:00\" \/>\n<meta property=\"og:image\" content=\"https:\/\/www.tucantex.com\/wp-content\/uploads\/2021\/03\/Silla-mini.jpg\" \/>\n\t<meta property=\"og:image:width\" content=\"600\" \/>\n\t<meta property=\"og:image:height\" content=\"600\" \/>\n\t<meta property=\"og:image:type\" content=\"image\/jpeg\" \/>\n<meta name=\"twitter:card\" content=\"summary_large_image\" \/>\n<script type=\"application\/ld+json\" class=\"yoast-schema-graph\">{\"@context\":\"https:\/\/schema.org\",\"@graph\":[{\"@type\":\"WebPage\",\"@id\":\"https:\/\/www.tucantex.com\/de\/producto\/mini-stuhl-zum-bedrucken\/\",\"url\":\"https:\/\/www.tucantex.com\/de\/producto\/mini-stuhl-zum-bedrucken\/\",\"name\":\"\\\"Mini\\\"-Stuhl zum Bedrucken -\",\"isPartOf\":{\"@id\":\"https:\/\/www.tucantex.com\/de\/#website\"},\"primaryImageOfPage\":{\"@id\":\"https:\/\/www.tucantex.com\/de\/producto\/mini-stuhl-zum-bedrucken\/#primaryimage\"},\"image\":{\"@id\":\"https:\/\/www.tucantex.com\/de\/producto\/mini-stuhl-zum-bedrucken\/#primaryimage\"},\"thumbnailUrl\":\"https:\/\/www.tucantex.com\/wp-content\/uploads\/2021\/03\/Silla-mini.jpg\",\"datePublished\":\"2021-03-29T16:30:21+00:00\",\"dateModified\":\"2021-04-13T00:43:07+00:00\",\"breadcrumb\":{\"@id\":\"https:\/\/www.tucantex.com\/de\/producto\/mini-stuhl-zum-bedrucken\/#breadcrumb\"},\"inLanguage\":\"de\",\"potentialAction\":[{\"@type\":\"ReadAction\",\"target\":[\"https:\/\/www.tucantex.com\/de\/producto\/mini-stuhl-zum-bedrucken\/\"]}]},{\"@type\":\"ImageObject\",\"inLanguage\":\"de\",\"@id\":\"https:\/\/www.tucantex.com\/de\/producto\/mini-stuhl-zum-bedrucken\/#primaryimage\",\"url\":\"https:\/\/www.tucantex.com\/wp-content\/uploads\/2021\/03\/Silla-mini.jpg\",\"contentUrl\":\"https:\/\/www.tucantex.com\/wp-content\/uploads\/2021\/03\/Silla-mini.jpg\",\"width\":600,\"height\":600},{\"@type\":\"BreadcrumbList\",\"@id\":\"https:\/\/www.tucantex.com\/de\/producto\/mini-stuhl-zum-bedrucken\/#breadcrumb\",\"itemListElement\":[{\"@type\":\"ListItem\",\"position\":1,\"name\":\"Portada\",\"item\":\"https:\/\/www.tucantex.com\/de\/\"},{\"@type\":\"ListItem\",\"position\":2,\"name\":\"Produkte\",\"item\":\"https:\/\/www.tucantex.com\/de\/shop\/\"},{\"@type\":\"ListItem\",\"position\":3,\"name\":\"&#8222;Mini&#8220;-Stuhl zum Bedrucken\"}]},{\"@type\":\"WebSite\",\"@id\":\"https:\/\/www.tucantex.com\/de\/#website\",\"url\":\"https:\/\/www.tucantex.com\/de\/\",\"name\":\"\",\"description\":\"Tejidos inteligentes\",\"potentialAction\":[{\"@type\":\"SearchAction\",\"target\":{\"@type\":\"EntryPoint\",\"urlTemplate\":\"https:\/\/www.tucantex.com\/de\/?s={search_term_string}\"},\"query-input\":{\"@type\":\"PropertyValueSpecification\",\"valueRequired\":true,\"valueName\":\"search_term_string\"}}],\"inLanguage\":\"de\"}]}<\/script>\n<!-- \/ Yoast SEO plugin. -->","yoast_head_json":{"title":"\"Mini\"-Stuhl zum Bedrucken -","robots":{"index":"index","follow":"follow","max-snippet":"max-snippet:-1","max-image-preview":"max-image-preview:large","max-video-preview":"max-video-preview:-1"},"canonical":"https:\/\/www.tucantex.com\/de\/producto\/mini-stuhl-zum-bedrucken\/","og_locale":"de_DE","og_type":"article","og_title":"\"Mini\"-Stuhl zum Bedrucken -","og_description":"Stuhlsitz \"Mini\" anpassbar f\u00fcr Digitaldruck. Wei\u00dfe Farbe f\u00fcr den Druck. Naturbelassenes Buchenholzgestell mit abnehmbarem, bedruckbarem, abnehmbarem Sitzkissen. &nbsp; Ma\u00dfe 65x35x5.5 cms  Material: 100% Polyester Farbe: wei\u00df Druck: 1 Seite  &nbsp; \u2022\u00a0 Mindestbestellmenge 1 Karton f\u00fcr 80 St\u00fcck","og_url":"https:\/\/www.tucantex.com\/de\/producto\/mini-stuhl-zum-bedrucken\/","article_modified_time":"2021-04-13T00:43:07+00:00","og_image":[{"width":600,"height":600,"url":"https:\/\/www.tucantex.com\/wp-content\/uploads\/2021\/03\/Silla-mini.jpg","type":"image\/jpeg"}],"twitter_card":"summary_large_image","schema":{"@context":"https:\/\/schema.org","@graph":[{"@type":"WebPage","@id":"https:\/\/www.tucantex.com\/de\/producto\/mini-stuhl-zum-bedrucken\/","url":"https:\/\/www.tucantex.com\/de\/producto\/mini-stuhl-zum-bedrucken\/","name":"\"Mini\"-Stuhl zum Bedrucken -","isPartOf":{"@id":"https:\/\/www.tucantex.com\/de\/#website"},"primaryImageOfPage":{"@id":"https:\/\/www.tucantex.com\/de\/producto\/mini-stuhl-zum-bedrucken\/#primaryimage"},"image":{"@id":"https:\/\/www.tucantex.com\/de\/producto\/mini-stuhl-zum-bedrucken\/#primaryimage"},"thumbnailUrl":"https:\/\/www.tucantex.com\/wp-content\/uploads\/2021\/03\/Silla-mini.jpg","datePublished":"2021-03-29T16:30:21+00:00","dateModified":"2021-04-13T00:43:07+00:00","breadcrumb":{"@id":"https:\/\/www.tucantex.com\/de\/producto\/mini-stuhl-zum-bedrucken\/#breadcrumb"},"inLanguage":"de","potentialAction":[{"@type":"ReadAction","target":["https:\/\/www.tucantex.com\/de\/producto\/mini-stuhl-zum-bedrucken\/"]}]},{"@type":"ImageObject","inLanguage":"de","@id":"https:\/\/www.tucantex.com\/de\/producto\/mini-stuhl-zum-bedrucken\/#primaryimage","url":"https:\/\/www.tucantex.com\/wp-content\/uploads\/2021\/03\/Silla-mini.jpg","contentUrl":"https:\/\/www.tucantex.com\/wp-content\/uploads\/2021\/03\/Silla-mini.jpg","width":600,"height":600},{"@type":"BreadcrumbList","@id":"https:\/\/www.tucantex.com\/de\/producto\/mini-stuhl-zum-bedrucken\/#breadcrumb","itemListElement":[{"@type":"ListItem","position":1,"name":"Portada","item":"https:\/\/www.tucantex.com\/de\/"},{"@type":"ListItem","position":2,"name":"Produkte","item":"https:\/\/www.tucantex.com\/de\/shop\/"},{"@type":"ListItem","position":3,"name":"&#8222;Mini&#8220;-Stuhl zum Bedrucken"}]},{"@type":"WebSite","@id":"https:\/\/www.tucantex.com\/de\/#website","url":"https:\/\/www.tucantex.com\/de\/","name":"","description":"Tejidos inteligentes","potentialAction":[{"@type":"SearchAction","target":{"@type":"EntryPoint","urlTemplate":"https:\/\/www.tucantex.com\/de\/?s={search_term_string}"},"query-input":{"@type":"PropertyValueSpecification","valueRequired":true,"valueName":"search_term_string"}}],"inLanguage":"de"}]}},"_links":{"self":[{"href":"https:\/\/www.tucantex.com\/de\/wp-json\/wp\/v2\/product\/11696","targetHints":{"allow":["GET"]}}],"collection":[{"href":"https:\/\/www.tucantex.com\/de\/wp-json\/wp\/v2\/product"}],"about":[{"href":"https:\/\/www.tucantex.com\/de\/wp-json\/wp\/v2\/types\/product"}],"version-history":[{"count":0,"href":"https:\/\/www.tucantex.com\/de\/wp-json\/wp\/v2\/product\/11696\/revisions"}],"wp:featuredmedia":[{"embeddable":true,"href":"https:\/\/www.tucantex.com\/de\/wp-json\/wp\/v2\/media\/11714"}],"wp:attachment":[{"href":"https:\/\/www.tucantex.com\/de\/wp-json\/wp\/v2\/media?parent=11696"}],"wp:term":[{"taxonomy":"product_brand","embeddable":true,"href":"https:\/\/www.tucantex.com\/de\/wp-json\/wp\/v2\/product_brand?post=11696"},{"taxonomy":"product_cat","embeddable":true,"href":"https:\/\/www.tucantex.com\/de\/wp-json\/wp\/v2\/product_cat?post=11696"},{"taxonomy":"product_tag","embeddable":true,"href":"https:\/\/www.tucantex.com\/de\/wp-json\/wp\/v2\/product_tag?post=11696"}],"curies":[{"name":"wp","href":"https:\/\/api.w.org\/{rel}","templated":true}]}}