{"id":11773,"date":"2021-03-29T18:58:49","date_gmt":"2021-03-29T18:58:49","guid":{"rendered":"https:\/\/www.tucantex.com\/?post_type=product&#038;p=11773"},"modified":"2021-04-12T22:05:41","modified_gmt":"2021-04-12T22:05:41","slug":"gewebte-rolle-fuer-den-druck-alex","status":"publish","type":"product","link":"https:\/\/www.tucantex.com\/de\/producto\/gewebte-rolle-fuer-den-druck-alex\/","title":{"rendered":"Gewebte Rolle f\u00fcr den Druck &#8222;Alex&#8220;"},"content":{"rendered":"<p>[vc_row][vc_column]\n<div class=\"wpcf7 no-js\" id=\"wpcf7-f7848-o1\" lang=\"en-US\" dir=\"ltr\" data-wpcf7-id=\"7848\">\n<div class=\"screen-reader-response\"><p role=\"status\" aria-live=\"polite\" aria-atomic=\"true\"><\/p> <ul><\/ul><\/div>\n<form action=\"\/de\/wp-json\/wp\/v2\/product\/11773#wpcf7-f7848-o1\" method=\"post\" class=\"wpcf7-form init\" aria-label=\"Contact form\" novalidate=\"novalidate\" data-status=\"init\">\n<div style=\"display: none;\">\n<input type=\"hidden\" name=\"_wpcf7\" value=\"7848\" \/>\n<input type=\"hidden\" name=\"_wpcf7_version\" value=\"6.0.5\" \/>\n<input type=\"hidden\" name=\"_wpcf7_locale\" value=\"en_US\" \/>\n<input type=\"hidden\" name=\"_wpcf7_unit_tag\" value=\"wpcf7-f7848-o1\" \/>\n<input type=\"hidden\" name=\"_wpcf7_container_post\" value=\"0\" \/>\n<input type=\"hidden\" name=\"_wpcf7_posted_data_hash\" value=\"\" \/>\n<\/div>\n<p><span class=\"wpcf7-form-control-wrap\" data-name=\"your-name\"><input size=\"40\" maxlength=\"400\" class=\"wpcf7-form-control wpcf7-text wpcf7-validates-as-required\" aria-required=\"true\" aria-invalid=\"false\" placeholder=\"Ihr Name*\" value=\"\" type=\"text\" name=\"your-name\" \/><\/span>\n<\/p>\n<p><span class=\"wpcf7-form-control-wrap\" data-name=\"your-email\"><input size=\"40\" maxlength=\"400\" class=\"wpcf7-form-control wpcf7-email wpcf7-validates-as-required wpcf7-text wpcf7-validates-as-email\" aria-required=\"true\" aria-invalid=\"false\" placeholder=\"Ihre E-Mail-Adresse*\" value=\"\" type=\"email\" name=\"your-email\" \/><\/span>\n<\/p>\n<p><span class=\"wpcf7-form-control-wrap\" data-name=\"tel-843\"><input size=\"40\" maxlength=\"400\" class=\"wpcf7-form-control wpcf7-tel wpcf7-validates-as-required wpcf7-text wpcf7-validates-as-tel\" aria-required=\"true\" aria-invalid=\"false\" placeholder=\"Telefon*\" value=\"\" type=\"tel\" name=\"tel-843\" \/><\/span>\n<\/p>\n<p><span class=\"wpcf7-form-control-wrap\" data-name=\"your-empresa\"><input size=\"40\" maxlength=\"400\" class=\"wpcf7-form-control wpcf7-text\" aria-invalid=\"false\" value=\"Firmenname\" type=\"text\" name=\"your-empresa\" \/><\/span>\n<\/p>\n<p><span class=\"wpcf7-form-control-wrap\" data-name=\"your-sector\"><input size=\"40\" maxlength=\"400\" class=\"wpcf7-form-control wpcf7-text\" aria-invalid=\"false\" value=\"Sektor\" type=\"text\" name=\"your-sector\" \/><\/span>\n<\/p>\n<p><span class=\"wpcf7-form-control-wrap\" data-name=\"your-message\"><textarea cols=\"40\" rows=\"10\" maxlength=\"2000\" class=\"wpcf7-form-control wpcf7-textarea\" aria-invalid=\"false\" placeholder=\"Nachricht\" name=\"your-message\"><\/textarea><\/span>\n<\/p>\n<div class=\"mkdf-contact-form-submit\" style=\"margin: 5px 0 0 3px\">\n\t<p><input class=\"wpcf7-form-control wpcf7-submit has-spinner\" type=\"submit\" value=\"Senden\" \/><br \/>\n<span class=\"mkdf-btn-borders-holder\"><\/span>\n\t<\/p>\n<\/div><p style=\"display: none !important;\" class=\"akismet-fields-container\" data-prefix=\"_wpcf7_ak_\"><label>&#916;<textarea name=\"_wpcf7_ak_hp_textarea\" cols=\"45\" rows=\"8\" maxlength=\"100\"><\/textarea><\/label><input type=\"hidden\" id=\"ak_js_1\" name=\"_wpcf7_ak_js\" value=\"166\"\/><script>document.getElementById( \"ak_js_1\" ).setAttribute( \"value\", ( new Date() ).getTime() );<\/script><\/p><div class=\"wpcf7-response-output\" aria-hidden=\"true\"><\/div>\n<\/form>\n<\/div>\n[\/vc_column][\/vc_row]<\/p>\n","protected":false},"excerpt":{"rendered":"<p>D\u00fcnne gewebte Rolle zum Bedrucken, in wei\u00df f\u00fcr den Digitaldruck.<\/p>\n<p>Weich, leicht und saugf\u00e4hig.<\/p>\n<p>Ideal f\u00fcr K\u00fcchent\u00fccher, Uniformen, etc.<\/p>\n<p>Leichtes Gewebe, sehr weich und extrem saugf\u00e4hig. Es hat einen sehr sch\u00f6nen Touch.<\/p>\n<p>&nbsp;<\/p>\n<p>Gr\u00f6\u00dfe 100\u00d7160 cms<\/p>\n<ul>\n<li>Material: 100% Polyester<\/li>\n<li>Gewicht: 220 gr\/m2<\/li>\n<li>Farbe: wei\u00df<\/li>\n<li>\u00a0Druck: 2 Seiten<\/li>\n<\/ul>\n<p>&nbsp;<\/p>\n<h5>PFLEGE<\/h5>\n<p>Es wird empfohlen, keinen Weichsp\u00fcler zu verwenden<\/p>\n<p>&nbsp;<\/p>\n<div class=\"woocommerce-product-details__short-description\">\n<p>\u2022 Mindestbestellmenge: 1 Rolle<\/p>\n<\/div>\n","protected":false},"featured_media":11777,"template":"","meta":{"site-sidebar-layout":"default","site-content-layout":"","ast-site-content-layout":"","site-content-style":"default","site-sidebar-style":"default","ast-global-header-display":"","ast-banner-title-visibility":"","ast-main-header-display":"","ast-hfb-above-header-display":"","ast-hfb-below-header-display":"","ast-hfb-mobile-header-display":"","site-post-title":"","ast-breadcrumbs-content":"","ast-featured-img":"","footer-sml-layout":"","theme-transparent-header-meta":"","adv-header-id-meta":"","stick-header-meta":"","header-above-stick-meta":"","header-main-stick-meta":"","header-below-stick-meta":"","astra-migrate-meta-layouts":"default","ast-page-background-enabled":"default","ast-page-background-meta":{"desktop":{"background-color":"var(--ast-global-color-5)","background-image":"","background-repeat":"repeat","background-position":"center center","background-size":"auto","background-attachment":"scroll","background-type":"","background-media":"","overlay-type":"","overlay-color":"","overlay-opacity":"","overlay-gradient":""},"tablet":{"background-color":"","background-image":"","background-repeat":"repeat","background-position":"center center","background-size":"auto","background-attachment":"scroll","background-type":"","background-media":"","overlay-type":"","overlay-color":"","overlay-opacity":"","overlay-gradient":""},"mobile":{"background-color":"","background-image":"","background-repeat":"repeat","background-position":"center center","background-size":"auto","background-attachment":"scroll","background-type":"","background-media":"","overlay-type":"","overlay-color":"","overlay-opacity":"","overlay-gradient":""}},"ast-content-background-meta":{"desktop":{"background-color":"var(--ast-global-color-4)","background-image":"","background-repeat":"repeat","background-position":"center center","background-size":"auto","background-attachment":"scroll","background-type":"","background-media":"","overlay-type":"","overlay-color":"","overlay-opacity":"","overlay-gradient":""},"tablet":{"background-color":"var(--ast-global-color-4)","background-image":"","background-repeat":"repeat","background-position":"center center","background-size":"auto","background-attachment":"scroll","background-type":"","background-media":"","overlay-type":"","overlay-color":"","overlay-opacity":"","overlay-gradient":""},"mobile":{"background-color":"var(--ast-global-color-4)","background-image":"","background-repeat":"repeat","background-position":"center center","background-size":"auto","background-attachment":"scroll","background-type":"","background-media":"","overlay-type":"","overlay-color":"","overlay-opacity":"","overlay-gradient":""}}},"product_brand":[],"product_cat":[974],"product_tag":[],"class_list":{"0":"post-11773","1":"product","2":"type-product","3":"status-publish","4":"has-post-thumbnail","6":"product_cat-bedruckbare-stoffrollen","7":"desktop-align-left","8":"tablet-align-left","9":"mobile-align-left","11":"first","12":"instock","13":"taxable","14":"shipping-taxable","15":"product-type-simple"},"yoast_head":"<!-- This site is optimized with the Yoast SEO plugin v24.6 - https:\/\/yoast.com\/wordpress\/plugins\/seo\/ -->\n<title>Gewebte Rolle f\u00fcr den Druck &quot;Alex&quot; -<\/title>\n<meta name=\"robots\" content=\"index, follow, max-snippet:-1, max-image-preview:large, max-video-preview:-1\" \/>\n<link rel=\"canonical\" href=\"https:\/\/www.tucantex.com\/de\/producto\/gewebte-rolle-fuer-den-druck-alex\/\" \/>\n<meta property=\"og:locale\" content=\"de_DE\" \/>\n<meta property=\"og:type\" content=\"article\" \/>\n<meta property=\"og:title\" content=\"Gewebte Rolle f\u00fcr den Druck &quot;Alex&quot; -\" \/>\n<meta property=\"og:description\" content=\"D\u00fcnne gewebte Rolle zum Bedrucken, in wei\u00df f\u00fcr den Digitaldruck. Weich, leicht und saugf\u00e4hig. Ideal f\u00fcr K\u00fcchent\u00fccher, Uniformen, etc. Leichtes Gewebe, sehr weich und extrem saugf\u00e4hig. Es hat einen sehr sch\u00f6nen Touch. &nbsp; Gr\u00f6\u00dfe 100\u00d7160 cms  Material: 100% Polyester Gewicht: 220 gr\/m2 Farbe: wei\u00df \u00a0Druck: 2 Seiten  &nbsp; PFLEGE Es wird empfohlen, keinen Weichsp\u00fcler zu verwenden &nbsp;  \u2022 Mindestbestellmenge: 1 Rolle\" \/>\n<meta property=\"og:url\" content=\"https:\/\/www.tucantex.com\/de\/producto\/gewebte-rolle-fuer-den-druck-alex\/\" \/>\n<meta property=\"article:modified_time\" content=\"2021-04-12T22:05:41+00:00\" \/>\n<meta property=\"og:image\" content=\"https:\/\/www.tucantex.com\/wp-content\/uploads\/2021\/03\/Rollo-Alex.jpg\" \/>\n\t<meta property=\"og:image:width\" content=\"600\" \/>\n\t<meta property=\"og:image:height\" content=\"600\" \/>\n\t<meta property=\"og:image:type\" content=\"image\/jpeg\" \/>\n<meta name=\"twitter:card\" content=\"summary_large_image\" \/>\n<script type=\"application\/ld+json\" class=\"yoast-schema-graph\">{\"@context\":\"https:\/\/schema.org\",\"@graph\":[{\"@type\":\"WebPage\",\"@id\":\"https:\/\/www.tucantex.com\/de\/producto\/gewebte-rolle-fuer-den-druck-alex\/\",\"url\":\"https:\/\/www.tucantex.com\/de\/producto\/gewebte-rolle-fuer-den-druck-alex\/\",\"name\":\"Gewebte Rolle f\u00fcr den Druck \\\"Alex\\\" -\",\"isPartOf\":{\"@id\":\"https:\/\/www.tucantex.com\/de\/#website\"},\"primaryImageOfPage\":{\"@id\":\"https:\/\/www.tucantex.com\/de\/producto\/gewebte-rolle-fuer-den-druck-alex\/#primaryimage\"},\"image\":{\"@id\":\"https:\/\/www.tucantex.com\/de\/producto\/gewebte-rolle-fuer-den-druck-alex\/#primaryimage\"},\"thumbnailUrl\":\"https:\/\/www.tucantex.com\/wp-content\/uploads\/2021\/03\/Rollo-Alex.jpg\",\"datePublished\":\"2021-03-29T18:58:49+00:00\",\"dateModified\":\"2021-04-12T22:05:41+00:00\",\"breadcrumb\":{\"@id\":\"https:\/\/www.tucantex.com\/de\/producto\/gewebte-rolle-fuer-den-druck-alex\/#breadcrumb\"},\"inLanguage\":\"de\",\"potentialAction\":[{\"@type\":\"ReadAction\",\"target\":[\"https:\/\/www.tucantex.com\/de\/producto\/gewebte-rolle-fuer-den-druck-alex\/\"]}]},{\"@type\":\"ImageObject\",\"inLanguage\":\"de\",\"@id\":\"https:\/\/www.tucantex.com\/de\/producto\/gewebte-rolle-fuer-den-druck-alex\/#primaryimage\",\"url\":\"https:\/\/www.tucantex.com\/wp-content\/uploads\/2021\/03\/Rollo-Alex.jpg\",\"contentUrl\":\"https:\/\/www.tucantex.com\/wp-content\/uploads\/2021\/03\/Rollo-Alex.jpg\",\"width\":600,\"height\":600},{\"@type\":\"BreadcrumbList\",\"@id\":\"https:\/\/www.tucantex.com\/de\/producto\/gewebte-rolle-fuer-den-druck-alex\/#breadcrumb\",\"itemListElement\":[{\"@type\":\"ListItem\",\"position\":1,\"name\":\"Portada\",\"item\":\"https:\/\/www.tucantex.com\/de\/\"},{\"@type\":\"ListItem\",\"position\":2,\"name\":\"Produkte\",\"item\":\"https:\/\/www.tucantex.com\/de\/shop\/\"},{\"@type\":\"ListItem\",\"position\":3,\"name\":\"Gewebte Rolle f\u00fcr den Druck &#8222;Alex&#8220;\"}]},{\"@type\":\"WebSite\",\"@id\":\"https:\/\/www.tucantex.com\/de\/#website\",\"url\":\"https:\/\/www.tucantex.com\/de\/\",\"name\":\"\",\"description\":\"Tejidos inteligentes\",\"potentialAction\":[{\"@type\":\"SearchAction\",\"target\":{\"@type\":\"EntryPoint\",\"urlTemplate\":\"https:\/\/www.tucantex.com\/de\/?s={search_term_string}\"},\"query-input\":{\"@type\":\"PropertyValueSpecification\",\"valueRequired\":true,\"valueName\":\"search_term_string\"}}],\"inLanguage\":\"de\"}]}<\/script>\n<!-- \/ Yoast SEO plugin. -->","yoast_head_json":{"title":"Gewebte Rolle f\u00fcr den Druck \"Alex\" -","robots":{"index":"index","follow":"follow","max-snippet":"max-snippet:-1","max-image-preview":"max-image-preview:large","max-video-preview":"max-video-preview:-1"},"canonical":"https:\/\/www.tucantex.com\/de\/producto\/gewebte-rolle-fuer-den-druck-alex\/","og_locale":"de_DE","og_type":"article","og_title":"Gewebte Rolle f\u00fcr den Druck \"Alex\" -","og_description":"D\u00fcnne gewebte Rolle zum Bedrucken, in wei\u00df f\u00fcr den Digitaldruck. Weich, leicht und saugf\u00e4hig. Ideal f\u00fcr K\u00fcchent\u00fccher, Uniformen, etc. Leichtes Gewebe, sehr weich und extrem saugf\u00e4hig. Es hat einen sehr sch\u00f6nen Touch. &nbsp; Gr\u00f6\u00dfe 100\u00d7160 cms  Material: 100% Polyester Gewicht: 220 gr\/m2 Farbe: wei\u00df \u00a0Druck: 2 Seiten  &nbsp; PFLEGE Es wird empfohlen, keinen Weichsp\u00fcler zu verwenden &nbsp;  \u2022 Mindestbestellmenge: 1 Rolle","og_url":"https:\/\/www.tucantex.com\/de\/producto\/gewebte-rolle-fuer-den-druck-alex\/","article_modified_time":"2021-04-12T22:05:41+00:00","og_image":[{"width":600,"height":600,"url":"https:\/\/www.tucantex.com\/wp-content\/uploads\/2021\/03\/Rollo-Alex.jpg","type":"image\/jpeg"}],"twitter_card":"summary_large_image","schema":{"@context":"https:\/\/schema.org","@graph":[{"@type":"WebPage","@id":"https:\/\/www.tucantex.com\/de\/producto\/gewebte-rolle-fuer-den-druck-alex\/","url":"https:\/\/www.tucantex.com\/de\/producto\/gewebte-rolle-fuer-den-druck-alex\/","name":"Gewebte Rolle f\u00fcr den Druck \"Alex\" -","isPartOf":{"@id":"https:\/\/www.tucantex.com\/de\/#website"},"primaryImageOfPage":{"@id":"https:\/\/www.tucantex.com\/de\/producto\/gewebte-rolle-fuer-den-druck-alex\/#primaryimage"},"image":{"@id":"https:\/\/www.tucantex.com\/de\/producto\/gewebte-rolle-fuer-den-druck-alex\/#primaryimage"},"thumbnailUrl":"https:\/\/www.tucantex.com\/wp-content\/uploads\/2021\/03\/Rollo-Alex.jpg","datePublished":"2021-03-29T18:58:49+00:00","dateModified":"2021-04-12T22:05:41+00:00","breadcrumb":{"@id":"https:\/\/www.tucantex.com\/de\/producto\/gewebte-rolle-fuer-den-druck-alex\/#breadcrumb"},"inLanguage":"de","potentialAction":[{"@type":"ReadAction","target":["https:\/\/www.tucantex.com\/de\/producto\/gewebte-rolle-fuer-den-druck-alex\/"]}]},{"@type":"ImageObject","inLanguage":"de","@id":"https:\/\/www.tucantex.com\/de\/producto\/gewebte-rolle-fuer-den-druck-alex\/#primaryimage","url":"https:\/\/www.tucantex.com\/wp-content\/uploads\/2021\/03\/Rollo-Alex.jpg","contentUrl":"https:\/\/www.tucantex.com\/wp-content\/uploads\/2021\/03\/Rollo-Alex.jpg","width":600,"height":600},{"@type":"BreadcrumbList","@id":"https:\/\/www.tucantex.com\/de\/producto\/gewebte-rolle-fuer-den-druck-alex\/#breadcrumb","itemListElement":[{"@type":"ListItem","position":1,"name":"Portada","item":"https:\/\/www.tucantex.com\/de\/"},{"@type":"ListItem","position":2,"name":"Produkte","item":"https:\/\/www.tucantex.com\/de\/shop\/"},{"@type":"ListItem","position":3,"name":"Gewebte Rolle f\u00fcr den Druck &#8222;Alex&#8220;"}]},{"@type":"WebSite","@id":"https:\/\/www.tucantex.com\/de\/#website","url":"https:\/\/www.tucantex.com\/de\/","name":"","description":"Tejidos inteligentes","potentialAction":[{"@type":"SearchAction","target":{"@type":"EntryPoint","urlTemplate":"https:\/\/www.tucantex.com\/de\/?s={search_term_string}"},"query-input":{"@type":"PropertyValueSpecification","valueRequired":true,"valueName":"search_term_string"}}],"inLanguage":"de"}]}},"_links":{"self":[{"href":"https:\/\/www.tucantex.com\/de\/wp-json\/wp\/v2\/product\/11773","targetHints":{"allow":["GET"]}}],"collection":[{"href":"https:\/\/www.tucantex.com\/de\/wp-json\/wp\/v2\/product"}],"about":[{"href":"https:\/\/www.tucantex.com\/de\/wp-json\/wp\/v2\/types\/product"}],"version-history":[{"count":0,"href":"https:\/\/www.tucantex.com\/de\/wp-json\/wp\/v2\/product\/11773\/revisions"}],"wp:featuredmedia":[{"embeddable":true,"href":"https:\/\/www.tucantex.com\/de\/wp-json\/wp\/v2\/media\/11777"}],"wp:attachment":[{"href":"https:\/\/www.tucantex.com\/de\/wp-json\/wp\/v2\/media?parent=11773"}],"wp:term":[{"taxonomy":"product_brand","embeddable":true,"href":"https:\/\/www.tucantex.com\/de\/wp-json\/wp\/v2\/product_brand?post=11773"},{"taxonomy":"product_cat","embeddable":true,"href":"https:\/\/www.tucantex.com\/de\/wp-json\/wp\/v2\/product_cat?post=11773"},{"taxonomy":"product_tag","embeddable":true,"href":"https:\/\/www.tucantex.com\/de\/wp-json\/wp\/v2\/product_tag?post=11773"}],"curies":[{"name":"wp","href":"https:\/\/api.w.org\/{rel}","templated":true}]}}