{"id":8032,"date":"2020-07-24T16:05:26","date_gmt":"2020-07-24T16:05:26","guid":{"rendered":"https:\/\/www.tucantex.com\/producto\/schwarzes-micro-bademantel-400g\/"},"modified":"2020-10-24T17:00:48","modified_gmt":"2020-10-24T17:00:48","slug":"schwarzes-micro-bademantel-400g","status":"publish","type":"product","link":"https:\/\/www.tucantex.com\/de\/producto\/schwarzes-micro-bademantel-400g\/","title":{"rendered":"SCHWARZES  MICRO-BADEMANTEL, 400g"},"content":{"rendered":"<p>[vc_row][vc_column]\n<div class=\"wpcf7 no-js\" id=\"wpcf7-f7848-o1\" lang=\"en-US\" dir=\"ltr\" data-wpcf7-id=\"7848\">\n<div class=\"screen-reader-response\"><p role=\"status\" aria-live=\"polite\" aria-atomic=\"true\"><\/p> <ul><\/ul><\/div>\n<form action=\"\/de\/wp-json\/wp\/v2\/product\/8032#wpcf7-f7848-o1\" method=\"post\" class=\"wpcf7-form init\" aria-label=\"Contact form\" novalidate=\"novalidate\" data-status=\"init\">\n<div style=\"display: none;\">\n<input type=\"hidden\" name=\"_wpcf7\" value=\"7848\" \/>\n<input type=\"hidden\" name=\"_wpcf7_version\" value=\"6.0.5\" \/>\n<input type=\"hidden\" name=\"_wpcf7_locale\" value=\"en_US\" \/>\n<input type=\"hidden\" name=\"_wpcf7_unit_tag\" value=\"wpcf7-f7848-o1\" \/>\n<input type=\"hidden\" name=\"_wpcf7_container_post\" value=\"0\" \/>\n<input type=\"hidden\" name=\"_wpcf7_posted_data_hash\" value=\"\" \/>\n<\/div>\n<p><span class=\"wpcf7-form-control-wrap\" data-name=\"your-name\"><input size=\"40\" maxlength=\"400\" class=\"wpcf7-form-control wpcf7-text wpcf7-validates-as-required\" aria-required=\"true\" aria-invalid=\"false\" placeholder=\"Ihr Name*\" value=\"\" type=\"text\" name=\"your-name\" \/><\/span>\n<\/p>\n<p><span class=\"wpcf7-form-control-wrap\" data-name=\"your-email\"><input size=\"40\" maxlength=\"400\" class=\"wpcf7-form-control wpcf7-email wpcf7-validates-as-required wpcf7-text wpcf7-validates-as-email\" aria-required=\"true\" aria-invalid=\"false\" placeholder=\"Ihre E-Mail-Adresse*\" value=\"\" type=\"email\" name=\"your-email\" \/><\/span>\n<\/p>\n<p><span class=\"wpcf7-form-control-wrap\" data-name=\"tel-843\"><input size=\"40\" maxlength=\"400\" class=\"wpcf7-form-control wpcf7-tel wpcf7-validates-as-required wpcf7-text wpcf7-validates-as-tel\" aria-required=\"true\" aria-invalid=\"false\" placeholder=\"Telefon*\" value=\"\" type=\"tel\" name=\"tel-843\" \/><\/span>\n<\/p>\n<p><span class=\"wpcf7-form-control-wrap\" data-name=\"your-empresa\"><input size=\"40\" maxlength=\"400\" class=\"wpcf7-form-control wpcf7-text\" aria-invalid=\"false\" value=\"Firmenname\" type=\"text\" name=\"your-empresa\" \/><\/span>\n<\/p>\n<p><span class=\"wpcf7-form-control-wrap\" data-name=\"your-sector\"><input size=\"40\" maxlength=\"400\" class=\"wpcf7-form-control wpcf7-text\" aria-invalid=\"false\" value=\"Sektor\" type=\"text\" name=\"your-sector\" \/><\/span>\n<\/p>\n<p><span class=\"wpcf7-form-control-wrap\" data-name=\"your-message\"><textarea cols=\"40\" rows=\"10\" maxlength=\"2000\" class=\"wpcf7-form-control wpcf7-textarea\" aria-invalid=\"false\" placeholder=\"Nachricht\" name=\"your-message\"><\/textarea><\/span>\n<\/p>\n<div class=\"mkdf-contact-form-submit\" style=\"margin: 5px 0 0 3px\">\n\t<p><input class=\"wpcf7-form-control wpcf7-submit has-spinner\" type=\"submit\" value=\"Senden\" \/><br \/>\n<span class=\"mkdf-btn-borders-holder\"><\/span>\n\t<\/p>\n<\/div><p style=\"display: none !important;\" class=\"akismet-fields-container\" data-prefix=\"_wpcf7_ak_\"><label>&#916;<textarea name=\"_wpcf7_ak_hp_textarea\" cols=\"45\" rows=\"8\" maxlength=\"100\"><\/textarea><\/label><input type=\"hidden\" id=\"ak_js_1\" name=\"_wpcf7_ak_js\" value=\"220\"\/><script>document.getElementById( \"ak_js_1\" ).setAttribute( \"value\", ( new Date() ).getTime() );<\/script><\/p><div class=\"wpcf7-response-output\" aria-hidden=\"true\"><\/div>\n<\/form>\n<\/div>\n[\/vc_column][\/vc_row]<\/p>\n","protected":false},"excerpt":{"rendered":"<p><img decoding=\"async\" class=\"alignnone size-medium wp-image-5944\" src=\"https:\/\/www.tucantex.com\/wp-content\/uploads\/2020\/06\/ecofriendly_confianza-300x56.png\" alt=\"\" width=\"300\" height=\"56\" srcset=\"https:\/\/www.tucantex.com\/wp-content\/uploads\/2020\/06\/ecofriendly_confianza-300x56.png 300w, https:\/\/www.tucantex.com\/wp-content\/uploads\/2020\/06\/ecofriendly_confianza-768x144.png 768w, https:\/\/www.tucantex.com\/wp-content\/uploads\/2020\/06\/ecofriendly_confianza-600x113.png 600w, https:\/\/www.tucantex.com\/wp-content\/uploads\/2020\/06\/ecofriendly_confianza.png 800w\" sizes=\"(max-width: 300px) 100vw, 300px\" \/><\/p>\n<p>Schwarzes Micro-Baumwoll-Bademantel, aus einem Kombi-Gewebe, das auf einer Seite aus Polyester und der anderen Seite aus Baumwolle besteht.<br \/>\nDieses Gewebe ist weich, formstabil und superleicht und Gewicht aus 400 g\/m2<\/p>\n<p>Strapazierf\u00e4hig und mit gro\u00dfer Absorptionskapazit\u00e4t.<\/p>\n<p>&nbsp;<\/p>\n<p>M\u00f6glichkeit zur Individualisierung mit hochwertiger Stickerei<br \/>\nBitte kontaktieren Sie uns direkt, sollten Sie eine Produktion mit Ihrem Logo oder Anagramm w\u00fcnschen:<a href=\"https:\/\/www.tucantex.com\/de\/kontakt\/\">info@tucantex.com<\/a><\/p>\n<h5>MATERIAL<\/h5>\n<p>100% Polyester, 100 % Baumwolle<br \/>\n<img decoding=\"async\" class=\"alignnone size-full wp-image-3836\" src=\"http:\/\/s820327378.mialojamiento.es\/wp-content\/uploads\/2020\/04\/ICONOS_Eco_gris.png\" alt=\"\" width=\"100\" height=\"100\" srcset=\"https:\/\/www.tucantex.com\/wp-content\/uploads\/2020\/04\/ICONOS_Eco_gris.png 150w, https:\/\/www.tucantex.com\/wp-content\/uploads\/2020\/04\/ICONOS_Eco_gris-100x100.png 100w\" sizes=\"(max-width: 100px) 100vw, 100px\" \/><\/p>\n<h5><img decoding=\"async\" class=\"alignnone wp-image-8024\" src=\"https:\/\/www.tucantex.com\/wp-content\/uploads\/2020\/10\/platzsparend.png\" alt=\"\" width=\"104\" height=\"104\" srcset=\"https:\/\/www.tucantex.com\/wp-content\/uploads\/2020\/10\/platzsparend.png 145w, https:\/\/www.tucantex.com\/wp-content\/uploads\/2020\/10\/platzsparend-100x100.png 100w\" sizes=\"(max-width: 104px) 100vw, 104px\" \/><img loading=\"lazy\" decoding=\"async\" class=\"alignnone wp-image-8015\" src=\"https:\/\/www.tucantex.com\/wp-content\/uploads\/2020\/10\/wasser_sparen.png\" alt=\"\" width=\"104\" height=\"104\" srcset=\"https:\/\/www.tucantex.com\/wp-content\/uploads\/2020\/10\/wasser_sparen.png 145w, https:\/\/www.tucantex.com\/wp-content\/uploads\/2020\/10\/wasser_sparen-100x100.png 100w\" sizes=\"(max-width: 104px) 100vw, 104px\" \/><img loading=\"lazy\" decoding=\"async\" class=\"alignnone wp-image-8021\" src=\"https:\/\/www.tucantex.com\/wp-content\/uploads\/2020\/10\/energie_sparen.png\" alt=\"\" width=\"104\" height=\"104\" srcset=\"https:\/\/www.tucantex.com\/wp-content\/uploads\/2020\/10\/energie_sparen.png 145w, https:\/\/www.tucantex.com\/wp-content\/uploads\/2020\/10\/energie_sparen-100x100.png 100w\" sizes=\"(max-width: 104px) 100vw, 104px\" \/><\/h5>\n<h5><\/h5>\n<h5>PFLEGE<\/h5>\n<p>Waschgang bei maximal 40\u00ba Grad, kurzes Schleudern, keine Bleichung. Sehr kurze Trocknungszeit ohne W\u00e4schetrockner, kein b\u00fcgeln notwendig<\/p>\n<h4>KONTAKTIREN SIE UNS BITTE BEZ\u00dcGLICH DER PREISE UND VERF\u00dcGBARKEITEN BEI GR\u00d6\u00dfERER ST\u00dcCKZAHL<\/h4>\n","protected":false},"featured_media":8033,"template":"","meta":{"site-sidebar-layout":"default","site-content-layout":"","ast-site-content-layout":"","site-content-style":"default","site-sidebar-style":"default","ast-global-header-display":"","ast-banner-title-visibility":"","ast-main-header-display":"","ast-hfb-above-header-display":"","ast-hfb-below-header-display":"","ast-hfb-mobile-header-display":"","site-post-title":"","ast-breadcrumbs-content":"","ast-featured-img":"","footer-sml-layout":"","theme-transparent-header-meta":"","adv-header-id-meta":"","stick-header-meta":"","header-above-stick-meta":"","header-main-stick-meta":"","header-below-stick-meta":"","astra-migrate-meta-layouts":"default","ast-page-background-enabled":"default","ast-page-background-meta":{"desktop":{"background-color":"var(--ast-global-color-5)","background-image":"","background-repeat":"repeat","background-position":"center center","background-size":"auto","background-attachment":"scroll","background-type":"","background-media":"","overlay-type":"","overlay-color":"","overlay-opacity":"","overlay-gradient":""},"tablet":{"background-color":"","background-image":"","background-repeat":"repeat","background-position":"center center","background-size":"auto","background-attachment":"scroll","background-type":"","background-media":"","overlay-type":"","overlay-color":"","overlay-opacity":"","overlay-gradient":""},"mobile":{"background-color":"","background-image":"","background-repeat":"repeat","background-position":"center center","background-size":"auto","background-attachment":"scroll","background-type":"","background-media":"","overlay-type":"","overlay-color":"","overlay-opacity":"","overlay-gradient":""}},"ast-content-background-meta":{"desktop":{"background-color":"var(--ast-global-color-4)","background-image":"","background-repeat":"repeat","background-position":"center center","background-size":"auto","background-attachment":"scroll","background-type":"","background-media":"","overlay-type":"","overlay-color":"","overlay-opacity":"","overlay-gradient":""},"tablet":{"background-color":"var(--ast-global-color-4)","background-image":"","background-repeat":"repeat","background-position":"center center","background-size":"auto","background-attachment":"scroll","background-type":"","background-media":"","overlay-type":"","overlay-color":"","overlay-opacity":"","overlay-gradient":""},"mobile":{"background-color":"var(--ast-global-color-4)","background-image":"","background-repeat":"repeat","background-position":"center center","background-size":"auto","background-attachment":"scroll","background-type":"","background-media":"","overlay-type":"","overlay-color":"","overlay-opacity":"","overlay-gradient":""}}},"product_brand":[],"product_cat":[579,577,578,576,580],"product_tag":[581],"class_list":{"0":"post-8032","1":"product","2":"type-product","3":"status-publish","4":"has-post-thumbnail","6":"product_cat-bademante","7":"product_cat-hotels-de","8":"product_cat-krankenhauser-residenzen","9":"product_cat-spa-wellness-de","10":"product_cat-turnhallen","11":"product_tag-bademantel","12":"desktop-align-left","13":"tablet-align-left","14":"mobile-align-left","16":"first","17":"outofstock","18":"taxable","19":"shipping-taxable","20":"purchasable","21":"product-type-variable","22":"has-default-attributes"},"yoast_head":"<!-- This site is optimized with the Yoast SEO plugin v24.6 - https:\/\/yoast.com\/wordpress\/plugins\/seo\/ -->\n<title>SCHWARZES MICRO-BADEMANTEL, 400g -<\/title>\n<meta name=\"robots\" content=\"index, follow, max-snippet:-1, max-image-preview:large, max-video-preview:-1\" \/>\n<link rel=\"canonical\" href=\"https:\/\/www.tucantex.com\/de\/producto\/schwarzes-micro-bademantel-400g\/\" \/>\n<meta property=\"og:locale\" content=\"de_DE\" \/>\n<meta property=\"og:type\" content=\"article\" \/>\n<meta property=\"og:title\" content=\"SCHWARZES MICRO-BADEMANTEL, 400g -\" \/>\n<meta property=\"og:description\" content=\"Schwarzes Micro-Baumwoll-Bademantel, aus einem Kombi-Gewebe, das auf einer Seite aus Polyester und der anderen Seite aus Baumwolle besteht. Dieses Gewebe ist weich, formstabil und superleicht und Gewicht aus 400 g\/m2  Strapazierf\u00e4hig und mit gro\u00dfer Absorptionskapazit\u00e4t.  &nbsp;  M\u00f6glichkeit zur Individualisierung mit hochwertiger Stickerei Bitte kontaktieren Sie uns direkt, sollten Sie eine Produktion mit Ihrem Logo oder Anagramm w\u00fcnschen:info@tucantex.com MATERIAL 100% Polyester, 100 % Baumwolle     PFLEGE Waschgang bei maximal 40\u00ba Grad, kurzes Schleudern, keine Bleichung. Sehr kurze Trocknungszeit ohne W\u00e4schetrockner, kein b\u00fcgeln notwendig KONTAKTIREN SIE UNS BITTE BEZ\u00dcGLICH DER PREISE UND VERF\u00dcGBARKEITEN BEI GR\u00d6\u00dfERER ST\u00dcCKZAHL\" \/>\n<meta property=\"og:url\" content=\"https:\/\/www.tucantex.com\/de\/producto\/schwarzes-micro-bademantel-400g\/\" \/>\n<meta property=\"article:modified_time\" content=\"2020-10-24T17:00:48+00:00\" \/>\n<meta property=\"og:image\" content=\"https:\/\/www.tucantex.com\/wp-content\/uploads\/2020\/05\/TUCANTEX_5.jpg\" \/>\n\t<meta property=\"og:image:width\" content=\"1333\" \/>\n\t<meta property=\"og:image:height\" content=\"2000\" \/>\n\t<meta property=\"og:image:type\" content=\"image\/jpeg\" \/>\n<meta name=\"twitter:card\" content=\"summary_large_image\" \/>\n<script type=\"application\/ld+json\" class=\"yoast-schema-graph\">{\"@context\":\"https:\/\/schema.org\",\"@graph\":[{\"@type\":\"WebPage\",\"@id\":\"https:\/\/www.tucantex.com\/de\/producto\/schwarzes-micro-bademantel-400g\/\",\"url\":\"https:\/\/www.tucantex.com\/de\/producto\/schwarzes-micro-bademantel-400g\/\",\"name\":\"SCHWARZES MICRO-BADEMANTEL, 400g -\",\"isPartOf\":{\"@id\":\"https:\/\/www.tucantex.com\/de\/#website\"},\"primaryImageOfPage\":{\"@id\":\"https:\/\/www.tucantex.com\/de\/producto\/schwarzes-micro-bademantel-400g\/#primaryimage\"},\"image\":{\"@id\":\"https:\/\/www.tucantex.com\/de\/producto\/schwarzes-micro-bademantel-400g\/#primaryimage\"},\"thumbnailUrl\":\"https:\/\/www.tucantex.com\/wp-content\/uploads\/2020\/05\/TUCANTEX_5.jpg\",\"datePublished\":\"2020-07-24T16:05:26+00:00\",\"dateModified\":\"2020-10-24T17:00:48+00:00\",\"breadcrumb\":{\"@id\":\"https:\/\/www.tucantex.com\/de\/producto\/schwarzes-micro-bademantel-400g\/#breadcrumb\"},\"inLanguage\":\"de\",\"potentialAction\":[{\"@type\":\"ReadAction\",\"target\":[\"https:\/\/www.tucantex.com\/de\/producto\/schwarzes-micro-bademantel-400g\/\"]}]},{\"@type\":\"ImageObject\",\"inLanguage\":\"de\",\"@id\":\"https:\/\/www.tucantex.com\/de\/producto\/schwarzes-micro-bademantel-400g\/#primaryimage\",\"url\":\"https:\/\/www.tucantex.com\/wp-content\/uploads\/2020\/05\/TUCANTEX_5.jpg\",\"contentUrl\":\"https:\/\/www.tucantex.com\/wp-content\/uploads\/2020\/05\/TUCANTEX_5.jpg\",\"width\":1333,\"height\":2000},{\"@type\":\"BreadcrumbList\",\"@id\":\"https:\/\/www.tucantex.com\/de\/producto\/schwarzes-micro-bademantel-400g\/#breadcrumb\",\"itemListElement\":[{\"@type\":\"ListItem\",\"position\":1,\"name\":\"Portada\",\"item\":\"https:\/\/www.tucantex.com\/de\/\"},{\"@type\":\"ListItem\",\"position\":2,\"name\":\"Produkte\",\"item\":\"https:\/\/www.tucantex.com\/de\/shop\/\"},{\"@type\":\"ListItem\",\"position\":3,\"name\":\"SCHWARZES MICRO-BADEMANTEL, 400g\"}]},{\"@type\":\"WebSite\",\"@id\":\"https:\/\/www.tucantex.com\/de\/#website\",\"url\":\"https:\/\/www.tucantex.com\/de\/\",\"name\":\"\",\"description\":\"Tejidos inteligentes\",\"potentialAction\":[{\"@type\":\"SearchAction\",\"target\":{\"@type\":\"EntryPoint\",\"urlTemplate\":\"https:\/\/www.tucantex.com\/de\/?s={search_term_string}\"},\"query-input\":{\"@type\":\"PropertyValueSpecification\",\"valueRequired\":true,\"valueName\":\"search_term_string\"}}],\"inLanguage\":\"de\"}]}<\/script>\n<!-- \/ Yoast SEO plugin. -->","yoast_head_json":{"title":"SCHWARZES MICRO-BADEMANTEL, 400g -","robots":{"index":"index","follow":"follow","max-snippet":"max-snippet:-1","max-image-preview":"max-image-preview:large","max-video-preview":"max-video-preview:-1"},"canonical":"https:\/\/www.tucantex.com\/de\/producto\/schwarzes-micro-bademantel-400g\/","og_locale":"de_DE","og_type":"article","og_title":"SCHWARZES MICRO-BADEMANTEL, 400g -","og_description":"Schwarzes Micro-Baumwoll-Bademantel, aus einem Kombi-Gewebe, das auf einer Seite aus Polyester und der anderen Seite aus Baumwolle besteht. Dieses Gewebe ist weich, formstabil und superleicht und Gewicht aus 400 g\/m2  Strapazierf\u00e4hig und mit gro\u00dfer Absorptionskapazit\u00e4t.  &nbsp;  M\u00f6glichkeit zur Individualisierung mit hochwertiger Stickerei Bitte kontaktieren Sie uns direkt, sollten Sie eine Produktion mit Ihrem Logo oder Anagramm w\u00fcnschen:info@tucantex.com MATERIAL 100% Polyester, 100 % Baumwolle     PFLEGE Waschgang bei maximal 40\u00ba Grad, kurzes Schleudern, keine Bleichung. Sehr kurze Trocknungszeit ohne W\u00e4schetrockner, kein b\u00fcgeln notwendig KONTAKTIREN SIE UNS BITTE BEZ\u00dcGLICH DER PREISE UND VERF\u00dcGBARKEITEN BEI GR\u00d6\u00dfERER ST\u00dcCKZAHL","og_url":"https:\/\/www.tucantex.com\/de\/producto\/schwarzes-micro-bademantel-400g\/","article_modified_time":"2020-10-24T17:00:48+00:00","og_image":[{"width":1333,"height":2000,"url":"https:\/\/www.tucantex.com\/wp-content\/uploads\/2020\/05\/TUCANTEX_5.jpg","type":"image\/jpeg"}],"twitter_card":"summary_large_image","schema":{"@context":"https:\/\/schema.org","@graph":[{"@type":"WebPage","@id":"https:\/\/www.tucantex.com\/de\/producto\/schwarzes-micro-bademantel-400g\/","url":"https:\/\/www.tucantex.com\/de\/producto\/schwarzes-micro-bademantel-400g\/","name":"SCHWARZES MICRO-BADEMANTEL, 400g -","isPartOf":{"@id":"https:\/\/www.tucantex.com\/de\/#website"},"primaryImageOfPage":{"@id":"https:\/\/www.tucantex.com\/de\/producto\/schwarzes-micro-bademantel-400g\/#primaryimage"},"image":{"@id":"https:\/\/www.tucantex.com\/de\/producto\/schwarzes-micro-bademantel-400g\/#primaryimage"},"thumbnailUrl":"https:\/\/www.tucantex.com\/wp-content\/uploads\/2020\/05\/TUCANTEX_5.jpg","datePublished":"2020-07-24T16:05:26+00:00","dateModified":"2020-10-24T17:00:48+00:00","breadcrumb":{"@id":"https:\/\/www.tucantex.com\/de\/producto\/schwarzes-micro-bademantel-400g\/#breadcrumb"},"inLanguage":"de","potentialAction":[{"@type":"ReadAction","target":["https:\/\/www.tucantex.com\/de\/producto\/schwarzes-micro-bademantel-400g\/"]}]},{"@type":"ImageObject","inLanguage":"de","@id":"https:\/\/www.tucantex.com\/de\/producto\/schwarzes-micro-bademantel-400g\/#primaryimage","url":"https:\/\/www.tucantex.com\/wp-content\/uploads\/2020\/05\/TUCANTEX_5.jpg","contentUrl":"https:\/\/www.tucantex.com\/wp-content\/uploads\/2020\/05\/TUCANTEX_5.jpg","width":1333,"height":2000},{"@type":"BreadcrumbList","@id":"https:\/\/www.tucantex.com\/de\/producto\/schwarzes-micro-bademantel-400g\/#breadcrumb","itemListElement":[{"@type":"ListItem","position":1,"name":"Portada","item":"https:\/\/www.tucantex.com\/de\/"},{"@type":"ListItem","position":2,"name":"Produkte","item":"https:\/\/www.tucantex.com\/de\/shop\/"},{"@type":"ListItem","position":3,"name":"SCHWARZES MICRO-BADEMANTEL, 400g"}]},{"@type":"WebSite","@id":"https:\/\/www.tucantex.com\/de\/#website","url":"https:\/\/www.tucantex.com\/de\/","name":"","description":"Tejidos inteligentes","potentialAction":[{"@type":"SearchAction","target":{"@type":"EntryPoint","urlTemplate":"https:\/\/www.tucantex.com\/de\/?s={search_term_string}"},"query-input":{"@type":"PropertyValueSpecification","valueRequired":true,"valueName":"search_term_string"}}],"inLanguage":"de"}]}},"_links":{"self":[{"href":"https:\/\/www.tucantex.com\/de\/wp-json\/wp\/v2\/product\/8032","targetHints":{"allow":["GET"]}}],"collection":[{"href":"https:\/\/www.tucantex.com\/de\/wp-json\/wp\/v2\/product"}],"about":[{"href":"https:\/\/www.tucantex.com\/de\/wp-json\/wp\/v2\/types\/product"}],"version-history":[{"count":0,"href":"https:\/\/www.tucantex.com\/de\/wp-json\/wp\/v2\/product\/8032\/revisions"}],"wp:featuredmedia":[{"embeddable":true,"href":"https:\/\/www.tucantex.com\/de\/wp-json\/wp\/v2\/media\/8033"}],"wp:attachment":[{"href":"https:\/\/www.tucantex.com\/de\/wp-json\/wp\/v2\/media?parent=8032"}],"wp:term":[{"taxonomy":"product_brand","embeddable":true,"href":"https:\/\/www.tucantex.com\/de\/wp-json\/wp\/v2\/product_brand?post=8032"},{"taxonomy":"product_cat","embeddable":true,"href":"https:\/\/www.tucantex.com\/de\/wp-json\/wp\/v2\/product_cat?post=8032"},{"taxonomy":"product_tag","embeddable":true,"href":"https:\/\/www.tucantex.com\/de\/wp-json\/wp\/v2\/product_tag?post=8032"}],"curies":[{"name":"wp","href":"https:\/\/api.w.org\/{rel}","templated":true}]}}