{"id":8068,"date":"2020-03-12T15:12:05","date_gmt":"2020-03-12T15:12:05","guid":{"rendered":"https:\/\/www.tucantex.com\/producto\/baumwoll-bademantel-100-baumwolle-500g\/"},"modified":"2021-04-22T12:28:33","modified_gmt":"2021-04-22T12:28:33","slug":"baumwoll-bademantel-100-baumwolle-500g","status":"publish","type":"product","link":"https:\/\/www.tucantex.com\/de\/producto\/baumwoll-bademantel-100-baumwolle-500g\/","title":{"rendered":"BAUMWOLL-BADEMANTEL, 100% Baumwolle, 500g"},"content":{"rendered":"","protected":false},"excerpt":{"rendered":"<p>Bademantel aus 100% Baumwolle 500g\/m2, Smokingkragen mit zwei aufgesetzten Taschen, verstellbarem G\u00fcrtel f\u00fcr mehr Komfort und perfekten Sitz.<\/p>\n<p>Strapazierf\u00e4hig und mit gro\u00dfer Absorptionskapazit\u00e4t.<\/p>\n<p>&nbsp;<\/p>\n<p>M\u00f6glichkeit zur Individualisierung mit hochwertiger Stickerei<\/p>\n<p>Bitte kontaktieren Sie uns direkt, sollten Sie eine Produktion mit Ihrem Logo oder Anagramm w\u00fcnschen:<a href=\"https:\/\/www.tucantex.com\/de\/kontakt\/\">info@tucantex.com<\/a><\/p>\n<p>&nbsp;<\/p>\n<p>&nbsp;<\/p>\n<h5>MATERIAL<\/h5>\n<p>100% Baumwolle<\/p>\n<p><img decoding=\"async\" src=\"https:\/\/www.tucantex.com\/wp-content\/uploads\/2020\/04\/ICONOS_Eco_gris.png\" \/><\/p>\n<h5>PFLEGE<\/h5>\n<p>Waschgang bei maximal 40\u00ba Grad, kurzes Schleudern, keine Bleichung. Sehr kurze Trocknungszeit ohne W\u00e4schetrockner, kein b\u00fcgeln notwendig<\/p>\n<p>&nbsp;<\/p>\n<p>&nbsp;<\/p>\n<h4>KONTAKTIREN SIE UNS BITTE BEZ\u00dcGLICH DER PREISE UND VERF\u00dcGBARKEITEN BEI GR\u00d6\u00dfERER ST\u00dcCKZAHL<\/h4>\n","protected":false},"featured_media":8079,"template":"","meta":{"site-sidebar-layout":"default","site-content-layout":"","ast-site-content-layout":"","site-content-style":"default","site-sidebar-style":"default","ast-global-header-display":"","ast-banner-title-visibility":"","ast-main-header-display":"","ast-hfb-above-header-display":"","ast-hfb-below-header-display":"","ast-hfb-mobile-header-display":"","site-post-title":"","ast-breadcrumbs-content":"","ast-featured-img":"","footer-sml-layout":"","theme-transparent-header-meta":"","adv-header-id-meta":"","stick-header-meta":"","header-above-stick-meta":"","header-main-stick-meta":"","header-below-stick-meta":"","astra-migrate-meta-layouts":"default","ast-page-background-enabled":"default","ast-page-background-meta":{"desktop":{"background-color":"var(--ast-global-color-5)","background-image":"","background-repeat":"repeat","background-position":"center center","background-size":"auto","background-attachment":"scroll","background-type":"","background-media":"","overlay-type":"","overlay-color":"","overlay-opacity":"","overlay-gradient":""},"tablet":{"background-color":"","background-image":"","background-repeat":"repeat","background-position":"center center","background-size":"auto","background-attachment":"scroll","background-type":"","background-media":"","overlay-type":"","overlay-color":"","overlay-opacity":"","overlay-gradient":""},"mobile":{"background-color":"","background-image":"","background-repeat":"repeat","background-position":"center center","background-size":"auto","background-attachment":"scroll","background-type":"","background-media":"","overlay-type":"","overlay-color":"","overlay-opacity":"","overlay-gradient":""}},"ast-content-background-meta":{"desktop":{"background-color":"var(--ast-global-color-4)","background-image":"","background-repeat":"repeat","background-position":"center center","background-size":"auto","background-attachment":"scroll","background-type":"","background-media":"","overlay-type":"","overlay-color":"","overlay-opacity":"","overlay-gradient":""},"tablet":{"background-color":"var(--ast-global-color-4)","background-image":"","background-repeat":"repeat","background-position":"center center","background-size":"auto","background-attachment":"scroll","background-type":"","background-media":"","overlay-type":"","overlay-color":"","overlay-opacity":"","overlay-gradient":""},"mobile":{"background-color":"var(--ast-global-color-4)","background-image":"","background-repeat":"repeat","background-position":"center center","background-size":"auto","background-attachment":"scroll","background-type":"","background-media":"","overlay-type":"","overlay-color":"","overlay-opacity":"","overlay-gradient":""}}},"product_brand":[],"product_cat":[579,577,578,576],"product_tag":[581,596],"class_list":{"0":"post-8068","1":"product","2":"type-product","3":"status-publish","4":"has-post-thumbnail","6":"product_cat-bademante","7":"product_cat-hotels-de","8":"product_cat-krankenhauser-residenzen","9":"product_cat-spa-wellness-de","10":"product_tag-bademantel","11":"product_tag-baumwoll-bademantel","12":"desktop-align-left","13":"tablet-align-left","14":"mobile-align-left","16":"first","17":"instock","18":"taxable","19":"shipping-taxable","20":"purchasable","21":"product-type-variable"},"yoast_head":"<!-- This site is optimized with the Yoast SEO plugin v24.6 - https:\/\/yoast.com\/wordpress\/plugins\/seo\/ -->\n<title>Bademantel aus 100% Baumwolle 500g\/m2, Smokingkragen<\/title>\n<meta name=\"description\" content=\"Bademantel aus 100% Baumwolle 500g\/m2, Smokingkragen mit zwei aufgesetzten Taschen, verstellbarem G\u00fcrtel f\u00fcr mehr Komfort und perfekten Sitz.\" \/>\n<meta name=\"robots\" content=\"index, follow, max-snippet:-1, max-image-preview:large, max-video-preview:-1\" \/>\n<link rel=\"canonical\" href=\"https:\/\/www.tucantex.com\/de\/producto\/baumwoll-bademantel-100-baumwolle-500g\/\" \/>\n<meta property=\"og:locale\" content=\"de_DE\" \/>\n<meta property=\"og:type\" content=\"article\" \/>\n<meta property=\"og:title\" content=\"Bademantel aus 100% Baumwolle 500g\/m2, Smokingkragen\" \/>\n<meta property=\"og:description\" content=\"Bademantel aus 100% Baumwolle 500g\/m2, Smokingkragen mit zwei aufgesetzten Taschen, verstellbarem G\u00fcrtel f\u00fcr mehr Komfort und perfekten Sitz.\" \/>\n<meta property=\"og:url\" content=\"https:\/\/www.tucantex.com\/de\/producto\/baumwoll-bademantel-100-baumwolle-500g\/\" \/>\n<meta property=\"article:modified_time\" content=\"2021-04-22T12:28:33+00:00\" \/>\n<meta property=\"og:image\" content=\"https:\/\/www.tucantex.com\/wp-content\/uploads\/2020\/03\/iStock-1039224912-scaled.jpg\" \/>\n\t<meta property=\"og:image:width\" content=\"2500\" \/>\n\t<meta property=\"og:image:height\" content=\"3750\" \/>\n\t<meta property=\"og:image:type\" content=\"image\/jpeg\" \/>\n<meta name=\"twitter:card\" content=\"summary_large_image\" \/>\n<script type=\"application\/ld+json\" class=\"yoast-schema-graph\">{\"@context\":\"https:\/\/schema.org\",\"@graph\":[{\"@type\":\"WebPage\",\"@id\":\"https:\/\/www.tucantex.com\/de\/producto\/baumwoll-bademantel-100-baumwolle-500g\/\",\"url\":\"https:\/\/www.tucantex.com\/de\/producto\/baumwoll-bademantel-100-baumwolle-500g\/\",\"name\":\"Bademantel aus 100% Baumwolle 500g\/m2, Smokingkragen\",\"isPartOf\":{\"@id\":\"https:\/\/www.tucantex.com\/de\/#website\"},\"primaryImageOfPage\":{\"@id\":\"https:\/\/www.tucantex.com\/de\/producto\/baumwoll-bademantel-100-baumwolle-500g\/#primaryimage\"},\"image\":{\"@id\":\"https:\/\/www.tucantex.com\/de\/producto\/baumwoll-bademantel-100-baumwolle-500g\/#primaryimage\"},\"thumbnailUrl\":\"https:\/\/www.tucantex.com\/wp-content\/uploads\/2020\/03\/iStock-1039224912-scaled.jpg\",\"datePublished\":\"2020-03-12T15:12:05+00:00\",\"dateModified\":\"2021-04-22T12:28:33+00:00\",\"description\":\"Bademantel aus 100% Baumwolle 500g\/m2, Smokingkragen mit zwei aufgesetzten Taschen, verstellbarem G\u00fcrtel f\u00fcr mehr Komfort und perfekten Sitz.\",\"breadcrumb\":{\"@id\":\"https:\/\/www.tucantex.com\/de\/producto\/baumwoll-bademantel-100-baumwolle-500g\/#breadcrumb\"},\"inLanguage\":\"de\",\"potentialAction\":[{\"@type\":\"ReadAction\",\"target\":[\"https:\/\/www.tucantex.com\/de\/producto\/baumwoll-bademantel-100-baumwolle-500g\/\"]}]},{\"@type\":\"ImageObject\",\"inLanguage\":\"de\",\"@id\":\"https:\/\/www.tucantex.com\/de\/producto\/baumwoll-bademantel-100-baumwolle-500g\/#primaryimage\",\"url\":\"https:\/\/www.tucantex.com\/wp-content\/uploads\/2020\/03\/iStock-1039224912-scaled.jpg\",\"contentUrl\":\"https:\/\/www.tucantex.com\/wp-content\/uploads\/2020\/03\/iStock-1039224912-scaled.jpg\",\"width\":2500,\"height\":3750},{\"@type\":\"BreadcrumbList\",\"@id\":\"https:\/\/www.tucantex.com\/de\/producto\/baumwoll-bademantel-100-baumwolle-500g\/#breadcrumb\",\"itemListElement\":[{\"@type\":\"ListItem\",\"position\":1,\"name\":\"Portada\",\"item\":\"https:\/\/www.tucantex.com\/de\/\"},{\"@type\":\"ListItem\",\"position\":2,\"name\":\"Produkte\",\"item\":\"https:\/\/www.tucantex.com\/de\/shop\/\"},{\"@type\":\"ListItem\",\"position\":3,\"name\":\"BAUMWOLL-BADEMANTEL, 100% Baumwolle, 500g\"}]},{\"@type\":\"WebSite\",\"@id\":\"https:\/\/www.tucantex.com\/de\/#website\",\"url\":\"https:\/\/www.tucantex.com\/de\/\",\"name\":\"\",\"description\":\"Tejidos inteligentes\",\"potentialAction\":[{\"@type\":\"SearchAction\",\"target\":{\"@type\":\"EntryPoint\",\"urlTemplate\":\"https:\/\/www.tucantex.com\/de\/?s={search_term_string}\"},\"query-input\":{\"@type\":\"PropertyValueSpecification\",\"valueRequired\":true,\"valueName\":\"search_term_string\"}}],\"inLanguage\":\"de\"}]}<\/script>\n<!-- \/ Yoast SEO plugin. -->","yoast_head_json":{"title":"Bademantel aus 100% Baumwolle 500g\/m2, Smokingkragen","description":"Bademantel aus 100% Baumwolle 500g\/m2, Smokingkragen mit zwei aufgesetzten Taschen, verstellbarem G\u00fcrtel f\u00fcr mehr Komfort und perfekten Sitz.","robots":{"index":"index","follow":"follow","max-snippet":"max-snippet:-1","max-image-preview":"max-image-preview:large","max-video-preview":"max-video-preview:-1"},"canonical":"https:\/\/www.tucantex.com\/de\/producto\/baumwoll-bademantel-100-baumwolle-500g\/","og_locale":"de_DE","og_type":"article","og_title":"Bademantel aus 100% Baumwolle 500g\/m2, Smokingkragen","og_description":"Bademantel aus 100% Baumwolle 500g\/m2, Smokingkragen mit zwei aufgesetzten Taschen, verstellbarem G\u00fcrtel f\u00fcr mehr Komfort und perfekten Sitz.","og_url":"https:\/\/www.tucantex.com\/de\/producto\/baumwoll-bademantel-100-baumwolle-500g\/","article_modified_time":"2021-04-22T12:28:33+00:00","og_image":[{"width":2500,"height":3750,"url":"https:\/\/www.tucantex.com\/wp-content\/uploads\/2020\/03\/iStock-1039224912-scaled.jpg","type":"image\/jpeg"}],"twitter_card":"summary_large_image","schema":{"@context":"https:\/\/schema.org","@graph":[{"@type":"WebPage","@id":"https:\/\/www.tucantex.com\/de\/producto\/baumwoll-bademantel-100-baumwolle-500g\/","url":"https:\/\/www.tucantex.com\/de\/producto\/baumwoll-bademantel-100-baumwolle-500g\/","name":"Bademantel aus 100% Baumwolle 500g\/m2, Smokingkragen","isPartOf":{"@id":"https:\/\/www.tucantex.com\/de\/#website"},"primaryImageOfPage":{"@id":"https:\/\/www.tucantex.com\/de\/producto\/baumwoll-bademantel-100-baumwolle-500g\/#primaryimage"},"image":{"@id":"https:\/\/www.tucantex.com\/de\/producto\/baumwoll-bademantel-100-baumwolle-500g\/#primaryimage"},"thumbnailUrl":"https:\/\/www.tucantex.com\/wp-content\/uploads\/2020\/03\/iStock-1039224912-scaled.jpg","datePublished":"2020-03-12T15:12:05+00:00","dateModified":"2021-04-22T12:28:33+00:00","description":"Bademantel aus 100% Baumwolle 500g\/m2, Smokingkragen mit zwei aufgesetzten Taschen, verstellbarem G\u00fcrtel f\u00fcr mehr Komfort und perfekten Sitz.","breadcrumb":{"@id":"https:\/\/www.tucantex.com\/de\/producto\/baumwoll-bademantel-100-baumwolle-500g\/#breadcrumb"},"inLanguage":"de","potentialAction":[{"@type":"ReadAction","target":["https:\/\/www.tucantex.com\/de\/producto\/baumwoll-bademantel-100-baumwolle-500g\/"]}]},{"@type":"ImageObject","inLanguage":"de","@id":"https:\/\/www.tucantex.com\/de\/producto\/baumwoll-bademantel-100-baumwolle-500g\/#primaryimage","url":"https:\/\/www.tucantex.com\/wp-content\/uploads\/2020\/03\/iStock-1039224912-scaled.jpg","contentUrl":"https:\/\/www.tucantex.com\/wp-content\/uploads\/2020\/03\/iStock-1039224912-scaled.jpg","width":2500,"height":3750},{"@type":"BreadcrumbList","@id":"https:\/\/www.tucantex.com\/de\/producto\/baumwoll-bademantel-100-baumwolle-500g\/#breadcrumb","itemListElement":[{"@type":"ListItem","position":1,"name":"Portada","item":"https:\/\/www.tucantex.com\/de\/"},{"@type":"ListItem","position":2,"name":"Produkte","item":"https:\/\/www.tucantex.com\/de\/shop\/"},{"@type":"ListItem","position":3,"name":"BAUMWOLL-BADEMANTEL, 100% Baumwolle, 500g"}]},{"@type":"WebSite","@id":"https:\/\/www.tucantex.com\/de\/#website","url":"https:\/\/www.tucantex.com\/de\/","name":"","description":"Tejidos inteligentes","potentialAction":[{"@type":"SearchAction","target":{"@type":"EntryPoint","urlTemplate":"https:\/\/www.tucantex.com\/de\/?s={search_term_string}"},"query-input":{"@type":"PropertyValueSpecification","valueRequired":true,"valueName":"search_term_string"}}],"inLanguage":"de"}]}},"_links":{"self":[{"href":"https:\/\/www.tucantex.com\/de\/wp-json\/wp\/v2\/product\/8068","targetHints":{"allow":["GET"]}}],"collection":[{"href":"https:\/\/www.tucantex.com\/de\/wp-json\/wp\/v2\/product"}],"about":[{"href":"https:\/\/www.tucantex.com\/de\/wp-json\/wp\/v2\/types\/product"}],"version-history":[{"count":0,"href":"https:\/\/www.tucantex.com\/de\/wp-json\/wp\/v2\/product\/8068\/revisions"}],"wp:featuredmedia":[{"embeddable":true,"href":"https:\/\/www.tucantex.com\/de\/wp-json\/wp\/v2\/media\/8079"}],"wp:attachment":[{"href":"https:\/\/www.tucantex.com\/de\/wp-json\/wp\/v2\/media?parent=8068"}],"wp:term":[{"taxonomy":"product_brand","embeddable":true,"href":"https:\/\/www.tucantex.com\/de\/wp-json\/wp\/v2\/product_brand?post=8068"},{"taxonomy":"product_cat","embeddable":true,"href":"https:\/\/www.tucantex.com\/de\/wp-json\/wp\/v2\/product_cat?post=8068"},{"taxonomy":"product_tag","embeddable":true,"href":"https:\/\/www.tucantex.com\/de\/wp-json\/wp\/v2\/product_tag?post=8068"}],"curies":[{"name":"wp","href":"https:\/\/api.w.org\/{rel}","templated":true}]}}