{"id":8171,"date":"2020-05-31T18:14:18","date_gmt":"2020-05-31T18:14:18","guid":{"rendered":"https:\/\/www.tucantex.com\/producto\/handluch-in-flauschier-qualitat-400g\/"},"modified":"2020-10-24T20:39:24","modified_gmt":"2020-10-24T20:39:24","slug":"handluch-in-flauschier-qualitat-400g","status":"publish","type":"product","link":"https:\/\/www.tucantex.com\/de\/producto\/handluch-in-flauschier-qualitat-400g\/","title":{"rendered":"Handluch in flauschier Qualit\u00e4t, 400g"},"content":{"rendered":"<p>[vc_row][vc_column]\n<div class=\"wpcf7 no-js\" id=\"wpcf7-f7848-o1\" lang=\"en-US\" dir=\"ltr\" data-wpcf7-id=\"7848\">\n<div class=\"screen-reader-response\"><p role=\"status\" aria-live=\"polite\" aria-atomic=\"true\"><\/p> <ul><\/ul><\/div>\n<form action=\"\/de\/wp-json\/wp\/v2\/product\/8171#wpcf7-f7848-o1\" method=\"post\" class=\"wpcf7-form init\" aria-label=\"Contact form\" novalidate=\"novalidate\" data-status=\"init\">\n<div style=\"display: none;\">\n<input type=\"hidden\" name=\"_wpcf7\" value=\"7848\" \/>\n<input type=\"hidden\" name=\"_wpcf7_version\" value=\"6.0.5\" \/>\n<input type=\"hidden\" name=\"_wpcf7_locale\" value=\"en_US\" \/>\n<input type=\"hidden\" name=\"_wpcf7_unit_tag\" value=\"wpcf7-f7848-o1\" \/>\n<input type=\"hidden\" name=\"_wpcf7_container_post\" value=\"0\" \/>\n<input type=\"hidden\" name=\"_wpcf7_posted_data_hash\" value=\"\" \/>\n<\/div>\n<p><span class=\"wpcf7-form-control-wrap\" data-name=\"your-name\"><input size=\"40\" maxlength=\"400\" class=\"wpcf7-form-control wpcf7-text wpcf7-validates-as-required\" aria-required=\"true\" aria-invalid=\"false\" placeholder=\"Ihr Name*\" value=\"\" type=\"text\" name=\"your-name\" \/><\/span>\n<\/p>\n<p><span class=\"wpcf7-form-control-wrap\" data-name=\"your-email\"><input size=\"40\" maxlength=\"400\" class=\"wpcf7-form-control wpcf7-email wpcf7-validates-as-required wpcf7-text wpcf7-validates-as-email\" aria-required=\"true\" aria-invalid=\"false\" placeholder=\"Ihre E-Mail-Adresse*\" value=\"\" type=\"email\" name=\"your-email\" \/><\/span>\n<\/p>\n<p><span class=\"wpcf7-form-control-wrap\" data-name=\"tel-843\"><input size=\"40\" maxlength=\"400\" class=\"wpcf7-form-control wpcf7-tel wpcf7-validates-as-required wpcf7-text wpcf7-validates-as-tel\" aria-required=\"true\" aria-invalid=\"false\" placeholder=\"Telefon*\" value=\"\" type=\"tel\" name=\"tel-843\" \/><\/span>\n<\/p>\n<p><span class=\"wpcf7-form-control-wrap\" data-name=\"your-empresa\"><input size=\"40\" maxlength=\"400\" class=\"wpcf7-form-control wpcf7-text\" aria-invalid=\"false\" value=\"Firmenname\" type=\"text\" name=\"your-empresa\" \/><\/span>\n<\/p>\n<p><span class=\"wpcf7-form-control-wrap\" data-name=\"your-sector\"><input size=\"40\" maxlength=\"400\" class=\"wpcf7-form-control wpcf7-text\" aria-invalid=\"false\" value=\"Sektor\" type=\"text\" name=\"your-sector\" \/><\/span>\n<\/p>\n<p><span class=\"wpcf7-form-control-wrap\" data-name=\"your-message\"><textarea cols=\"40\" rows=\"10\" maxlength=\"2000\" class=\"wpcf7-form-control wpcf7-textarea\" aria-invalid=\"false\" placeholder=\"Nachricht\" name=\"your-message\"><\/textarea><\/span>\n<\/p>\n<div class=\"mkdf-contact-form-submit\" style=\"margin: 5px 0 0 3px\">\n\t<p><input class=\"wpcf7-form-control wpcf7-submit has-spinner\" type=\"submit\" value=\"Senden\" \/><br \/>\n<span class=\"mkdf-btn-borders-holder\"><\/span>\n\t<\/p>\n<\/div><p style=\"display: none !important;\" class=\"akismet-fields-container\" data-prefix=\"_wpcf7_ak_\"><label>&#916;<textarea name=\"_wpcf7_ak_hp_textarea\" cols=\"45\" rows=\"8\" maxlength=\"100\"><\/textarea><\/label><input type=\"hidden\" id=\"ak_js_1\" name=\"_wpcf7_ak_js\" value=\"59\"\/><script>document.getElementById( \"ak_js_1\" ).setAttribute( \"value\", ( new Date() ).getTime() );<\/script><\/p><div class=\"wpcf7-response-output\" aria-hidden=\"true\"><\/div>\n<\/form>\n<\/div>\n[\/vc_column][\/vc_row]<\/p>\n","protected":false},"excerpt":{"rendered":"<p>Sehr flauschiges, kuscheliges Handtuch, absorbiert Feuchtigkeit, ohne schlechte Ger\u00fcche anzunehmen.<br \/>\nIdeal f\u00fcr die Behandlungsliege, Manik\u00fcre und Pedik\u00fcre.<\/p>\n<p>Antibakterielles Gewebe. Kurze Wasch- und Trocknungszeit.<\/p>\n<p>M\u00f6glichkeit zur Individualisierung mit hochwertiger Stickerei.<\/p>\n<p>Bitte kontaktieren Sie uns direkt, sollten Sie eine Produktion mit Ihrem Logo oder Anagramm w\u00fcnschen:<a href=\"https:\/\/www.tucantex.com\/de\/kontakt\/\">info@tucantex.com<\/a><\/p>\n<p>&nbsp;<\/p>\n<h5>MATERIAL<\/h5>\n<p>100% Polyester<br \/>\n<img decoding=\"async\" class=\"alignnone wp-image-8012\" src=\"https:\/\/www.tucantex.com\/wp-content\/uploads\/2020\/10\/schnelle_trocknung.png\" alt=\"\" width=\"104\" height=\"104\" srcset=\"https:\/\/www.tucantex.com\/wp-content\/uploads\/2020\/10\/schnelle_trocknung.png 145w, https:\/\/www.tucantex.com\/wp-content\/uploads\/2020\/10\/schnelle_trocknung-100x100.png 100w\" sizes=\"(max-width: 104px) 100vw, 104px\" \/><img decoding=\"async\" class=\"alignnone wp-image-8021\" src=\"https:\/\/www.tucantex.com\/wp-content\/uploads\/2020\/10\/energie_sparen.png\" alt=\"\" width=\"104\" height=\"104\" srcset=\"https:\/\/www.tucantex.com\/wp-content\/uploads\/2020\/10\/energie_sparen.png 145w, https:\/\/www.tucantex.com\/wp-content\/uploads\/2020\/10\/energie_sparen-100x100.png 100w\" sizes=\"(max-width: 104px) 100vw, 104px\" \/><img decoding=\"async\" class=\"alignnone wp-image-8015\" src=\"https:\/\/www.tucantex.com\/wp-content\/uploads\/2020\/10\/wasser_sparen.png\" alt=\"\" width=\"104\" height=\"104\" srcset=\"https:\/\/www.tucantex.com\/wp-content\/uploads\/2020\/10\/wasser_sparen.png 145w, https:\/\/www.tucantex.com\/wp-content\/uploads\/2020\/10\/wasser_sparen-100x100.png 100w\" sizes=\"(max-width: 104px) 100vw, 104px\" \/><img loading=\"lazy\" decoding=\"async\" class=\"alignnone wp-image-8018\" src=\"https:\/\/www.tucantex.com\/wp-content\/uploads\/2020\/10\/antibakteriell.png\" alt=\"\" width=\"104\" height=\"104\" srcset=\"https:\/\/www.tucantex.com\/wp-content\/uploads\/2020\/10\/antibakteriell.png 145w, https:\/\/www.tucantex.com\/wp-content\/uploads\/2020\/10\/antibakteriell-100x100.png 100w\" sizes=\"(max-width: 104px) 100vw, 104px\" \/><\/p>\n<h5>PFLEGE<\/h5>\n<p>Waschgang bei maximal 40\u00ba Grad, kurzes Schleudern, keine Bleichung. Sehr kurze Trocknungszeit ohne W\u00e4schetrockner, kein b\u00fcgeln notwendig.<\/p>\n<h4>KONTAKTIREN SIE UNS BITTE BEZ\u00dcGLICH DER PREISE UND VERF\u00dcGBARKEITEN BEI GR\u00d6\u00dfERER ST\u00dcCKZAHL<\/h4>\n","protected":false},"featured_media":8172,"template":"","meta":{"site-sidebar-layout":"default","site-content-layout":"","ast-site-content-layout":"","site-content-style":"default","site-sidebar-style":"default","ast-global-header-display":"","ast-banner-title-visibility":"","ast-main-header-display":"","ast-hfb-above-header-display":"","ast-hfb-below-header-display":"","ast-hfb-mobile-header-display":"","site-post-title":"","ast-breadcrumbs-content":"","ast-featured-img":"","footer-sml-layout":"","theme-transparent-header-meta":"","adv-header-id-meta":"","stick-header-meta":"","header-above-stick-meta":"","header-main-stick-meta":"","header-below-stick-meta":"","astra-migrate-meta-layouts":"default","ast-page-background-enabled":"default","ast-page-background-meta":{"desktop":{"background-color":"var(--ast-global-color-5)","background-image":"","background-repeat":"repeat","background-position":"center center","background-size":"auto","background-attachment":"scroll","background-type":"","background-media":"","overlay-type":"","overlay-color":"","overlay-opacity":"","overlay-gradient":""},"tablet":{"background-color":"","background-image":"","background-repeat":"repeat","background-position":"center center","background-size":"auto","background-attachment":"scroll","background-type":"","background-media":"","overlay-type":"","overlay-color":"","overlay-opacity":"","overlay-gradient":""},"mobile":{"background-color":"","background-image":"","background-repeat":"repeat","background-position":"center center","background-size":"auto","background-attachment":"scroll","background-type":"","background-media":"","overlay-type":"","overlay-color":"","overlay-opacity":"","overlay-gradient":""}},"ast-content-background-meta":{"desktop":{"background-color":"var(--ast-global-color-4)","background-image":"","background-repeat":"repeat","background-position":"center center","background-size":"auto","background-attachment":"scroll","background-type":"","background-media":"","overlay-type":"","overlay-color":"","overlay-opacity":"","overlay-gradient":""},"tablet":{"background-color":"var(--ast-global-color-4)","background-image":"","background-repeat":"repeat","background-position":"center center","background-size":"auto","background-attachment":"scroll","background-type":"","background-media":"","overlay-type":"","overlay-color":"","overlay-opacity":"","overlay-gradient":""},"mobile":{"background-color":"var(--ast-global-color-4)","background-image":"","background-repeat":"repeat","background-position":"center center","background-size":"auto","background-attachment":"scroll","background-type":"","background-media":"","overlay-type":"","overlay-color":"","overlay-opacity":"","overlay-gradient":""}}},"product_brand":[],"product_cat":[597,577,578,576,580],"product_tag":[],"class_list":{"0":"post-8171","1":"product","2":"type-product","3":"status-publish","4":"has-post-thumbnail","6":"product_cat-handtucher","7":"product_cat-hotels-de","8":"product_cat-krankenhauser-residenzen","9":"product_cat-spa-wellness-de","10":"product_cat-turnhallen","11":"desktop-align-left","12":"tablet-align-left","13":"mobile-align-left","15":"first","16":"instock","17":"taxable","18":"shipping-taxable","19":"purchasable","20":"product-type-variable","21":"has-default-attributes"},"yoast_head":"<!-- This site is optimized with the Yoast SEO plugin v24.6 - https:\/\/yoast.com\/wordpress\/plugins\/seo\/ -->\n<title>Handluch in flauschier Qualit\u00e4t, 400g -<\/title>\n<meta name=\"robots\" content=\"index, follow, max-snippet:-1, max-image-preview:large, max-video-preview:-1\" \/>\n<link rel=\"canonical\" href=\"https:\/\/www.tucantex.com\/de\/producto\/handluch-in-flauschier-qualitat-400g\/\" \/>\n<meta property=\"og:locale\" content=\"de_DE\" \/>\n<meta property=\"og:type\" content=\"article\" \/>\n<meta property=\"og:title\" content=\"Handluch in flauschier Qualit\u00e4t, 400g -\" \/>\n<meta property=\"og:description\" content=\"Sehr flauschiges, kuscheliges Handtuch, absorbiert Feuchtigkeit, ohne schlechte Ger\u00fcche anzunehmen. Ideal f\u00fcr die Behandlungsliege, Manik\u00fcre und Pedik\u00fcre.  Antibakterielles Gewebe. Kurze Wasch- und Trocknungszeit.  M\u00f6glichkeit zur Individualisierung mit hochwertiger Stickerei.  Bitte kontaktieren Sie uns direkt, sollten Sie eine Produktion mit Ihrem Logo oder Anagramm w\u00fcnschen:info@tucantex.com  &nbsp; MATERIAL 100% Polyester  PFLEGE Waschgang bei maximal 40\u00ba Grad, kurzes Schleudern, keine Bleichung. Sehr kurze Trocknungszeit ohne W\u00e4schetrockner, kein b\u00fcgeln notwendig. KONTAKTIREN SIE UNS BITTE BEZ\u00dcGLICH DER PREISE UND VERF\u00dcGBARKEITEN BEI GR\u00d6\u00dfERER ST\u00dcCKZAHL\" \/>\n<meta property=\"og:url\" content=\"https:\/\/www.tucantex.com\/de\/producto\/handluch-in-flauschier-qualitat-400g\/\" \/>\n<meta property=\"article:modified_time\" content=\"2020-10-24T20:39:24+00:00\" \/>\n<meta property=\"og:image\" content=\"https:\/\/www.tucantex.com\/wp-content\/uploads\/2020\/05\/LY5O6626.jpg\" \/>\n\t<meta property=\"og:image:width\" content=\"1024\" \/>\n\t<meta property=\"og:image:height\" content=\"683\" \/>\n\t<meta property=\"og:image:type\" content=\"image\/jpeg\" \/>\n<meta name=\"twitter:card\" content=\"summary_large_image\" \/>\n<script type=\"application\/ld+json\" class=\"yoast-schema-graph\">{\"@context\":\"https:\/\/schema.org\",\"@graph\":[{\"@type\":\"WebPage\",\"@id\":\"https:\/\/www.tucantex.com\/de\/producto\/handluch-in-flauschier-qualitat-400g\/\",\"url\":\"https:\/\/www.tucantex.com\/de\/producto\/handluch-in-flauschier-qualitat-400g\/\",\"name\":\"Handluch in flauschier Qualit\u00e4t, 400g -\",\"isPartOf\":{\"@id\":\"https:\/\/www.tucantex.com\/de\/#website\"},\"primaryImageOfPage\":{\"@id\":\"https:\/\/www.tucantex.com\/de\/producto\/handluch-in-flauschier-qualitat-400g\/#primaryimage\"},\"image\":{\"@id\":\"https:\/\/www.tucantex.com\/de\/producto\/handluch-in-flauschier-qualitat-400g\/#primaryimage\"},\"thumbnailUrl\":\"https:\/\/www.tucantex.com\/wp-content\/uploads\/2020\/05\/LY5O6626.jpg\",\"datePublished\":\"2020-05-31T18:14:18+00:00\",\"dateModified\":\"2020-10-24T20:39:24+00:00\",\"breadcrumb\":{\"@id\":\"https:\/\/www.tucantex.com\/de\/producto\/handluch-in-flauschier-qualitat-400g\/#breadcrumb\"},\"inLanguage\":\"de\",\"potentialAction\":[{\"@type\":\"ReadAction\",\"target\":[\"https:\/\/www.tucantex.com\/de\/producto\/handluch-in-flauschier-qualitat-400g\/\"]}]},{\"@type\":\"ImageObject\",\"inLanguage\":\"de\",\"@id\":\"https:\/\/www.tucantex.com\/de\/producto\/handluch-in-flauschier-qualitat-400g\/#primaryimage\",\"url\":\"https:\/\/www.tucantex.com\/wp-content\/uploads\/2020\/05\/LY5O6626.jpg\",\"contentUrl\":\"https:\/\/www.tucantex.com\/wp-content\/uploads\/2020\/05\/LY5O6626.jpg\",\"width\":1024,\"height\":683},{\"@type\":\"BreadcrumbList\",\"@id\":\"https:\/\/www.tucantex.com\/de\/producto\/handluch-in-flauschier-qualitat-400g\/#breadcrumb\",\"itemListElement\":[{\"@type\":\"ListItem\",\"position\":1,\"name\":\"Portada\",\"item\":\"https:\/\/www.tucantex.com\/de\/\"},{\"@type\":\"ListItem\",\"position\":2,\"name\":\"Produkte\",\"item\":\"https:\/\/www.tucantex.com\/de\/shop\/\"},{\"@type\":\"ListItem\",\"position\":3,\"name\":\"Handluch in flauschier Qualit\u00e4t, 400g\"}]},{\"@type\":\"WebSite\",\"@id\":\"https:\/\/www.tucantex.com\/de\/#website\",\"url\":\"https:\/\/www.tucantex.com\/de\/\",\"name\":\"\",\"description\":\"Tejidos inteligentes\",\"potentialAction\":[{\"@type\":\"SearchAction\",\"target\":{\"@type\":\"EntryPoint\",\"urlTemplate\":\"https:\/\/www.tucantex.com\/de\/?s={search_term_string}\"},\"query-input\":{\"@type\":\"PropertyValueSpecification\",\"valueRequired\":true,\"valueName\":\"search_term_string\"}}],\"inLanguage\":\"de\"}]}<\/script>\n<!-- \/ Yoast SEO plugin. -->","yoast_head_json":{"title":"Handluch in flauschier Qualit\u00e4t, 400g -","robots":{"index":"index","follow":"follow","max-snippet":"max-snippet:-1","max-image-preview":"max-image-preview:large","max-video-preview":"max-video-preview:-1"},"canonical":"https:\/\/www.tucantex.com\/de\/producto\/handluch-in-flauschier-qualitat-400g\/","og_locale":"de_DE","og_type":"article","og_title":"Handluch in flauschier Qualit\u00e4t, 400g -","og_description":"Sehr flauschiges, kuscheliges Handtuch, absorbiert Feuchtigkeit, ohne schlechte Ger\u00fcche anzunehmen. Ideal f\u00fcr die Behandlungsliege, Manik\u00fcre und Pedik\u00fcre.  Antibakterielles Gewebe. Kurze Wasch- und Trocknungszeit.  M\u00f6glichkeit zur Individualisierung mit hochwertiger Stickerei.  Bitte kontaktieren Sie uns direkt, sollten Sie eine Produktion mit Ihrem Logo oder Anagramm w\u00fcnschen:info@tucantex.com  &nbsp; MATERIAL 100% Polyester  PFLEGE Waschgang bei maximal 40\u00ba Grad, kurzes Schleudern, keine Bleichung. Sehr kurze Trocknungszeit ohne W\u00e4schetrockner, kein b\u00fcgeln notwendig. KONTAKTIREN SIE UNS BITTE BEZ\u00dcGLICH DER PREISE UND VERF\u00dcGBARKEITEN BEI GR\u00d6\u00dfERER ST\u00dcCKZAHL","og_url":"https:\/\/www.tucantex.com\/de\/producto\/handluch-in-flauschier-qualitat-400g\/","article_modified_time":"2020-10-24T20:39:24+00:00","og_image":[{"width":1024,"height":683,"url":"https:\/\/www.tucantex.com\/wp-content\/uploads\/2020\/05\/LY5O6626.jpg","type":"image\/jpeg"}],"twitter_card":"summary_large_image","schema":{"@context":"https:\/\/schema.org","@graph":[{"@type":"WebPage","@id":"https:\/\/www.tucantex.com\/de\/producto\/handluch-in-flauschier-qualitat-400g\/","url":"https:\/\/www.tucantex.com\/de\/producto\/handluch-in-flauschier-qualitat-400g\/","name":"Handluch in flauschier Qualit\u00e4t, 400g -","isPartOf":{"@id":"https:\/\/www.tucantex.com\/de\/#website"},"primaryImageOfPage":{"@id":"https:\/\/www.tucantex.com\/de\/producto\/handluch-in-flauschier-qualitat-400g\/#primaryimage"},"image":{"@id":"https:\/\/www.tucantex.com\/de\/producto\/handluch-in-flauschier-qualitat-400g\/#primaryimage"},"thumbnailUrl":"https:\/\/www.tucantex.com\/wp-content\/uploads\/2020\/05\/LY5O6626.jpg","datePublished":"2020-05-31T18:14:18+00:00","dateModified":"2020-10-24T20:39:24+00:00","breadcrumb":{"@id":"https:\/\/www.tucantex.com\/de\/producto\/handluch-in-flauschier-qualitat-400g\/#breadcrumb"},"inLanguage":"de","potentialAction":[{"@type":"ReadAction","target":["https:\/\/www.tucantex.com\/de\/producto\/handluch-in-flauschier-qualitat-400g\/"]}]},{"@type":"ImageObject","inLanguage":"de","@id":"https:\/\/www.tucantex.com\/de\/producto\/handluch-in-flauschier-qualitat-400g\/#primaryimage","url":"https:\/\/www.tucantex.com\/wp-content\/uploads\/2020\/05\/LY5O6626.jpg","contentUrl":"https:\/\/www.tucantex.com\/wp-content\/uploads\/2020\/05\/LY5O6626.jpg","width":1024,"height":683},{"@type":"BreadcrumbList","@id":"https:\/\/www.tucantex.com\/de\/producto\/handluch-in-flauschier-qualitat-400g\/#breadcrumb","itemListElement":[{"@type":"ListItem","position":1,"name":"Portada","item":"https:\/\/www.tucantex.com\/de\/"},{"@type":"ListItem","position":2,"name":"Produkte","item":"https:\/\/www.tucantex.com\/de\/shop\/"},{"@type":"ListItem","position":3,"name":"Handluch in flauschier Qualit\u00e4t, 400g"}]},{"@type":"WebSite","@id":"https:\/\/www.tucantex.com\/de\/#website","url":"https:\/\/www.tucantex.com\/de\/","name":"","description":"Tejidos inteligentes","potentialAction":[{"@type":"SearchAction","target":{"@type":"EntryPoint","urlTemplate":"https:\/\/www.tucantex.com\/de\/?s={search_term_string}"},"query-input":{"@type":"PropertyValueSpecification","valueRequired":true,"valueName":"search_term_string"}}],"inLanguage":"de"}]}},"_links":{"self":[{"href":"https:\/\/www.tucantex.com\/de\/wp-json\/wp\/v2\/product\/8171","targetHints":{"allow":["GET"]}}],"collection":[{"href":"https:\/\/www.tucantex.com\/de\/wp-json\/wp\/v2\/product"}],"about":[{"href":"https:\/\/www.tucantex.com\/de\/wp-json\/wp\/v2\/types\/product"}],"version-history":[{"count":0,"href":"https:\/\/www.tucantex.com\/de\/wp-json\/wp\/v2\/product\/8171\/revisions"}],"wp:featuredmedia":[{"embeddable":true,"href":"https:\/\/www.tucantex.com\/de\/wp-json\/wp\/v2\/media\/8172"}],"wp:attachment":[{"href":"https:\/\/www.tucantex.com\/de\/wp-json\/wp\/v2\/media?parent=8171"}],"wp:term":[{"taxonomy":"product_brand","embeddable":true,"href":"https:\/\/www.tucantex.com\/de\/wp-json\/wp\/v2\/product_brand?post=8171"},{"taxonomy":"product_cat","embeddable":true,"href":"https:\/\/www.tucantex.com\/de\/wp-json\/wp\/v2\/product_cat?post=8171"},{"taxonomy":"product_tag","embeddable":true,"href":"https:\/\/www.tucantex.com\/de\/wp-json\/wp\/v2\/product_tag?post=8171"}],"curies":[{"name":"wp","href":"https:\/\/api.w.org\/{rel}","templated":true}]}}