{"id":9656,"date":"2020-08-10T19:08:29","date_gmt":"2020-11-06T14:59:25","guid":{"rendered":"https:\/\/www.tucantex.com\/?post_type=product&#038;p=9656"},"modified":"2020-12-04T11:09:11","modified_gmt":"2020-12-04T11:09:11","slug":"wolldecken","status":"publish","type":"product","link":"https:\/\/www.tucantex.com\/de\/producto\/wolldecken\/","title":{"rendered":"WOLLDECKEN"},"content":{"rendered":"<pre class=\"tw-data-text tw-text-large XcVN5d tw-ta\" dir=\"ltr\" data-placeholder=\"Traducci\u00f3n\"><span lang=\"de\"><img decoding=\"async\" class=\"alignnone size-full wp-image-8245\" src=\"https:\/\/www.tucantex.com\/wp-content\/uploads\/2020\/09\/OEKO-TEX.png\" alt=\"\" width=\"300\" height=\"137\" \/>\r\nWolldecken aus 90% Wolle, 10% Polyester mit sehr hoher Krempe.\r\nBest\u00e4ndig und mit 350 g \/ m2.\r\nWir haben eine Vielzahl von Farben, um sch\u00f6ne Spiele f\u00fcr Ihr Bett zu erstellen.<\/span><\/pre>\n<div class=\"jhH5U\">\n<div id=\"tw-ob\" class=\"tw-src-ltr\">\n<div class=\"oSioSc\">\n<div id=\"tw-target\">\n<div id=\"kAz1tf\" class=\"g9WsWb\">\n<div id=\"tw-target-text-container\" class=\"tw-ta-container hide-focus-ring tw-nfl\" tabindex=\"0\">\n<pre id=\"tw-target-text\" class=\"tw-data-text tw-text-large XcVN5d tw-ta\" dir=\"ltr\" data-placeholder=\"Traducci\u00f3n\"><span lang=\"de\"><strong>MATERIAL<\/strong>\r\n90% Baumwolle - 10% Polyester\r\n\r\n<strong>PFLEGE<\/strong>\r\nMax temp. Waschen bei 30\u00ba, l\u00e4sst kein Bleichen zu, l\u00e4sst kein B\u00fcgeln zu. Chemisch reinigen, nicht im Trockner trocknen (trocken h\u00e4ngen).<\/span><\/pre>\n<\/div>\n<div id=\"tw-target-rmn-container\" class=\"tw-ta-container hide-focus-ring tw-nfl\">\n<pre id=\"tw-target-rmn\" class=\"tw-data-placeholder tw-text-small tw-ta\" dir=\"ltr\" data-placeholder=\"\"><\/pre>\n<\/div>\n<div class=\"iYB33c\">\n<div class=\"dlJLJe\">\n<div data-cviv=\"true\" data-ved=\"2ahUKEwjqmoeP8LHtAhUOecAKHacYA4IQz_AEMAB6BAgBEA8\">\n<div class=\"U9URNb\"><img decoding=\"async\" id=\"dimg_9\" class=\"rISBZc M4dUYb\" src=\"data:image\/png;base64,iVBORw0KGgoAAAANSUhEUgAAABQAAAAUCAQAAAAngNWGAAAA\/0lEQVR4AYXNMSiEcRyA4cfmGHQbCZIipkuxnJgMStlMNmeyD2dwmc8+sZgxYJd9ErIZFHUyYYD7fkr6l4\/rnvmtl7+KitrqV\/fq2Y5eLY3Z9S48eRLe7BmVZ9qhTLhQ0algzZWQOVKSsCF8OjAnwbxDTWFDUhPK\/jMr1H6HE\/IqRky2DyvCefuwItwZzodVoYRiLqMkVCXrwpJ9twZ+sgfDYEFYl8wIWxZ9uFf7zkallxlJh4YrLGsKjZRx7VGHhLqwgFUN45DGdb8MeXGpgB4ABZdeDcpZEY51A+hyLKz4S1W4MQWm3AibWtgWmk6dyISa1pSdyWTOlLXVp0+eL9D\/ZPfBTNanAAAAAElFTkSuQmCC\" alt=\"Icono de Validado por la comunidad\" width=\"16\" height=\"16\" data-atf=\"0\" \/><\/div>\n<\/div>\n<\/div>\n<div id=\"tw-tmenu\" class=\"tw-menu\"><\/div>\n<\/div>\n<\/div>\n<\/div>\n<\/div>\n<\/div>\n<div id=\"tw-images\"><\/div>\n<div class=\"dURPtb\"><\/div>\n<div>\n<div><\/div>\n<\/div>\n<\/div>\n<p>&nbsp;<\/p>\n","protected":false},"excerpt":{"rendered":"<p><img decoding=\"async\" class=\"alignnone size-full wp-image-8245\" src=\"https:\/\/www.tucantex.com\/wp-content\/uploads\/2020\/09\/OEKO-TEX.png\" alt=\"\" width=\"300\" height=\"137\" \/><\/p>\n<p>Wolldecken aus 90% Wolle und 10% Polyester mit sehr hoher Krempe.<\/p>\n<p>Widerstandsf\u00e4hig und mit einem 350gr\/m2.<\/p>\n<p>Wir haben eine Vielzahl von Farben, um sch\u00f6ne Spiele f\u00fcr Ihr Bett zu gestalten.<\/p>\n<p>&nbsp;<\/p>\n<p><strong>MATERIAL<\/strong><\/p>\n<p>90 % Baumwolle &#8211; 10 % Polyester<\/p>\n<p>&nbsp;<\/p>\n<p><strong>PFLEGE<\/strong><\/p>\n<p>Bei maximal 30\u00ba waschen (nicht schleudern), schonend waschen (nicht b\u00fcgeln). Verwenden Sie keine Bleich- oder Waschmittel.<\/p>\n<p>&nbsp;<\/p>\n<p><a href=\"https:\/\/www.tucantex.com\/de\/kontakt\/\"><strong>FORDERN SIE IHREN ANGEBOT<\/strong><\/a><\/p>\n","protected":false},"featured_media":9657,"template":"","meta":{"site-sidebar-layout":"default","site-content-layout":"","ast-site-content-layout":"","site-content-style":"default","site-sidebar-style":"default","ast-global-header-display":"","ast-banner-title-visibility":"","ast-main-header-display":"","ast-hfb-above-header-display":"","ast-hfb-below-header-display":"","ast-hfb-mobile-header-display":"","site-post-title":"","ast-breadcrumbs-content":"","ast-featured-img":"","footer-sml-layout":"","theme-transparent-header-meta":"","adv-header-id-meta":"","stick-header-meta":"","header-above-stick-meta":"","header-main-stick-meta":"","header-below-stick-meta":"","astra-migrate-meta-layouts":"default","ast-page-background-enabled":"default","ast-page-background-meta":{"desktop":{"background-color":"var(--ast-global-color-5)","background-image":"","background-repeat":"repeat","background-position":"center center","background-size":"auto","background-attachment":"scroll","background-type":"","background-media":"","overlay-type":"","overlay-color":"","overlay-opacity":"","overlay-gradient":""},"tablet":{"background-color":"","background-image":"","background-repeat":"repeat","background-position":"center center","background-size":"auto","background-attachment":"scroll","background-type":"","background-media":"","overlay-type":"","overlay-color":"","overlay-opacity":"","overlay-gradient":""},"mobile":{"background-color":"","background-image":"","background-repeat":"repeat","background-position":"center center","background-size":"auto","background-attachment":"scroll","background-type":"","background-media":"","overlay-type":"","overlay-color":"","overlay-opacity":"","overlay-gradient":""}},"ast-content-background-meta":{"desktop":{"background-color":"var(--ast-global-color-4)","background-image":"","background-repeat":"repeat","background-position":"center center","background-size":"auto","background-attachment":"scroll","background-type":"","background-media":"","overlay-type":"","overlay-color":"","overlay-opacity":"","overlay-gradient":""},"tablet":{"background-color":"var(--ast-global-color-4)","background-image":"","background-repeat":"repeat","background-position":"center center","background-size":"auto","background-attachment":"scroll","background-type":"","background-media":"","overlay-type":"","overlay-color":"","overlay-opacity":"","overlay-gradient":""},"mobile":{"background-color":"var(--ast-global-color-4)","background-image":"","background-repeat":"repeat","background-position":"center center","background-size":"auto","background-attachment":"scroll","background-type":"","background-media":"","overlay-type":"","overlay-color":"","overlay-opacity":"","overlay-gradient":""}}},"product_brand":[],"product_cat":[856,577,578,576],"product_tag":[],"class_list":{"0":"post-9656","1":"product","2":"type-product","3":"status-publish","4":"has-post-thumbnail","6":"product_cat-decken","7":"product_cat-hotels-de","8":"product_cat-krankenhauser-residenzen","9":"product_cat-spa-wellness-de","10":"desktop-align-left","11":"tablet-align-left","12":"mobile-align-left","14":"first","15":"instock","16":"taxable","17":"shipping-taxable","18":"purchasable","19":"product-type-variable"},"yoast_head":"<!-- This site is optimized with the Yoast SEO plugin v24.6 - https:\/\/yoast.com\/wordpress\/plugins\/seo\/ -->\n<title>WOLLDECKEN -<\/title>\n<meta name=\"robots\" content=\"index, follow, max-snippet:-1, max-image-preview:large, max-video-preview:-1\" \/>\n<link rel=\"canonical\" href=\"https:\/\/www.tucantex.com\/de\/producto\/wolldecken\/\" \/>\n<meta property=\"og:locale\" content=\"de_DE\" \/>\n<meta property=\"og:type\" content=\"article\" \/>\n<meta property=\"og:title\" content=\"WOLLDECKEN -\" \/>\n<meta property=\"og:description\" content=\"Wolldecken aus 90% Wolle und 10% Polyester mit sehr hoher Krempe.  Widerstandsf\u00e4hig und mit einem 350gr\/m2.  Wir haben eine Vielzahl von Farben, um sch\u00f6ne Spiele f\u00fcr Ihr Bett zu gestalten.  &nbsp;  MATERIAL  90 % Baumwolle - 10 % Polyester  &nbsp;  PFLEGE  Bei maximal 30\u00ba waschen (nicht schleudern), schonend waschen (nicht b\u00fcgeln). Verwenden Sie keine Bleich- oder Waschmittel.  &nbsp;  FORDERN SIE IHREN ANGEBOT\" \/>\n<meta property=\"og:url\" content=\"https:\/\/www.tucantex.com\/de\/producto\/wolldecken\/\" \/>\n<meta property=\"article:modified_time\" content=\"2020-12-04T11:09:11+00:00\" \/>\n<meta property=\"og:image\" content=\"https:\/\/www.tucantex.com\/wp-content\/uploads\/2020\/08\/mantas-lana-1.jpg\" \/>\n\t<meta property=\"og:image:width\" content=\"1100\" \/>\n\t<meta property=\"og:image:height\" content=\"733\" \/>\n\t<meta property=\"og:image:type\" content=\"image\/jpeg\" \/>\n<meta name=\"twitter:card\" content=\"summary_large_image\" \/>\n<script type=\"application\/ld+json\" class=\"yoast-schema-graph\">{\"@context\":\"https:\/\/schema.org\",\"@graph\":[{\"@type\":\"WebPage\",\"@id\":\"https:\/\/www.tucantex.com\/de\/producto\/wolldecken\/\",\"url\":\"https:\/\/www.tucantex.com\/de\/producto\/wolldecken\/\",\"name\":\"WOLLDECKEN -\",\"isPartOf\":{\"@id\":\"https:\/\/www.tucantex.com\/de\/#website\"},\"primaryImageOfPage\":{\"@id\":\"https:\/\/www.tucantex.com\/de\/producto\/wolldecken\/#primaryimage\"},\"image\":{\"@id\":\"https:\/\/www.tucantex.com\/de\/producto\/wolldecken\/#primaryimage\"},\"thumbnailUrl\":\"https:\/\/www.tucantex.com\/wp-content\/uploads\/2020\/08\/mantas-lana-1.jpg\",\"datePublished\":\"2020-11-06T14:59:25+00:00\",\"dateModified\":\"2020-12-04T11:09:11+00:00\",\"breadcrumb\":{\"@id\":\"https:\/\/www.tucantex.com\/de\/producto\/wolldecken\/#breadcrumb\"},\"inLanguage\":\"de\",\"potentialAction\":[{\"@type\":\"ReadAction\",\"target\":[\"https:\/\/www.tucantex.com\/de\/producto\/wolldecken\/\"]}]},{\"@type\":\"ImageObject\",\"inLanguage\":\"de\",\"@id\":\"https:\/\/www.tucantex.com\/de\/producto\/wolldecken\/#primaryimage\",\"url\":\"https:\/\/www.tucantex.com\/wp-content\/uploads\/2020\/08\/mantas-lana-1.jpg\",\"contentUrl\":\"https:\/\/www.tucantex.com\/wp-content\/uploads\/2020\/08\/mantas-lana-1.jpg\",\"width\":1100,\"height\":733},{\"@type\":\"BreadcrumbList\",\"@id\":\"https:\/\/www.tucantex.com\/de\/producto\/wolldecken\/#breadcrumb\",\"itemListElement\":[{\"@type\":\"ListItem\",\"position\":1,\"name\":\"Portada\",\"item\":\"https:\/\/www.tucantex.com\/de\/\"},{\"@type\":\"ListItem\",\"position\":2,\"name\":\"Produkte\",\"item\":\"https:\/\/www.tucantex.com\/de\/shop\/\"},{\"@type\":\"ListItem\",\"position\":3,\"name\":\"WOLLDECKEN\"}]},{\"@type\":\"WebSite\",\"@id\":\"https:\/\/www.tucantex.com\/de\/#website\",\"url\":\"https:\/\/www.tucantex.com\/de\/\",\"name\":\"\",\"description\":\"Tejidos inteligentes\",\"potentialAction\":[{\"@type\":\"SearchAction\",\"target\":{\"@type\":\"EntryPoint\",\"urlTemplate\":\"https:\/\/www.tucantex.com\/de\/?s={search_term_string}\"},\"query-input\":{\"@type\":\"PropertyValueSpecification\",\"valueRequired\":true,\"valueName\":\"search_term_string\"}}],\"inLanguage\":\"de\"}]}<\/script>\n<!-- \/ Yoast SEO plugin. -->","yoast_head_json":{"title":"WOLLDECKEN -","robots":{"index":"index","follow":"follow","max-snippet":"max-snippet:-1","max-image-preview":"max-image-preview:large","max-video-preview":"max-video-preview:-1"},"canonical":"https:\/\/www.tucantex.com\/de\/producto\/wolldecken\/","og_locale":"de_DE","og_type":"article","og_title":"WOLLDECKEN -","og_description":"Wolldecken aus 90% Wolle und 10% Polyester mit sehr hoher Krempe.  Widerstandsf\u00e4hig und mit einem 350gr\/m2.  Wir haben eine Vielzahl von Farben, um sch\u00f6ne Spiele f\u00fcr Ihr Bett zu gestalten.  &nbsp;  MATERIAL  90 % Baumwolle - 10 % Polyester  &nbsp;  PFLEGE  Bei maximal 30\u00ba waschen (nicht schleudern), schonend waschen (nicht b\u00fcgeln). Verwenden Sie keine Bleich- oder Waschmittel.  &nbsp;  FORDERN SIE IHREN ANGEBOT","og_url":"https:\/\/www.tucantex.com\/de\/producto\/wolldecken\/","article_modified_time":"2020-12-04T11:09:11+00:00","og_image":[{"width":1100,"height":733,"url":"https:\/\/www.tucantex.com\/wp-content\/uploads\/2020\/08\/mantas-lana-1.jpg","type":"image\/jpeg"}],"twitter_card":"summary_large_image","schema":{"@context":"https:\/\/schema.org","@graph":[{"@type":"WebPage","@id":"https:\/\/www.tucantex.com\/de\/producto\/wolldecken\/","url":"https:\/\/www.tucantex.com\/de\/producto\/wolldecken\/","name":"WOLLDECKEN -","isPartOf":{"@id":"https:\/\/www.tucantex.com\/de\/#website"},"primaryImageOfPage":{"@id":"https:\/\/www.tucantex.com\/de\/producto\/wolldecken\/#primaryimage"},"image":{"@id":"https:\/\/www.tucantex.com\/de\/producto\/wolldecken\/#primaryimage"},"thumbnailUrl":"https:\/\/www.tucantex.com\/wp-content\/uploads\/2020\/08\/mantas-lana-1.jpg","datePublished":"2020-11-06T14:59:25+00:00","dateModified":"2020-12-04T11:09:11+00:00","breadcrumb":{"@id":"https:\/\/www.tucantex.com\/de\/producto\/wolldecken\/#breadcrumb"},"inLanguage":"de","potentialAction":[{"@type":"ReadAction","target":["https:\/\/www.tucantex.com\/de\/producto\/wolldecken\/"]}]},{"@type":"ImageObject","inLanguage":"de","@id":"https:\/\/www.tucantex.com\/de\/producto\/wolldecken\/#primaryimage","url":"https:\/\/www.tucantex.com\/wp-content\/uploads\/2020\/08\/mantas-lana-1.jpg","contentUrl":"https:\/\/www.tucantex.com\/wp-content\/uploads\/2020\/08\/mantas-lana-1.jpg","width":1100,"height":733},{"@type":"BreadcrumbList","@id":"https:\/\/www.tucantex.com\/de\/producto\/wolldecken\/#breadcrumb","itemListElement":[{"@type":"ListItem","position":1,"name":"Portada","item":"https:\/\/www.tucantex.com\/de\/"},{"@type":"ListItem","position":2,"name":"Produkte","item":"https:\/\/www.tucantex.com\/de\/shop\/"},{"@type":"ListItem","position":3,"name":"WOLLDECKEN"}]},{"@type":"WebSite","@id":"https:\/\/www.tucantex.com\/de\/#website","url":"https:\/\/www.tucantex.com\/de\/","name":"","description":"Tejidos inteligentes","potentialAction":[{"@type":"SearchAction","target":{"@type":"EntryPoint","urlTemplate":"https:\/\/www.tucantex.com\/de\/?s={search_term_string}"},"query-input":{"@type":"PropertyValueSpecification","valueRequired":true,"valueName":"search_term_string"}}],"inLanguage":"de"}]}},"_links":{"self":[{"href":"https:\/\/www.tucantex.com\/de\/wp-json\/wp\/v2\/product\/9656","targetHints":{"allow":["GET"]}}],"collection":[{"href":"https:\/\/www.tucantex.com\/de\/wp-json\/wp\/v2\/product"}],"about":[{"href":"https:\/\/www.tucantex.com\/de\/wp-json\/wp\/v2\/types\/product"}],"version-history":[{"count":1,"href":"https:\/\/www.tucantex.com\/de\/wp-json\/wp\/v2\/product\/9656\/revisions"}],"predecessor-version":[{"id":10496,"href":"https:\/\/www.tucantex.com\/de\/wp-json\/wp\/v2\/product\/9656\/revisions\/10496"}],"wp:featuredmedia":[{"embeddable":true,"href":"https:\/\/www.tucantex.com\/de\/wp-json\/wp\/v2\/media\/9657"}],"wp:attachment":[{"href":"https:\/\/www.tucantex.com\/de\/wp-json\/wp\/v2\/media?parent=9656"}],"wp:term":[{"taxonomy":"product_brand","embeddable":true,"href":"https:\/\/www.tucantex.com\/de\/wp-json\/wp\/v2\/product_brand?post=9656"},{"taxonomy":"product_cat","embeddable":true,"href":"https:\/\/www.tucantex.com\/de\/wp-json\/wp\/v2\/product_cat?post=9656"},{"taxonomy":"product_tag","embeddable":true,"href":"https:\/\/www.tucantex.com\/de\/wp-json\/wp\/v2\/product_tag?post=9656"}],"curies":[{"name":"wp","href":"https:\/\/api.w.org\/{rel}","templated":true}]}}