{"id":12633,"date":"2021-04-10T21:38:31","date_gmt":"2021-04-10T21:38:31","guid":{"rendered":"https:\/\/www.tucantex.com\/personalized-children\/"},"modified":"2023-04-25T20:57:53","modified_gmt":"2023-04-25T20:57:53","slug":"personalized-children","status":"publish","type":"page","link":"https:\/\/www.tucantex.com\/en\/personalized-children\/","title":{"rendered":"Personalized children"},"content":{"rendered":"<p>[vc_row][vc_column][vc_separator color=&#8221;custom&#8221; border_width=&#8221;2&#8243; el_width=&#8221;60&#8243; accent_color=&#8221;#d6b981&#8243; css=&#8221;.vc_custom_1617128545463{padding-top: 40px !important;}&#8221;][\/vc_column][\/vc_row][vc_row][vc_column][vc_column_text css=&#8221;.vc_custom_1617181652110{margin-right: 100px !important;margin-bottom: 100px !important;margin-left: 100px !important;padding-top: 60px !important;}&#8221;]<\/p>\n<p style=\"text-align: justify;\"><span style=\"font-size: 14.0pt;\">In Tucantex, we offer a wide variety of personalized children&#8217;s products with your own design or embroidered with name. Among them we have ponchos, bibs, bathrobes or hooded towels. The fabrics are high quality, soft and sustainable.<\/span><\/p>\n<p>[\/vc_column_text][\/vc_column][\/vc_row][vc_row row_content_width=&#8221;grid&#8221; css=&#8221;.vc_custom_1586389618271{padding-top: 70px !important;padding-bottom: 20px !important;}&#8221;][vc_column offset=&#8221;vc_hidden-lg vc_hidden-md vc_hidden-sm vc_hidden-xs&#8221;][mkdf_elements_holder holder_full_height=&#8221;no&#8221; number_of_columns=&#8221;one-column&#8221; switch_to_one_column=&#8221;&#8221; alignment_one_column=&#8221;&#8221;][mkdf_elements_holder_item horizontal_alignment=&#8221;center&#8221; item_padding=&#8221;0px 24% 78px&#8221; item_padding_1280_1600=&#8221;0px 20% 78px&#8221; item_padding_1024_1280=&#8221;0px 18% 78px&#8221; item_padding_768_1024=&#8221;0px 5% 78px&#8221; item_padding_680_768=&#8221;0px 0 78px&#8221; item_padding_680=&#8221;0px 0 78px&#8221;][vc_column_text]Albornoces personalizables con un logotipo, anagrama o texto. Mayorista de albornoces con personalizaci\u00f3n con su logo.<\/p>\n<p>Disponemos de una alta gama de albornoces de tallas S,M,L,XL,XXL. El albornoz personalizable puedes ser tipo Smoking o Kimono, sin cuello. Tenemos una variedad de colores a elegir o lo personalizamos con el tono pantone que se desee. Producimos diferentes tipos de calidades desde 100% Algod\u00f3n, MicroAlgod\u00f3n, Microfibra o Aerocore.<\/p>\n<p>\u00bfQu\u00e9 es Aerocore? Es un proceso de hilado, en la que el hilo PVA se inserta durante el proceso de producci\u00f3n. A trav\u00e9s de la etapa del lavado, el PVA se disuelve para crear un hilo con n\u00facleo hueco, que permite que el aire fluya entre los hilos, lo que da lugar a un pelo m\u00e1s grueso y esponjoso. Este hilo oxigenado, crea un tacto fino y elimina el agua mucho m\u00e1s r\u00e1pido.[\/vc_column_text][\/mkdf_elements_holder_item][\/mkdf_elements_holder][\/vc_column][\/vc_row][vc_row css=&#8221;.vc_custom_1617273086424{margin-top: -60px !important;margin-bottom: 30px !important;}&#8221;][vc_column width=&#8221;1\/2&#8243;][vc_column_text]<\/p>\n<h3 style=\"text-align: center;\">BABY BIB<\/h3>\n<p>[\/vc_column_text][vc_empty_space height=&#8221;40px&#8221;][vc_single_image image=&#8221;12386&#8243; img_size=&#8221;full&#8221; alignment=&#8221;center&#8221;][vc_empty_space height=&#8221;40px&#8221;][vc_single_image image=&#8221;12447&#8243; img_size=&#8221;full&#8221; alignment=&#8221;center&#8221;][vc_empty_space height=&#8221;40px&#8221;][vc_column_text css=&#8221;.vc_custom_1617188675871{padding-right: 40px !important;padding-left: 40px !important;}&#8221;]<\/p>\n<p style=\"text-align: justify;\">Baby bib, with velcro closure on the neck for your brand or as a gift. Possibility to customize your design, your logo or lettering.<\/p>\n<ul>\n<li style=\"text-align: left;\">Size Unisex<\/li>\n<li style=\"text-align: left;\">Composition Microfiber front, Cotton back.<\/li>\n<\/ul>\n<p>[\/vc_column_text][\/vc_column][vc_column width=&#8221;1\/2&#8243;][vc_column_text]<\/p>\n<h3 style=\"text-align: center;\">HOOD TOWEL<\/h3>\n<p>[\/vc_column_text][vc_empty_space height=&#8221;40px&#8221;][vc_single_image image=&#8221;12397&#8243; img_size=&#8221;full&#8221; alignment=&#8221;center&#8221;][vc_empty_space height=&#8221;40px&#8221;][vc_single_image image=&#8221;12444&#8243; img_size=&#8221;full&#8221; alignment=&#8221;center&#8221;][vc_empty_space height=&#8221;40px&#8221;][vc_column_text css=&#8221;.vc_custom_1617188686377{padding-right: 40px !important;padding-left: 40px !important;}&#8221;]<\/p>\n<p style=\"text-align: justify;\">Square towel with a hood sewn on one corner to cover the baby&#8217;s head. Printed on the hood. Ideal for wrapping the baby after the bath.<\/p>\n<ul>\n<li style=\"text-align: left;\">Size 80&#215;80 Cms<\/li>\n<li style=\"text-align: left;\">Composition 100% cotton hood towel<\/li>\n<li style=\"text-align: left;\">Quality 340 gr.\/m2<\/li>\n<\/ul>\n<p>[\/vc_column_text][\/vc_column][\/vc_row][vc_row css=&#8221;.vc_custom_1682456202194{margin-top: 60px !important;margin-bottom: 60px !important;}&#8221;][vc_column width=&#8221;1\/2&#8243;][vc_single_image image=&#8221;17709&#8243; img_size=&#8221;full&#8221; alignment=&#8221;center&#8221; onclick=&#8221;custom_link&#8221; link=&#8221;https:\/\/tucantex.ac-page.com\/ninos&#8221;][\/vc_column][vc_column width=&#8221;1\/2&#8243;][vc_single_image image=&#8221;17725&#8243; img_size=&#8221;full&#8221; alignment=&#8221;center&#8221; onclick=&#8221;custom_link&#8221; link=&#8221;https:\/\/tucantex.ac-page.com\/ninos&#8221;][\/vc_column][\/vc_row][vc_row css=&#8221;.vc_custom_1604963362226{margin-top: -60px !important;margin-bottom: 30px !important;padding-top: 60px !important;}&#8221;][vc_column width=&#8221;1\/2&#8243;][vc_column_text]<\/p>\n<h3 style=\"text-align: center;\">PONCHO<\/h3>\n<p>[\/vc_column_text][vc_empty_space height=&#8221;40px&#8221;][vc_single_image image=&#8221;12392&#8243; img_size=&#8221;full&#8221; alignment=&#8221;center&#8221;][vc_empty_space height=&#8221;40px&#8221;][vc_single_image image=&#8221;12450&#8243; img_size=&#8221;full&#8221; alignment=&#8221;center&#8221;][vc_empty_space height=&#8221;40px&#8221;][vc_column_text css=&#8221;.vc_custom_1617193249618{padding-right: 40px !important;padding-left: 40px !important;}&#8221;]<\/p>\n<p style=\"text-align: justify;\">Personalized children&#8217;s poncho to use during bath time, beach, swimming pool, etc. They are comfortable and practical with a high absorption. Possibility of printing on the whole surface with design or embroidering letters or drawings. Minimum order 150 pcs.<\/p>\n<ul>\n<li style=\"text-align: justify;\">Quality 400 gr.\/m2<\/li>\n<li style=\"text-align: justify;\">Size\u00a0 60&#215;120 cms<\/li>\n<li style=\"text-align: justify;\">Composition Microfiber front part and 100% reversible cotton<\/li>\n<\/ul>\n<p>[\/vc_column_text][\/vc_column][vc_column width=&#8221;1\/2&#8243;][vc_column_text]<\/p>\n<h3 style=\"text-align: center;\">BATHROBE<\/h3>\n<p>[\/vc_column_text][vc_empty_space height=&#8221;40px&#8221;][vc_single_image image=&#8221;12389&#8243; img_size=&#8221;full&#8221; alignment=&#8221;center&#8221;][vc_empty_space height=&#8221;40px&#8221;][vc_single_image image=&#8221;12453&#8243; img_size=&#8221;full&#8221; alignment=&#8221;center&#8221;][vc_empty_space height=&#8221;40px&#8221;][vc_column_text css=&#8221;.vc_custom_1617188836330{padding-right: 40px !important;padding-left: 40px !important;}&#8221;]<\/p>\n<p style=\"text-align: justify;\">Customizable bathrobes with own design on the entire surface of the bathrobe with sublimation technique.<\/p>\n<ul>\n<li style=\"text-align: left;\">Quality 400 gr.\/m2<\/li>\n<li style=\"text-align: left;\">Sizes 2-4\/4-6\/6-8\/8-10\/10-12 years old<\/li>\n<li style=\"text-align: left;\">Composition Microfiber front and 100% reversible cotton<\/li>\n<\/ul>\n<p>[\/vc_column_text][\/vc_column][\/vc_row][vc_row css=&#8221;.vc_custom_1682456202194{margin-top: 60px !important;margin-bottom: 60px !important;}&#8221;][vc_column width=&#8221;1\/2&#8243;][vc_single_image image=&#8221;17709&#8243; img_size=&#8221;full&#8221; alignment=&#8221;center&#8221; onclick=&#8221;custom_link&#8221; link=&#8221;https:\/\/tucantex.ac-page.com\/ninos&#8221;][\/vc_column][vc_column width=&#8221;1\/2&#8243;][vc_single_image image=&#8221;17725&#8243; img_size=&#8221;full&#8221; alignment=&#8221;center&#8221; onclick=&#8221;custom_link&#8221; link=&#8221;https:\/\/tucantex.ac-page.com\/ninos&#8221;][\/vc_column][\/vc_row][vc_row row_content_width=&#8221;grid&#8221; css=&#8221;.vc_custom_1586389454900{padding-top: 0px !important;padding-bottom: 80px !important;}&#8221;][vc_column][mkdf_elements_holder holder_full_height=&#8221;no&#8221; number_of_columns=&#8221;one-column&#8221; switch_to_one_column=&#8221;&#8221; alignment_one_column=&#8221;&#8221;][mkdf_elements_holder_item horizontal_alignment=&#8221;center&#8221; item_padding=&#8221;0px 24% 78px&#8221; item_padding_1280_1600=&#8221;0px 20% 78px&#8221; item_padding_1024_1280=&#8221;0px 18% 78px&#8221; item_padding_768_1024=&#8221;0px 5% 78px&#8221; item_padding_680_768=&#8221;0px 0 78px&#8221; item_padding_680=&#8221;0px 0 78px&#8221;][vc_separator color=&#8221;custom&#8221; el_width=&#8221;50&#8243; accent_color=&#8221;#cba65a&#8221; css=&#8221;.vc_custom_1586388973200{margin-top: 30px !important;margin-bottom: 60px !important;}&#8221;][mkdf_section_title type=&#8221;standard&#8221; position=&#8221;center&#8221; separator=&#8221;no&#8221; title_tag=&#8221;&#8221; disable_break_words=&#8221;no&#8221; image=&#8221;88&#8243; title=&#8221;Request your budget&#8221;][vc_empty_space height=&#8221;45px&#8221;]\n<div class=\"wpcf7 no-js\" id=\"wpcf7-f4474-o1\" lang=\"en-US\" dir=\"ltr\" data-wpcf7-id=\"4474\">\n<div class=\"screen-reader-response\"><p role=\"status\" aria-live=\"polite\" aria-atomic=\"true\"><\/p> <ul><\/ul><\/div>\n<form action=\"\/en\/wp-json\/wp\/v2\/pages\/12633#wpcf7-f4474-o1\" method=\"post\" class=\"wpcf7-form init\" aria-label=\"Contact form\" novalidate=\"novalidate\" data-status=\"init\">\n<div style=\"display: none;\">\n<input type=\"hidden\" name=\"_wpcf7\" value=\"4474\" \/>\n<input type=\"hidden\" name=\"_wpcf7_version\" value=\"6.0.5\" \/>\n<input type=\"hidden\" name=\"_wpcf7_locale\" value=\"en_US\" \/>\n<input type=\"hidden\" name=\"_wpcf7_unit_tag\" value=\"wpcf7-f4474-o1\" \/>\n<input type=\"hidden\" name=\"_wpcf7_container_post\" value=\"0\" \/>\n<input type=\"hidden\" name=\"_wpcf7_posted_data_hash\" value=\"\" \/>\n<\/div>\n<p><span class=\"wpcf7-form-control-wrap\" data-name=\"your-name\"><input size=\"40\" maxlength=\"400\" class=\"wpcf7-form-control wpcf7-text wpcf7-validates-as-required\" aria-required=\"true\" aria-invalid=\"false\" placeholder=\"Name*\" value=\"\" type=\"text\" name=\"your-name\" \/><\/span>\n<\/p>\n<p><span class=\"wpcf7-form-control-wrap\" data-name=\"your-email\"><input size=\"40\" maxlength=\"400\" class=\"wpcf7-form-control wpcf7-email wpcf7-validates-as-required wpcf7-text wpcf7-validates-as-email\" aria-required=\"true\" aria-invalid=\"false\" placeholder=\"E-mail*\" value=\"\" type=\"email\" name=\"your-email\" \/><\/span>\n<\/p>\n<p><span class=\"wpcf7-form-control-wrap\" data-name=\"tel-843\"><input size=\"40\" maxlength=\"400\" class=\"wpcf7-form-control wpcf7-tel wpcf7-validates-as-required wpcf7-text wpcf7-validates-as-tel\" aria-required=\"true\" aria-invalid=\"false\" placeholder=\"Phone*\" value=\"\" type=\"tel\" name=\"tel-843\" \/><\/span>\n<\/p>\n<p><span class=\"wpcf7-form-control-wrap\" data-name=\"your-empresa\"><input size=\"40\" maxlength=\"400\" class=\"wpcf7-form-control wpcf7-text\" aria-invalid=\"false\" value=\"Company name\" type=\"text\" name=\"your-empresa\" \/><\/span>\n<\/p>\n<p><span class=\"wpcf7-form-control-wrap\" data-name=\"your-sector\"><input size=\"40\" maxlength=\"400\" class=\"wpcf7-form-control wpcf7-text\" aria-invalid=\"false\" value=\"Sector\" type=\"text\" name=\"your-sector\" \/><\/span>\n<\/p>\n<p><span class=\"wpcf7-form-control-wrap\" data-name=\"your-message\"><textarea cols=\"40\" rows=\"10\" maxlength=\"2000\" class=\"wpcf7-form-control wpcf7-textarea\" aria-invalid=\"false\" placeholder=\"Message\" name=\"your-message\"><\/textarea><\/span>\n<\/p>\n<div class=\"mkdf-contact-form-submit\" style=\"margin: 5px 0 0 3px\">\n\t<p><input class=\"wpcf7-form-control wpcf7-submit has-spinner\" type=\"submit\" value=\"Send\" \/><br \/>\n<span class=\"mkdf-btn-borders-holder\"><\/span>\n\t<\/p>\n<\/div><p style=\"display: none !important;\" class=\"akismet-fields-container\" data-prefix=\"_wpcf7_ak_\"><label>&#916;<textarea name=\"_wpcf7_ak_hp_textarea\" cols=\"45\" rows=\"8\" maxlength=\"100\"><\/textarea><\/label><input type=\"hidden\" id=\"ak_js_1\" name=\"_wpcf7_ak_js\" value=\"210\"\/><script>document.getElementById( \"ak_js_1\" ).setAttribute( \"value\", ( new Date() ).getTime() );<\/script><\/p><div class=\"wpcf7-response-output\" aria-hidden=\"true\"><\/div>\n<\/form>\n<\/div>\n[\/mkdf_elements_holder_item][\/mkdf_elements_holder][\/vc_column][\/vc_row]<\/p>\n","protected":false},"excerpt":{"rendered":"<p>[vc_row][vc_column][vc_separator color=&#8221;custom&#8221; border_width=&#8221;2&#8243; el_width=&#8221;60&#8243; accent_color=&#8221;#d6b981&#8243; css=&#8221;.vc_custom_1617128545463{padding-top: 40px !important;}&#8221;][\/vc_column][\/vc_row][vc_row][vc_column][vc_column_text css=&#8221;.vc_custom_1617181652110{margin-right: 100px !important;margin-bottom: 100px !important;margin-left: 100px !important;padding-top: 60px !important;}&#8221;] In Tucantex, we [&hellip;]<\/p>\n","protected":false},"author":2,"featured_media":0,"parent":0,"menu_order":0,"comment_status":"closed","ping_status":"closed","template":"","meta":{"site-sidebar-layout":"default","site-content-layout":"","ast-site-content-layout":"","site-content-style":"default","site-sidebar-style":"default","ast-global-header-display":"","ast-banner-title-visibility":"","ast-main-header-display":"","ast-hfb-above-header-display":"","ast-hfb-below-header-display":"","ast-hfb-mobile-header-display":"","site-post-title":"","ast-breadcrumbs-content":"","ast-featured-img":"","footer-sml-layout":"","theme-transparent-header-meta":"","adv-header-id-meta":"","stick-header-meta":"","header-above-stick-meta":"","header-main-stick-meta":"","header-below-stick-meta":"","astra-migrate-meta-layouts":"default","ast-page-background-enabled":"default","ast-page-background-meta":{"desktop":{"background-color":"var(--ast-global-color-5)","background-image":"","background-repeat":"repeat","background-position":"center center","background-size":"auto","background-attachment":"scroll","background-type":"","background-media":"","overlay-type":"","overlay-color":"","overlay-opacity":"","overlay-gradient":""},"tablet":{"background-color":"","background-image":"","background-repeat":"repeat","background-position":"center center","background-size":"auto","background-attachment":"scroll","background-type":"","background-media":"","overlay-type":"","overlay-color":"","overlay-opacity":"","overlay-gradient":""},"mobile":{"background-color":"","background-image":"","background-repeat":"repeat","background-position":"center center","background-size":"auto","background-attachment":"scroll","background-type":"","background-media":"","overlay-type":"","overlay-color":"","overlay-opacity":"","overlay-gradient":""}},"ast-content-background-meta":{"desktop":{"background-color":"var(--ast-global-color-4)","background-image":"","background-repeat":"repeat","background-position":"center center","background-size":"auto","background-attachment":"scroll","background-type":"","background-media":"","overlay-type":"","overlay-color":"","overlay-opacity":"","overlay-gradient":""},"tablet":{"background-color":"var(--ast-global-color-4)","background-image":"","background-repeat":"repeat","background-position":"center center","background-size":"auto","background-attachment":"scroll","background-type":"","background-media":"","overlay-type":"","overlay-color":"","overlay-opacity":"","overlay-gradient":""},"mobile":{"background-color":"var(--ast-global-color-4)","background-image":"","background-repeat":"repeat","background-position":"center center","background-size":"auto","background-attachment":"scroll","background-type":"","background-media":"","overlay-type":"","overlay-color":"","overlay-opacity":"","overlay-gradient":""}},"footnotes":""},"class_list":["post-12633","page","type-page","status-publish","hentry"],"yoast_head":"<!-- This site is optimized with the Yoast SEO plugin v24.6 - https:\/\/yoast.com\/wordpress\/plugins\/seo\/ -->\n<title>Personalized Children&#039;s Textile Products | Tucantex<\/title>\n<meta name=\"description\" content=\"At Tucantex we offer a wide variety of Personalized Children&#039;s Products with your own Design. High Quality, soft and Sustainable fabrics\" \/>\n<meta name=\"robots\" content=\"index, follow, max-snippet:-1, max-image-preview:large, max-video-preview:-1\" \/>\n<link rel=\"canonical\" href=\"https:\/\/www.tucantex.com\/en\/personalized-children\/\" \/>\n<meta property=\"og:locale\" content=\"en_US\" \/>\n<meta property=\"og:type\" content=\"article\" \/>\n<meta property=\"og:title\" content=\"Personalized Children&#039;s Textile Products | Tucantex\" \/>\n<meta property=\"og:description\" content=\"At Tucantex we offer a wide variety of Personalized Children&#039;s Products with your own Design. High Quality, soft and Sustainable fabrics\" \/>\n<meta property=\"og:url\" content=\"https:\/\/www.tucantex.com\/en\/personalized-children\/\" \/>\n<meta property=\"og:site_name\" content=\"Tucantex\" \/>\n<meta property=\"article:modified_time\" content=\"2023-04-25T20:57:53+00:00\" \/>\n<meta name=\"twitter:card\" content=\"summary_large_image\" \/>\n<meta name=\"twitter:label1\" content=\"Est. reading time\" \/>\n\t<meta name=\"twitter:data1\" content=\"3 minutes\" \/>\n<script type=\"application\/ld+json\" class=\"yoast-schema-graph\">{\"@context\":\"https:\/\/schema.org\",\"@graph\":[{\"@type\":\"WebPage\",\"@id\":\"https:\/\/www.tucantex.com\/en\/personalized-children\/\",\"url\":\"https:\/\/www.tucantex.com\/en\/personalized-children\/\",\"name\":\"Personalized Children's Textile Products | Tucantex\",\"isPartOf\":{\"@id\":\"https:\/\/www.tucantex.com\/en\/#website\"},\"datePublished\":\"2021-04-10T21:38:31+00:00\",\"dateModified\":\"2023-04-25T20:57:53+00:00\",\"description\":\"At Tucantex we offer a wide variety of Personalized Children's Products with your own Design. High Quality, soft and Sustainable fabrics\",\"breadcrumb\":{\"@id\":\"https:\/\/www.tucantex.com\/en\/personalized-children\/#breadcrumb\"},\"inLanguage\":\"en-US\",\"potentialAction\":[{\"@type\":\"ReadAction\",\"target\":[\"https:\/\/www.tucantex.com\/en\/personalized-children\/\"]}]},{\"@type\":\"BreadcrumbList\",\"@id\":\"https:\/\/www.tucantex.com\/en\/personalized-children\/#breadcrumb\",\"itemListElement\":[{\"@type\":\"ListItem\",\"position\":1,\"name\":\"Portada\",\"item\":\"https:\/\/www.tucantex.com\/en\/\"},{\"@type\":\"ListItem\",\"position\":2,\"name\":\"Personalized children\"}]},{\"@type\":\"WebSite\",\"@id\":\"https:\/\/www.tucantex.com\/en\/#website\",\"url\":\"https:\/\/www.tucantex.com\/en\/\",\"name\":\"Tucantex\",\"description\":\"Tejidos inteligentes\",\"publisher\":{\"@id\":\"https:\/\/www.tucantex.com\/en\/#organization\"},\"potentialAction\":[{\"@type\":\"SearchAction\",\"target\":{\"@type\":\"EntryPoint\",\"urlTemplate\":\"https:\/\/www.tucantex.com\/en\/?s={search_term_string}\"},\"query-input\":{\"@type\":\"PropertyValueSpecification\",\"valueRequired\":true,\"valueName\":\"search_term_string\"}}],\"inLanguage\":\"en-US\"},{\"@type\":\"Organization\",\"@id\":\"https:\/\/www.tucantex.com\/en\/#organization\",\"name\":\"Tucantex\",\"url\":\"https:\/\/www.tucantex.com\/en\/\",\"logo\":{\"@type\":\"ImageObject\",\"inLanguage\":\"en-US\",\"@id\":\"https:\/\/www.tucantex.com\/en\/#\/schema\/logo\/image\/\",\"url\":\"https:\/\/www.tucantex.com\/wp-content\/uploads\/2021\/11\/logo-vertical-150.png\",\"contentUrl\":\"https:\/\/www.tucantex.com\/wp-content\/uploads\/2021\/11\/logo-vertical-150.png\",\"width\":162,\"height\":150,\"caption\":\"Tucantex\"},\"image\":{\"@id\":\"https:\/\/www.tucantex.com\/en\/#\/schema\/logo\/image\/\"}}]}<\/script>\n<!-- \/ Yoast SEO plugin. -->","yoast_head_json":{"title":"Personalized Children's Textile Products | Tucantex","description":"At Tucantex we offer a wide variety of Personalized Children's Products with your own Design. High Quality, soft and Sustainable fabrics","robots":{"index":"index","follow":"follow","max-snippet":"max-snippet:-1","max-image-preview":"max-image-preview:large","max-video-preview":"max-video-preview:-1"},"canonical":"https:\/\/www.tucantex.com\/en\/personalized-children\/","og_locale":"en_US","og_type":"article","og_title":"Personalized Children's Textile Products | Tucantex","og_description":"At Tucantex we offer a wide variety of Personalized Children's Products with your own Design. High Quality, soft and Sustainable fabrics","og_url":"https:\/\/www.tucantex.com\/en\/personalized-children\/","og_site_name":"Tucantex","article_modified_time":"2023-04-25T20:57:53+00:00","twitter_card":"summary_large_image","twitter_misc":{"Est. reading time":"3 minutes"},"schema":{"@context":"https:\/\/schema.org","@graph":[{"@type":"WebPage","@id":"https:\/\/www.tucantex.com\/en\/personalized-children\/","url":"https:\/\/www.tucantex.com\/en\/personalized-children\/","name":"Personalized Children's Textile Products | Tucantex","isPartOf":{"@id":"https:\/\/www.tucantex.com\/en\/#website"},"datePublished":"2021-04-10T21:38:31+00:00","dateModified":"2023-04-25T20:57:53+00:00","description":"At Tucantex we offer a wide variety of Personalized Children's Products with your own Design. High Quality, soft and Sustainable fabrics","breadcrumb":{"@id":"https:\/\/www.tucantex.com\/en\/personalized-children\/#breadcrumb"},"inLanguage":"en-US","potentialAction":[{"@type":"ReadAction","target":["https:\/\/www.tucantex.com\/en\/personalized-children\/"]}]},{"@type":"BreadcrumbList","@id":"https:\/\/www.tucantex.com\/en\/personalized-children\/#breadcrumb","itemListElement":[{"@type":"ListItem","position":1,"name":"Portada","item":"https:\/\/www.tucantex.com\/en\/"},{"@type":"ListItem","position":2,"name":"Personalized children"}]},{"@type":"WebSite","@id":"https:\/\/www.tucantex.com\/en\/#website","url":"https:\/\/www.tucantex.com\/en\/","name":"Tucantex","description":"Tejidos inteligentes","publisher":{"@id":"https:\/\/www.tucantex.com\/en\/#organization"},"potentialAction":[{"@type":"SearchAction","target":{"@type":"EntryPoint","urlTemplate":"https:\/\/www.tucantex.com\/en\/?s={search_term_string}"},"query-input":{"@type":"PropertyValueSpecification","valueRequired":true,"valueName":"search_term_string"}}],"inLanguage":"en-US"},{"@type":"Organization","@id":"https:\/\/www.tucantex.com\/en\/#organization","name":"Tucantex","url":"https:\/\/www.tucantex.com\/en\/","logo":{"@type":"ImageObject","inLanguage":"en-US","@id":"https:\/\/www.tucantex.com\/en\/#\/schema\/logo\/image\/","url":"https:\/\/www.tucantex.com\/wp-content\/uploads\/2021\/11\/logo-vertical-150.png","contentUrl":"https:\/\/www.tucantex.com\/wp-content\/uploads\/2021\/11\/logo-vertical-150.png","width":162,"height":150,"caption":"Tucantex"},"image":{"@id":"https:\/\/www.tucantex.com\/en\/#\/schema\/logo\/image\/"}}]}},"_links":{"self":[{"href":"https:\/\/www.tucantex.com\/en\/wp-json\/wp\/v2\/pages\/12633","targetHints":{"allow":["GET"]}}],"collection":[{"href":"https:\/\/www.tucantex.com\/en\/wp-json\/wp\/v2\/pages"}],"about":[{"href":"https:\/\/www.tucantex.com\/en\/wp-json\/wp\/v2\/types\/page"}],"author":[{"embeddable":true,"href":"https:\/\/www.tucantex.com\/en\/wp-json\/wp\/v2\/users\/2"}],"replies":[{"embeddable":true,"href":"https:\/\/www.tucantex.com\/en\/wp-json\/wp\/v2\/comments?post=12633"}],"version-history":[{"count":6,"href":"https:\/\/www.tucantex.com\/en\/wp-json\/wp\/v2\/pages\/12633\/revisions"}],"predecessor-version":[{"id":17743,"href":"https:\/\/www.tucantex.com\/en\/wp-json\/wp\/v2\/pages\/12633\/revisions\/17743"}],"wp:attachment":[{"href":"https:\/\/www.tucantex.com\/en\/wp-json\/wp\/v2\/media?parent=12633"}],"curies":[{"name":"wp","href":"https:\/\/api.w.org\/{rel}","templated":true}]}}